{"id":3058,"date":"2022-03-07T15:46:52","date_gmt":"2022-03-07T15:46:52","guid":{"rendered":"https:\/\/tavapy.gov.py\/biblioteca\/?post_type=product&#038;p=3058"},"modified":"2022-03-25T21:40:14","modified_gmt":"2022-03-25T21:40:14","slug":"allan-poee-la-caida-casa-usher","status":"publish","type":"product","link":"https:\/\/tavapy.gov.py\/biblioteca\/product\/allan-poee-la-caida-casa-usher\/","title":{"rendered":"Allan Poe,E-La Ca\u00edda de la Casa Usher"},"content":{"rendered":"","protected":false},"excerpt":{"rendered":"<p>Un joven caballero es invitado al viejo caser\u00f3n de un amigo de la infancia, Roderick Usher, artista enfermizo y exc\u00e9ntrico que vive completamente recluido en compa\u00f1\u00eda de su hermana, Lady Madeline, tambi\u00e9n delicada de salud. Usher vive preso de una enfermedad indefinible, lo que hace a todos temer por su vida. La que acaba muriendo es su hermana. Sus restos mortales son depositados en una cripta, pero no tardan en producirse terribles acontecimientos que desembocar\u00e1n en un tr\u00e1gico final.<\/p>\n<p><a href=\"https:\/\/tavapy.gov.py\/biblioteca\/wp-content\/uploads\/2022\/03\/Allan-PoeE-La-Caida-Casa-Usher.pdf\" target=\"_blank\" rel=\"noopener\"><img loading=\"lazy\" decoding=\"async\" class=\"size-full wp-image-3059 alignleft\" src=\"https:\/\/tavapy.gov.py\/biblioteca\/wp-content\/uploads\/2022\/03\/icono-PDF-copia.png\" alt=\"\" width=\"121\" height=\"140\" \/><\/a><\/p>\n","protected":false},"featured_media":3061,"comment_status":"open","ping_status":"closed","template":"","meta":{"spay_email":""},"product_cat":[50],"product_tag":[],"class_list":{"0":"post-3058","1":"product","2":"type-product","3":"status-publish","4":"has-post-thumbnail","6":"book_author-edgar-allan-poe","7":"product_cat-cuento","8":"pa_diseno-de-portada-caurina-diseno-grafico","9":"pa_lenguaje-espanol","10":"pa_paginas-54","11":"pa_publicada-53","12":"entry"},"_links":{"self":[{"href":"https:\/\/tavapy.gov.py\/biblioteca\/wp-json\/wp\/v2\/product\/3058","targetHints":{"allow":["GET"]}}],"collection":[{"href":"https:\/\/tavapy.gov.py\/biblioteca\/wp-json\/wp\/v2\/product"}],"about":[{"href":"https:\/\/tavapy.gov.py\/biblioteca\/wp-json\/wp\/v2\/types\/product"}],"replies":[{"embeddable":true,"href":"https:\/\/tavapy.gov.py\/biblioteca\/wp-json\/wp\/v2\/comments?post=3058"}],"wp:featuredmedia":[{"embeddable":true,"href":"https:\/\/tavapy.gov.py\/biblioteca\/wp-json\/wp\/v2\/media\/3061"}],"wp:attachment":[{"href":"https:\/\/tavapy.gov.py\/biblioteca\/wp-json\/wp\/v2\/media?parent=3058"}],"wp:term":[{"taxonomy":"product_cat","embeddable":true,"href":"https:\/\/tavapy.gov.py\/biblioteca\/wp-json\/wp\/v2\/product_cat?post=3058"},{"taxonomy":"product_tag","embeddable":true,"href":"https:\/\/tavapy.gov.py\/biblioteca\/wp-json\/wp\/v2\/product_tag?post=3058"}],"curies":[{"name":"wp","href":"https:\/\/api.w.org\/{rel}","templated":true}]}}