{"id":3066,"date":"2022-03-07T16:08:32","date_gmt":"2022-03-07T16:08:32","guid":{"rendered":"https:\/\/tavapy.gov.py\/biblioteca\/?post_type=product&#038;p=3066"},"modified":"2022-03-07T16:08:33","modified_gmt":"2022-03-07T16:08:33","slug":"el-discurso-del-metodo","status":"publish","type":"product","link":"https:\/\/tavapy.gov.py\/biblioteca\/product\/el-discurso-del-metodo\/","title":{"rendered":"EL DISCURSO DEL M\u00c9TODO"},"content":{"rendered":"","protected":false},"excerpt":{"rendered":"<p>El Discurso, texto eminentemente filos\u00f3fico, escrito por el autor en 1637 marca el punto de ruptura con el mundo conceptual del medievo, dominado por la escol\u00e1stica.<\/p>\n<p>Al mismo tiempo, y junto a su valor fundamental, es tambi\u00e9n una cr\u00f3nica del pensamiento, un libro de memorias, una elaboraci\u00f3n cient\u00edfica en la que el investigador pasa a primer plano, a la primera persona. As\u00ed reconocemos, a la par que la obra que funda los cimientos del mundo moderno, un minucioso retrato de su creador: Ren\u00e9 Descartes.<\/p>\n<p><a href=\"https:\/\/tavapy.gov.py\/biblioteca\/wp-content\/uploads\/2022\/03\/DescartesR-Discurso-del-metodo.pdf\" target=\"_blank\" rel=\"noopener\"><img loading=\"lazy\" decoding=\"async\" class=\"size-full wp-image-3059 alignleft\" src=\"https:\/\/tavapy.gov.py\/biblioteca\/wp-content\/uploads\/2022\/03\/icono-PDF-copia.png\" alt=\"\" width=\"121\" height=\"140\" \/><\/a><\/p>\n","protected":false},"featured_media":3068,"comment_status":"open","ping_status":"closed","template":"","meta":{"spay_email":""},"product_cat":[59],"product_tag":[],"class_list":{"0":"post-3066","1":"product","2":"type-product","3":"status-publish","4":"has-post-thumbnail","6":"book_author-rene-descartes","7":"product_cat-filosofia","8":"entry"},"_links":{"self":[{"href":"https:\/\/tavapy.gov.py\/biblioteca\/wp-json\/wp\/v2\/product\/3066","targetHints":{"allow":["GET"]}}],"collection":[{"href":"https:\/\/tavapy.gov.py\/biblioteca\/wp-json\/wp\/v2\/product"}],"about":[{"href":"https:\/\/tavapy.gov.py\/biblioteca\/wp-json\/wp\/v2\/types\/product"}],"replies":[{"embeddable":true,"href":"https:\/\/tavapy.gov.py\/biblioteca\/wp-json\/wp\/v2\/comments?post=3066"}],"wp:featuredmedia":[{"embeddable":true,"href":"https:\/\/tavapy.gov.py\/biblioteca\/wp-json\/wp\/v2\/media\/3068"}],"wp:attachment":[{"href":"https:\/\/tavapy.gov.py\/biblioteca\/wp-json\/wp\/v2\/media?parent=3066"}],"wp:term":[{"taxonomy":"product_cat","embeddable":true,"href":"https:\/\/tavapy.gov.py\/biblioteca\/wp-json\/wp\/v2\/product_cat?post=3066"},{"taxonomy":"product_tag","embeddable":true,"href":"https:\/\/tavapy.gov.py\/biblioteca\/wp-json\/wp\/v2\/product_tag?post=3066"}],"curies":[{"name":"wp","href":"https:\/\/api.w.org\/{rel}","templated":true}]}}