{"id":3072,"date":"2022-03-07T16:19:50","date_gmt":"2022-03-07T16:19:50","guid":{"rendered":"https:\/\/tavapy.gov.py\/biblioteca\/?post_type=product&#038;p=3072"},"modified":"2022-03-07T16:19:50","modified_gmt":"2022-03-07T16:19:50","slug":"el-arte-del-buen-vivir","status":"publish","type":"product","link":"https:\/\/tavapy.gov.py\/biblioteca\/product\/el-arte-del-buen-vivir\/","title":{"rendered":"EL ARTE DEL BUEN VIVIR"},"content":{"rendered":"","protected":false},"excerpt":{"rendered":"<p>Schopenhauer es uno de los grandes fil\u00f3sofos del siglo XIX cuya influencia fue decisiva en Nietzsche. Este ejemplo de su talento no es un libro m\u00e1s: hay que considerarlo un tratado definitivo sobre la materia que trata.<\/p>\n<p>Arte del buen vivir, como manifiesta su autor, obra escrita en el a\u00f1o 1851, ense\u00f1a el modo de hacer la vida lo m\u00e1s aut\u00e9ntica y feliz posible, aspiraci\u00f3n humana y anterior a cualquier especulaci\u00f3n filos\u00f3fica, pero cuyo logro resulta muy arduo para aquellos que desean prescindir de toda reflexi\u00f3n y gu\u00eda.<a href=\"https:\/\/tavapy.gov.py\/biblioteca\/wp-content\/uploads\/2022\/03\/SchopenhauerA-Arte-del-buen-vivir.pdf\" target=\"_blank\" rel=\"noopener\"><img loading=\"lazy\" decoding=\"async\" class=\"size-full wp-image-3059 alignleft\" src=\"https:\/\/tavapy.gov.py\/biblioteca\/wp-content\/uploads\/2022\/03\/icono-PDF-copia.png\" alt=\"\" width=\"121\" height=\"140\" \/><\/a><\/p>\n","protected":false},"featured_media":3073,"comment_status":"open","ping_status":"closed","template":"","meta":{"spay_email":""},"product_cat":[59],"product_tag":[],"class_list":{"0":"post-3072","1":"product","2":"type-product","3":"status-publish","4":"has-post-thumbnail","6":"book_author-arthur-schopenhauer","7":"product_cat-filosofia","8":"entry"},"_links":{"self":[{"href":"https:\/\/tavapy.gov.py\/biblioteca\/wp-json\/wp\/v2\/product\/3072","targetHints":{"allow":["GET"]}}],"collection":[{"href":"https:\/\/tavapy.gov.py\/biblioteca\/wp-json\/wp\/v2\/product"}],"about":[{"href":"https:\/\/tavapy.gov.py\/biblioteca\/wp-json\/wp\/v2\/types\/product"}],"replies":[{"embeddable":true,"href":"https:\/\/tavapy.gov.py\/biblioteca\/wp-json\/wp\/v2\/comments?post=3072"}],"wp:featuredmedia":[{"embeddable":true,"href":"https:\/\/tavapy.gov.py\/biblioteca\/wp-json\/wp\/v2\/media\/3073"}],"wp:attachment":[{"href":"https:\/\/tavapy.gov.py\/biblioteca\/wp-json\/wp\/v2\/media?parent=3072"}],"wp:term":[{"taxonomy":"product_cat","embeddable":true,"href":"https:\/\/tavapy.gov.py\/biblioteca\/wp-json\/wp\/v2\/product_cat?post=3072"},{"taxonomy":"product_tag","embeddable":true,"href":"https:\/\/tavapy.gov.py\/biblioteca\/wp-json\/wp\/v2\/product_tag?post=3072"}],"curies":[{"name":"wp","href":"https:\/\/api.w.org\/{rel}","templated":true}]}}