{"id":3074,"date":"2022-03-07T16:24:18","date_gmt":"2022-03-07T16:24:18","guid":{"rendered":"https:\/\/tavapy.gov.py\/biblioteca\/?post_type=product&#038;p=3074"},"modified":"2022-06-14T19:17:41","modified_gmt":"2022-06-14T19:17:41","slug":"cien-anos-de-soledad","status":"publish","type":"product","link":"https:\/\/tavapy.gov.py\/biblioteca\/product\/cien-anos-de-soledad\/","title":{"rendered":"CIEN A\u00d1OS DE SOLEDAD."},"content":{"rendered":"","protected":false},"excerpt":{"rendered":"<p>La obra escrita en el a\u00f1o 1967 y considerada como un cl\u00e1sico del siglo XX es el enorme y espl\u00e9ndido tapiz de la saga de la familia Buend\u00eda, en la m\u00edtica aldea de Macondo.<\/p>\n<p>Un referente imprescindible de la vida y la narrativa latinoamericana. \u00abMuchos a\u00f1os despu\u00e9s, frente al pelot\u00f3n de fusilamiento, el coronel Aureliano Buend\u00eda hab\u00eda de recordar aquella tarde remota en que su padre lo llev\u00f3 a conocer el hielo. Macondo era entonces una aldea de veinte casas de barro y ca\u00f1abrava construidas a la orilla de un r\u00edo de aguas di\u00e1fanas que se precipitaban por un lecho de piedras pulidas, blancas y enormes como huevos prehist\u00f3ricos. El mundo era tan reciente, que muchas cosas carec\u00edan de nombre, y para mencionarlas hab\u00eda que se\u00f1alarlas con el dedo.\u00bb<\/p>\n<p>Con estas palabras empieza la novela ya legendaria en los anales de la literatura universal, una de las aventuras literarias m\u00e1s fascinantes de nuestro siglo. Millones de ejemplares de Cien a\u00f1os de soledad le\u00eddos en todas las lenguas y el Premio Nobel de Literatura coronando una obra que se hab\u00eda abierto paso \u00abboca a boca\u00bb -como gusta decir al escritor- son la m\u00e1s palpable demostraci\u00f3n de que la aventura fabulosa de la familia Buend\u00eda-Iguar\u00e1n, con sus milagros, fantas\u00edas, obsesiones, tragedias, incestos, adulterios, rebeld\u00edas, descubrimientos y condenas, representaba al\u00a0mismo tiempo el mito y la historia, la tragedia y el amor del mundo entero.<\/p>\n<p><a href=\"https:\/\/tavapy.gov.py\/biblioteca\/wp-content\/uploads\/2022\/03\/Garcia-MarquezA-Cien-anos-de-soledad-2.pdf\" target=\"_blank\" rel=\"attachment noopener wp-att-4114\"><img loading=\"lazy\" decoding=\"async\" class=\"size-full wp-image-4114 alignleft\" src=\"https:\/\/tavapy.gov.py\/biblioteca\/wp-content\/uploads\/2022\/04\/icono-PDF-copia-2.png\" alt=\"\" width=\"121\" height=\"140\" \/><\/a><\/p>\n","protected":false},"featured_media":3111,"comment_status":"open","ping_status":"closed","template":"","meta":{"spay_email":""},"product_cat":[57],"product_tag":[],"class_list":{"0":"post-3074","1":"product","2":"type-product","3":"status-publish","4":"has-post-thumbnail","6":"book_author-gabriel-garcia-marquez","7":"product_cat-novela","8":"entry"},"_links":{"self":[{"href":"https:\/\/tavapy.gov.py\/biblioteca\/wp-json\/wp\/v2\/product\/3074","targetHints":{"allow":["GET"]}}],"collection":[{"href":"https:\/\/tavapy.gov.py\/biblioteca\/wp-json\/wp\/v2\/product"}],"about":[{"href":"https:\/\/tavapy.gov.py\/biblioteca\/wp-json\/wp\/v2\/types\/product"}],"replies":[{"embeddable":true,"href":"https:\/\/tavapy.gov.py\/biblioteca\/wp-json\/wp\/v2\/comments?post=3074"}],"wp:featuredmedia":[{"embeddable":true,"href":"https:\/\/tavapy.gov.py\/biblioteca\/wp-json\/wp\/v2\/media\/3111"}],"wp:attachment":[{"href":"https:\/\/tavapy.gov.py\/biblioteca\/wp-json\/wp\/v2\/media?parent=3074"}],"wp:term":[{"taxonomy":"product_cat","embeddable":true,"href":"https:\/\/tavapy.gov.py\/biblioteca\/wp-json\/wp\/v2\/product_cat?post=3074"},{"taxonomy":"product_tag","embeddable":true,"href":"https:\/\/tavapy.gov.py\/biblioteca\/wp-json\/wp\/v2\/product_tag?post=3074"}],"curies":[{"name":"wp","href":"https:\/\/api.w.org\/{rel}","templated":true}]}}