{"id":3078,"date":"2022-03-07T16:27:12","date_gmt":"2022-03-07T16:27:12","guid":{"rendered":"https:\/\/tavapy.gov.py\/biblioteca\/?post_type=product&#038;p=3078"},"modified":"2024-04-17T19:24:40","modified_gmt":"2024-04-17T19:24:40","slug":"la-ciudad-y-los-perros","status":"publish","type":"product","link":"https:\/\/tavapy.gov.py\/biblioteca\/product\/la-ciudad-y-los-perros\/","title":{"rendered":"LA CIUDAD Y LOS PERROS."},"content":{"rendered":"","protected":false},"excerpt":{"rendered":"<p>La ciudad y los perros obra escrita en 1963 es la novela con la que Vargas Llosa, Premio Nobel de Literatura alcanz\u00f3 el reconocimiento internacional.<\/p>\n<p>Un grupo de j\u00f3venes que se \u00abeducan\u00bb en una disciplina militar implacable y violenta, aprenden a sobrevivir en un ambiente que lleva muy arraigados los prejuicios raciales y las diferencias entre clases sociales y econ\u00f3micas; donde todos se muestran como no son en realidad y la transgresi\u00f3n de las normas parece ser la \u00fanica salida.<\/p>\n<p>Pero La ciudad y los perros no solamente es una diatriba contra la brutalidad ejercida en un grupo de j\u00f3venes alumnos del Colegio Militar Leoncio Prado, tambi\u00e9n es un ataque frontal al concepto err\u00f3neo de la virilidad, de sus funciones y de las consecuencias de una educaci\u00f3n castrense malentendida.<\/p>\n<p>Aunada a la brutalidad propia de la vida militar, a lo largo de las p\u00e1ginas de esta extraordinaria novela, la vehemencia y la pasi\u00f3n de la juventud se desbocan hasta llegar a una furia, una rabia y un fanatismo que anulan toda su sensibilidad.<\/p>\n<p><a href=\"https:\/\/tavapy.gov.py\/biblioteca\/wp-content\/uploads\/2022\/03\/VargasLlosaM-La-Ciudad-y-los-perros.pdf\" target=\"_blank\" rel=\"noopener\"><img loading=\"lazy\" decoding=\"async\" class=\"size-full wp-image-3059 alignleft\" src=\"https:\/\/tavapy.gov.py\/biblioteca\/wp-content\/uploads\/2022\/03\/icono-PDF-copia.png\" alt=\"\" width=\"121\" height=\"140\" \/><\/a><\/p>\n","protected":false},"featured_media":3079,"comment_status":"open","ping_status":"closed","template":"","meta":{"spay_email":""},"product_cat":[57],"product_tag":[],"class_list":{"0":"post-3078","1":"product","2":"type-product","3":"status-publish","4":"has-post-thumbnail","6":"book_author-mario-vargas-llosa","7":"product_cat-novela","8":"entry"},"_links":{"self":[{"href":"https:\/\/tavapy.gov.py\/biblioteca\/wp-json\/wp\/v2\/product\/3078","targetHints":{"allow":["GET"]}}],"collection":[{"href":"https:\/\/tavapy.gov.py\/biblioteca\/wp-json\/wp\/v2\/product"}],"about":[{"href":"https:\/\/tavapy.gov.py\/biblioteca\/wp-json\/wp\/v2\/types\/product"}],"replies":[{"embeddable":true,"href":"https:\/\/tavapy.gov.py\/biblioteca\/wp-json\/wp\/v2\/comments?post=3078"}],"wp:featuredmedia":[{"embeddable":true,"href":"https:\/\/tavapy.gov.py\/biblioteca\/wp-json\/wp\/v2\/media\/3079"}],"wp:attachment":[{"href":"https:\/\/tavapy.gov.py\/biblioteca\/wp-json\/wp\/v2\/media?parent=3078"}],"wp:term":[{"taxonomy":"product_cat","embeddable":true,"href":"https:\/\/tavapy.gov.py\/biblioteca\/wp-json\/wp\/v2\/product_cat?post=3078"},{"taxonomy":"product_tag","embeddable":true,"href":"https:\/\/tavapy.gov.py\/biblioteca\/wp-json\/wp\/v2\/product_tag?post=3078"}],"curies":[{"name":"wp","href":"https:\/\/api.w.org\/{rel}","templated":true}]}}