{"id":3081,"date":"2022-03-07T16:32:22","date_gmt":"2022-03-07T16:32:22","guid":{"rendered":"https:\/\/tavapy.gov.py\/biblioteca\/?post_type=product&#038;p=3081"},"modified":"2022-04-07T00:53:53","modified_gmt":"2022-04-07T00:53:53","slug":"el-laberinto-de-la-soledad","status":"publish","type":"product","link":"https:\/\/tavapy.gov.py\/biblioteca\/product\/el-laberinto-de-la-soledad\/","title":{"rendered":"El laberinto de la soledad"},"content":{"rendered":"","protected":false},"excerpt":{"rendered":"<p>\u00abEl laberinto de la soledad\u00bb, escrito en 1950 es una de las piezas clave de la literatura moderna, un ensayo moderno y una reflexi\u00f3n cr\u00edtica sobre la modernidad.<\/p>\n<p>En la historia de la literatura hispanoamericana, se trata de la prosa ensay\u00edstica m\u00e1s importante de este siglo, la que ha influido m\u00e1s en el pensamiento y en la literatura de lengua espa\u00f1ola y la que m\u00e1s ha resonado en los de otras lenguas.<\/p>\n<p>En el contexto intelectual hisp\u00e1nico, pertenece a la tradici\u00f3n del ensayo de identidad nacional. En palabras de Octavio Paz: \u00abEs un libro dentro de la tradici\u00f3n francesa del \u201cmoralismo\u201d. Es una descripci\u00f3n de ciertas actitudes, por una parte, y, por otra, un ensayo de interpretaci\u00f3n hist\u00f3rica\u00bb. Es una voluntad de interpretar cr\u00edticamente la realidad hist\u00f3rica de M\u00e9xico.<a href=\"https:\/\/tavapy.gov.py\/biblioteca\/wp-content\/uploads\/2022\/03\/PazO-El-laberinto-de-la-soledad.pdf\" target=\"_blank\" rel=\"noopener\"><img loading=\"lazy\" decoding=\"async\" class=\"size-full wp-image-3059 alignleft\" src=\"https:\/\/tavapy.gov.py\/biblioteca\/wp-content\/uploads\/2022\/03\/icono-PDF-copia.png\" alt=\"\" width=\"121\" height=\"140\" \/><\/a><\/p>\n","protected":false},"featured_media":3083,"comment_status":"open","ping_status":"closed","template":"","meta":{"spay_email":""},"product_cat":[95],"product_tag":[],"class_list":{"0":"post-3081","1":"product","2":"type-product","3":"status-publish","4":"has-post-thumbnail","6":"book_author-octavio-paz","7":"product_cat-ensayo","8":"entry"},"_links":{"self":[{"href":"https:\/\/tavapy.gov.py\/biblioteca\/wp-json\/wp\/v2\/product\/3081","targetHints":{"allow":["GET"]}}],"collection":[{"href":"https:\/\/tavapy.gov.py\/biblioteca\/wp-json\/wp\/v2\/product"}],"about":[{"href":"https:\/\/tavapy.gov.py\/biblioteca\/wp-json\/wp\/v2\/types\/product"}],"replies":[{"embeddable":true,"href":"https:\/\/tavapy.gov.py\/biblioteca\/wp-json\/wp\/v2\/comments?post=3081"}],"wp:featuredmedia":[{"embeddable":true,"href":"https:\/\/tavapy.gov.py\/biblioteca\/wp-json\/wp\/v2\/media\/3083"}],"wp:attachment":[{"href":"https:\/\/tavapy.gov.py\/biblioteca\/wp-json\/wp\/v2\/media?parent=3081"}],"wp:term":[{"taxonomy":"product_cat","embeddable":true,"href":"https:\/\/tavapy.gov.py\/biblioteca\/wp-json\/wp\/v2\/product_cat?post=3081"},{"taxonomy":"product_tag","embeddable":true,"href":"https:\/\/tavapy.gov.py\/biblioteca\/wp-json\/wp\/v2\/product_tag?post=3081"}],"curies":[{"name":"wp","href":"https:\/\/api.w.org\/{rel}","templated":true}]}}