{"id":3084,"date":"2022-03-07T16:35:08","date_gmt":"2022-03-07T16:35:08","guid":{"rendered":"https:\/\/tavapy.gov.py\/biblioteca\/?post_type=product&#038;p=3084"},"modified":"2022-03-25T17:51:21","modified_gmt":"2022-03-25T17:51:21","slug":"el-malestar-en-la-cultura","status":"publish","type":"product","link":"https:\/\/tavapy.gov.py\/biblioteca\/product\/el-malestar-en-la-cultura\/","title":{"rendered":"El malestar en la cultura"},"content":{"rendered":"","protected":false},"excerpt":{"rendered":"<p>Considerada como una de las obras m\u00e1s influyentes del siglo XX en el campo de la psicolog\u00eda, El malestar en la cultura, obra escrita en 1930, indaga en el efecto que sobre las pulsiones del individuo ha tenido el desarrollo de la civilizaci\u00f3n, como moldeadora pero tambi\u00e9n como represora del comportamiento humano.<\/p>\n<p>En efecto, Freud defiende la existencia de un antagonismo irreconciliable entre las pulsiones agresivas, innatas en los individuos, y la cultura, pues esta, al tratar de controlar su satisfacci\u00f3n, provoca la p\u00e9rdida de la libertad y de la individualidad, generando sentimientos de frustraci\u00f3n y de culpa.<\/p>\n<p>Pero adem\u00e1s, el hombre tiene tambi\u00e9n otra pulsi\u00f3n innata, la de muerte o destrucci\u00f3n, que persigue la satisfacci\u00f3n de las necesidades del yo, y que tambi\u00e9n encuentra en la cultura una fuerte represora.<\/p>\n<p>Un brillante ensayo apoyado en el desarrollo de la teor\u00eda psicoanal\u00edtica con el que Freud echa por tierra el valor que el hombre ha concedido siempre a la cultura al concluir que esta no puede m\u00e1s que generar insatisfacci\u00f3n y sufrimiento al hombre.<a href=\"https:\/\/tavapy.gov.py\/biblioteca\/wp-content\/uploads\/2022\/03\/FreudS-El.malestar.de_.la_.cultura.pdf\" target=\"_blank\" rel=\"noopener\"><img loading=\"lazy\" decoding=\"async\" class=\"size-full wp-image-3059 alignleft\" src=\"https:\/\/tavapy.gov.py\/biblioteca\/wp-content\/uploads\/2022\/03\/icono-PDF-copia.png\" alt=\"\" width=\"121\" height=\"140\" \/><\/a><\/p>\n","protected":false},"featured_media":3086,"comment_status":"open","ping_status":"closed","template":"","meta":{"spay_email":""},"product_cat":[67],"product_tag":[],"class_list":{"0":"post-3084","1":"product","2":"type-product","3":"status-publish","4":"has-post-thumbnail","6":"book_author-sigmund-freud","7":"product_cat-psicologia","8":"entry"},"_links":{"self":[{"href":"https:\/\/tavapy.gov.py\/biblioteca\/wp-json\/wp\/v2\/product\/3084","targetHints":{"allow":["GET"]}}],"collection":[{"href":"https:\/\/tavapy.gov.py\/biblioteca\/wp-json\/wp\/v2\/product"}],"about":[{"href":"https:\/\/tavapy.gov.py\/biblioteca\/wp-json\/wp\/v2\/types\/product"}],"replies":[{"embeddable":true,"href":"https:\/\/tavapy.gov.py\/biblioteca\/wp-json\/wp\/v2\/comments?post=3084"}],"wp:featuredmedia":[{"embeddable":true,"href":"https:\/\/tavapy.gov.py\/biblioteca\/wp-json\/wp\/v2\/media\/3086"}],"wp:attachment":[{"href":"https:\/\/tavapy.gov.py\/biblioteca\/wp-json\/wp\/v2\/media?parent=3084"}],"wp:term":[{"taxonomy":"product_cat","embeddable":true,"href":"https:\/\/tavapy.gov.py\/biblioteca\/wp-json\/wp\/v2\/product_cat?post=3084"},{"taxonomy":"product_tag","embeddable":true,"href":"https:\/\/tavapy.gov.py\/biblioteca\/wp-json\/wp\/v2\/product_tag?post=3084"}],"curies":[{"name":"wp","href":"https:\/\/api.w.org\/{rel}","templated":true}]}}