{"id":3088,"date":"2022-03-07T16:46:18","date_gmt":"2022-03-07T16:46:18","guid":{"rendered":"https:\/\/tavapy.gov.py\/biblioteca\/?post_type=product&#038;p=3088"},"modified":"2023-01-29T15:02:32","modified_gmt":"2023-01-29T15:02:32","slug":"la-inteligencia-emocional","status":"publish","type":"product","link":"https:\/\/tavapy.gov.py\/biblioteca\/product\/la-inteligencia-emocional\/","title":{"rendered":"LA INTELIGENCIA EMOCIONAL."},"content":{"rendered":"","protected":false},"excerpt":{"rendered":"<p>En este fascinante y persuasivo libro escrito en 1995, Daniel Goleman sostiene que nuestra visi\u00f3n de la inteligencia humana es estrecha, pues soslaya un amplio abanico de capacidades esenciales para la vida. Soslaya lo que \u00e9l llama inteligencia emocional.<\/p>\n<p>Apoy\u00e1ndose en la m\u00e1s moderna investigaci\u00f3n sobre el cerebro y la conducta, el autor explica por qu\u00e9 personas con un elevado coeficiente intelectual fracasan en sus empresas vitales, mientras que otras con un CI m\u00e1s modesto triunfan clamorosamente.<\/p>\n<p>La inteligencia emocional es una forma de interacci\u00f3n con el mundo que tiene muy en cuenta los sentimientos, y engloba habilidades tales como el control de los impulsos, la autoconciencia, la motivaci\u00f3n, el entusiasmo, la perseverancia, la empat\u00eda, la agilidad mental, etc. Ellas configuran rasgos de car\u00e1cter como la autodisciplina, la compasi\u00f3n o el altruismo, que resultan indispensables para una buena y creativa adaptaci\u00f3n social.<\/p>\n<p>&nbsp;<\/p>\n<p>El d\u00e9ficit de inteligencia emocional repercute en mil aspectos de la vida cotidiana, desde problemas matrimoniales hasta trastornos de salud. El descuido de la inteligencia emocional puede arruinar muchas carreras y, en el caso de ni\u00f1os y adolescentes, conducir a la depresi\u00f3n, trastornos alimentarios, agresividad, delincuencia. Ahora bien, todos podemos fomentar y robustecer nuestra inteligencia emocional, y el autor nos proporciona una amplia y detallada gu\u00eda para conseguirlo.<\/p>\n<p>Bas\u00e1ndose en la forma en que los ni\u00f1os aprenden a modelar sus circuitos cerebrales, Goleman nos ense\u00f1a tambi\u00e9n un programa pedag\u00f3gico para el desarrollo integral del ser humano. El futuro no est\u00e1 escrito en ninguna parte; la inteligencia emocional no es un par\u00e1metro fijado desde el momento del nacimiento: cabe desarrollarla, cuidarla, fomentarla.<a href=\"https:\/\/tavapy.gov.py\/biblioteca\/wp-content\/uploads\/2022\/03\/GolemanD_Inteligencia_Emocional.pdf\" target=\"_blank\" rel=\"noopener\"><img loading=\"lazy\" decoding=\"async\" class=\"size-full wp-image-3059 alignleft\" src=\"https:\/\/tavapy.gov.py\/biblioteca\/wp-content\/uploads\/2022\/03\/icono-PDF-copia.png\" alt=\"\" width=\"121\" height=\"140\" \/><\/a><\/p>\n","protected":false},"featured_media":6492,"comment_status":"open","ping_status":"closed","template":"","meta":{"spay_email":""},"product_cat":[67],"product_tag":[],"class_list":{"0":"post-3088","1":"product","2":"type-product","3":"status-publish","4":"has-post-thumbnail","6":"book_author-daniel-goleman","7":"product_cat-psicologia","8":"entry"},"_links":{"self":[{"href":"https:\/\/tavapy.gov.py\/biblioteca\/wp-json\/wp\/v2\/product\/3088","targetHints":{"allow":["GET"]}}],"collection":[{"href":"https:\/\/tavapy.gov.py\/biblioteca\/wp-json\/wp\/v2\/product"}],"about":[{"href":"https:\/\/tavapy.gov.py\/biblioteca\/wp-json\/wp\/v2\/types\/product"}],"replies":[{"embeddable":true,"href":"https:\/\/tavapy.gov.py\/biblioteca\/wp-json\/wp\/v2\/comments?post=3088"}],"wp:featuredmedia":[{"embeddable":true,"href":"https:\/\/tavapy.gov.py\/biblioteca\/wp-json\/wp\/v2\/media\/6492"}],"wp:attachment":[{"href":"https:\/\/tavapy.gov.py\/biblioteca\/wp-json\/wp\/v2\/media?parent=3088"}],"wp:term":[{"taxonomy":"product_cat","embeddable":true,"href":"https:\/\/tavapy.gov.py\/biblioteca\/wp-json\/wp\/v2\/product_cat?post=3088"},{"taxonomy":"product_tag","embeddable":true,"href":"https:\/\/tavapy.gov.py\/biblioteca\/wp-json\/wp\/v2\/product_tag?post=3088"}],"curies":[{"name":"wp","href":"https:\/\/api.w.org\/{rel}","templated":true}]}}