{"id":3091,"date":"2022-03-07T16:49:29","date_gmt":"2022-03-07T16:49:29","guid":{"rendered":"https:\/\/tavapy.gov.py\/biblioteca\/?post_type=product&#038;p=3091"},"modified":"2022-06-15T11:32:56","modified_gmt":"2022-06-15T11:32:56","slug":"estructuras-de-la-mente-la-teoria-de-las-inteligencias-multiples","status":"publish","type":"product","link":"https:\/\/tavapy.gov.py\/biblioteca\/product\/estructuras-de-la-mente-la-teoria-de-las-inteligencias-multiples\/","title":{"rendered":"ESTRUCTURAS DE LA MENTE: LA TEOR\u00cdA DE LAS INTELIGENCIAS M\u00daLTIPLES."},"content":{"rendered":"","protected":false},"excerpt":{"rendered":"<p>La civilizaci\u00f3n occidental siempre ha venerado la inteligencia e incluso la ha considerado cualidad fundamental del ser humano, pero al definirla ha dejado a un lado m\u00faltiples habilidades y conductas que son manifestaciones propias de seres inteligentes y la ha limitado a la capacidad de raciocinio.<\/p>\n<p>En este libro escrito en 1.983, Howard Gardner propone una concepci\u00f3n distinta de los fen\u00f3menos cognitivos; la inteligencia no es una sino m\u00faltiple: ling\u00fc\u00edstica, musical. l\u00f3gica y matem\u00e1tica, espacial, corporal, personal. Los distintos tipos de inteligencia suelen actuar en forma arm\u00f3nica, pero son relativamente aut\u00f3nomos.<a href=\"https:\/\/tavapy.gov.py\/biblioteca\/wp-content\/uploads\/2022\/03\/Gardner_estructuras_de_la_mente.pdf\" target=\"_blank\" rel=\"noopener\"><img loading=\"lazy\" decoding=\"async\" class=\"size-full wp-image-3059 alignleft\" src=\"https:\/\/tavapy.gov.py\/biblioteca\/wp-content\/uploads\/2022\/03\/icono-PDF-copia.png\" alt=\"\" width=\"121\" height=\"140\" \/><\/a><\/p>\n","protected":false},"featured_media":3093,"comment_status":"open","ping_status":"closed","template":"","meta":{"spay_email":""},"product_cat":[67],"product_tag":[],"class_list":{"0":"post-3091","1":"product","2":"type-product","3":"status-publish","4":"has-post-thumbnail","6":"book_author-howard-gardner","7":"product_cat-psicologia","8":"entry"},"_links":{"self":[{"href":"https:\/\/tavapy.gov.py\/biblioteca\/wp-json\/wp\/v2\/product\/3091","targetHints":{"allow":["GET"]}}],"collection":[{"href":"https:\/\/tavapy.gov.py\/biblioteca\/wp-json\/wp\/v2\/product"}],"about":[{"href":"https:\/\/tavapy.gov.py\/biblioteca\/wp-json\/wp\/v2\/types\/product"}],"replies":[{"embeddable":true,"href":"https:\/\/tavapy.gov.py\/biblioteca\/wp-json\/wp\/v2\/comments?post=3091"}],"wp:featuredmedia":[{"embeddable":true,"href":"https:\/\/tavapy.gov.py\/biblioteca\/wp-json\/wp\/v2\/media\/3093"}],"wp:attachment":[{"href":"https:\/\/tavapy.gov.py\/biblioteca\/wp-json\/wp\/v2\/media?parent=3091"}],"wp:term":[{"taxonomy":"product_cat","embeddable":true,"href":"https:\/\/tavapy.gov.py\/biblioteca\/wp-json\/wp\/v2\/product_cat?post=3091"},{"taxonomy":"product_tag","embeddable":true,"href":"https:\/\/tavapy.gov.py\/biblioteca\/wp-json\/wp\/v2\/product_tag?post=3091"}],"curies":[{"name":"wp","href":"https:\/\/api.w.org\/{rel}","templated":true}]}}