{"id":3098,"date":"2022-03-07T17:01:11","date_gmt":"2022-03-07T17:01:11","guid":{"rendered":"https:\/\/tavapy.gov.py\/biblioteca\/?post_type=product&#038;p=3098"},"modified":"2022-06-14T19:14:53","modified_gmt":"2022-06-14T19:14:53","slug":"la-etica-protestante-y-el-espiritu-del-capitalismo","status":"publish","type":"product","link":"https:\/\/tavapy.gov.py\/biblioteca\/product\/la-etica-protestante-y-el-espiritu-del-capitalismo\/","title":{"rendered":"LA \u00c9TICA PROTESTANTE Y EL ESP\u00cdRITU DEL CAPITALISMO."},"content":{"rendered":"","protected":false},"excerpt":{"rendered":"<p>La \u00e9tica protestante y el esp\u00edritu del capitalismo obra escrita en 1.905 es sin duda, la obra m\u00e1s c\u00e9lebre de Max Weber.<\/p>\n<p>La obra representa un audaz esfuerzo tanto para matizar las tesis materialistas de Marx sobre la relaci\u00f3n entre la religi\u00f3n y la econom\u00eda como para poner en cuesti\u00f3n la presunta univocidad de lo racional.<\/p>\n<p>La \u00e9tica protestante y el esp\u00edritu del capitalismo de Max Weber es un estudio de la relaci\u00f3n entre la \u00e9tica del protestantismo asc\u00e9tico y la aparici\u00f3n del esp\u00edritu del capitalismo moderno.<\/p>\n<p>Weber sostiene que las ideas religiosas de grupos como los calvinistas desempe\u00f1aron un papel en la creaci\u00f3n del esp\u00edritu capitalista.<\/p>\n<p>Desde que se publicara por primera vez, se convirti\u00f3 r\u00e1pidamente en uno de los textos m\u00e1s controvertidos y sugerentes de la sociolog\u00eda de la religi\u00f3n.<a href=\"https:\/\/tavapy.gov.py\/biblioteca\/wp-content\/uploads\/2022\/03\/weber-max-la-etica-protestante-y-el-espiritu-del-capitalismo.pdf\" target=\"_blank\" rel=\"noopener\"><img loading=\"lazy\" decoding=\"async\" class=\"size-full wp-image-3059 alignleft\" src=\"https:\/\/tavapy.gov.py\/biblioteca\/wp-content\/uploads\/2022\/03\/icono-PDF-copia.png\" alt=\"\" width=\"121\" height=\"140\" \/><\/a><\/p>\n","protected":false},"featured_media":3099,"comment_status":"open","ping_status":"closed","template":"","meta":{"spay_email":""},"product_cat":[72],"product_tag":[],"class_list":{"0":"post-3098","1":"product","2":"type-product","3":"status-publish","4":"has-post-thumbnail","6":"book_author-max-weber","7":"product_cat-economia","8":"entry"},"_links":{"self":[{"href":"https:\/\/tavapy.gov.py\/biblioteca\/wp-json\/wp\/v2\/product\/3098","targetHints":{"allow":["GET"]}}],"collection":[{"href":"https:\/\/tavapy.gov.py\/biblioteca\/wp-json\/wp\/v2\/product"}],"about":[{"href":"https:\/\/tavapy.gov.py\/biblioteca\/wp-json\/wp\/v2\/types\/product"}],"replies":[{"embeddable":true,"href":"https:\/\/tavapy.gov.py\/biblioteca\/wp-json\/wp\/v2\/comments?post=3098"}],"wp:featuredmedia":[{"embeddable":true,"href":"https:\/\/tavapy.gov.py\/biblioteca\/wp-json\/wp\/v2\/media\/3099"}],"wp:attachment":[{"href":"https:\/\/tavapy.gov.py\/biblioteca\/wp-json\/wp\/v2\/media?parent=3098"}],"wp:term":[{"taxonomy":"product_cat","embeddable":true,"href":"https:\/\/tavapy.gov.py\/biblioteca\/wp-json\/wp\/v2\/product_cat?post=3098"},{"taxonomy":"product_tag","embeddable":true,"href":"https:\/\/tavapy.gov.py\/biblioteca\/wp-json\/wp\/v2\/product_tag?post=3098"}],"curies":[{"name":"wp","href":"https:\/\/api.w.org\/{rel}","templated":true}]}}