{"id":3112,"date":"2022-03-21T01:46:01","date_gmt":"2022-03-21T01:46:01","guid":{"rendered":"https:\/\/tavapy.gov.py\/biblioteca\/?post_type=product&#038;p=3112"},"modified":"2022-03-25T18:47:40","modified_gmt":"2022-03-25T18:47:40","slug":"la-ciencia-su-metodo-y-su-filosofia","status":"publish","type":"product","link":"https:\/\/tavapy.gov.py\/biblioteca\/product\/la-ciencia-su-metodo-y-su-filosofia\/","title":{"rendered":"LA CIENCIA. SU M\u00c9TODO Y SU FILOSOF\u00cdA."},"content":{"rendered":"","protected":false},"excerpt":{"rendered":"<p>En esta obra escrita en 1.959 por el epistem\u00f3logo Mario Bunge, se plantea una definici\u00f3n de Ciencia liderada por dos caracter\u00edsticas esenciales, que permiten el desarrollo de una conceptualizaci\u00f3n m\u00e1s clara de lo que es la ciencia. Estas son planteadas por el autor como la ciencia formal y la ciencia f\u00e1ctica.<\/p>\n<p>Bunge, describe la ciencia formal como a aquella que procede de entidades ps\u00edquicas, de ideales: la l\u00f3gica y dem\u00e1s conocimientos emp\u00edricos y abstractos. Mientras que la ciencia f\u00e1ctica es la encargada de confirmar conjeturas por medio de la observaci\u00f3n y la experimentaci\u00f3n.<\/p>\n<p>Para comprender la relaci\u00f3n entre ambas ciencias, se plantea como ejemplo la creaci\u00f3n del ideal matem\u00e1tico, cuyo puente a la realidad es el lenguaje, mismo que permitir\u00e1 comprobarlo en la realidad, por medio de la experimentaci\u00f3n.<\/p>\n<p>As\u00ed pues, se menciona el m\u00e9todo de la ciencia, misma que es descrita como un conocimiento verificable y que el conocimiento cient\u00edfico se conforma de teor\u00edas e hip\u00f3tesis mismas que son verificables y, en la medida en que son probadas, se consideran verdaderas. Sin embargo, a pesar de que estas son probables, no son consideradas como concluyentes.<\/p>\n<p>En suma, esta obra permite ver el desarrollo de la ciencia desde diferentes perspectivas, mismas que aun conociendo gran parte del desarrollo del m\u00e9todo cient\u00edfico, no son tomados en cuenta muchas veces.\u00a0 A su vez, resultan de inter\u00e9s las distintas interpretaciones a las que recurre Bunge para acercarse a un concepto, mejorando la perspectiva y cercan\u00eda a la ciencia, en la b\u00fasqueda constante a la respuesta a diferentes cuestionamientos de la realidad.<a href=\"https:\/\/tavapy.gov.py\/biblioteca\/wp-content\/uploads\/2022\/03\/BungeM-La-ciencia.-Su-metodo-y-filosofia.pdf\" target=\"_blank\" rel=\"noopener\"><img loading=\"lazy\" decoding=\"async\" class=\"size-full wp-image-3059 alignleft\" src=\"https:\/\/tavapy.gov.py\/biblioteca\/wp-content\/uploads\/2022\/03\/icono-PDF-copia.png\" alt=\"\" width=\"121\" height=\"140\" \/><\/a><\/p>\n","protected":false},"featured_media":3114,"comment_status":"open","ping_status":"closed","template":"","meta":{"spay_email":""},"product_cat":[92],"product_tag":[],"class_list":{"0":"post-3112","1":"product","2":"type-product","3":"status-publish","4":"has-post-thumbnail","6":"book_author-mario-bunge","7":"product_cat-epistemologia","8":"entry"},"_links":{"self":[{"href":"https:\/\/tavapy.gov.py\/biblioteca\/wp-json\/wp\/v2\/product\/3112","targetHints":{"allow":["GET"]}}],"collection":[{"href":"https:\/\/tavapy.gov.py\/biblioteca\/wp-json\/wp\/v2\/product"}],"about":[{"href":"https:\/\/tavapy.gov.py\/biblioteca\/wp-json\/wp\/v2\/types\/product"}],"replies":[{"embeddable":true,"href":"https:\/\/tavapy.gov.py\/biblioteca\/wp-json\/wp\/v2\/comments?post=3112"}],"wp:featuredmedia":[{"embeddable":true,"href":"https:\/\/tavapy.gov.py\/biblioteca\/wp-json\/wp\/v2\/media\/3114"}],"wp:attachment":[{"href":"https:\/\/tavapy.gov.py\/biblioteca\/wp-json\/wp\/v2\/media?parent=3112"}],"wp:term":[{"taxonomy":"product_cat","embeddable":true,"href":"https:\/\/tavapy.gov.py\/biblioteca\/wp-json\/wp\/v2\/product_cat?post=3112"},{"taxonomy":"product_tag","embeddable":true,"href":"https:\/\/tavapy.gov.py\/biblioteca\/wp-json\/wp\/v2\/product_tag?post=3112"}],"curies":[{"name":"wp","href":"https:\/\/api.w.org\/{rel}","templated":true}]}}