{"id":3116,"date":"2022-03-21T01:49:09","date_gmt":"2022-03-21T01:49:09","guid":{"rendered":"https:\/\/tavapy.gov.py\/biblioteca\/?post_type=product&#038;p=3116"},"modified":"2022-03-25T19:33:04","modified_gmt":"2022-03-25T19:33:04","slug":"tratado-contra-el-metodo-esquema-de-una-teoria-anarquista-del-conocimiento","status":"publish","type":"product","link":"https:\/\/tavapy.gov.py\/biblioteca\/product\/tratado-contra-el-metodo-esquema-de-una-teoria-anarquista-del-conocimiento\/","title":{"rendered":"TRATADO CONTRA EL M\u00c9TODO"},"content":{"rendered":"","protected":false},"excerpt":{"rendered":"<p>Paul Feyerabend escribi\u00f3 El Tratado contra el M\u00e9todo en el a\u00f1o 1.975 y en dicha obra sostiene que la mayor parte de las investigaciones cient\u00edficas de \u00e9xito nunca han desarrollado siguiendo un m\u00e9todo racional. Examina en detalle los argumentos que utiliz\u00f3 Galileo para defender la revoluci\u00f3n copernicana en el campo de la f\u00edsica, y muestra que semejante \u00e9xito no depende de un argumento racional, sino de una mezcla de subterfugio, ret\u00f3rica y propaganda. Y llega a una conclusi\u00f3n: \u00abGalileo hizo trampas\u00bb.<\/p>\n<p>Afirmando que el anarquismo debe reemplazar ahora al racionalismo en la teor\u00eda del conocimiento, Feyerabend arguye que el progreso intelectual s\u00f3lo puede alcanzarse poniendo el acento en la creatividad y en los deseos del cient\u00edfico m\u00e1s que en el m\u00e9todo y la autoridad de la ciencia.<\/p>\n<p>En la segunda mitad del libro examina el \u00abracionalismo cr\u00edtico\u00bb de Popper y el intento de Lakatos de construir una metodolog\u00eda que reconozca al cient\u00edfico su libertad sin amenazar \u00abla ley y el orden\u00bb cient\u00edficos. Descartando ambas tentativas de apuntalamiento del racionalismo, pone toda su esperanza en el \u00abarrollador alejamiento de la raz\u00f3n\u00bb y mantiene que \u00abel \u00fanico principio que no inhibe el progreso es el todo pasa\u00bb.<a href=\"https:\/\/tavapy.gov.py\/biblioteca\/wp-content\/uploads\/2022\/03\/FeyerabendP-Tratado_contra_el_metodo.pdf\" target=\"_blank\" rel=\"noopener\"><img loading=\"lazy\" decoding=\"async\" class=\"size-full wp-image-3059 alignleft\" src=\"https:\/\/tavapy.gov.py\/biblioteca\/wp-content\/uploads\/2022\/03\/icono-PDF-copia.png\" alt=\"\" width=\"121\" height=\"140\" \/><\/a><\/p>\n","protected":false},"featured_media":3117,"comment_status":"open","ping_status":"closed","template":"","meta":{"spay_email":""},"product_cat":[92],"product_tag":[],"class_list":{"0":"post-3116","1":"product","2":"type-product","3":"status-publish","4":"has-post-thumbnail","6":"book_author-paul-feyerabend","7":"product_cat-epistemologia","8":"entry"},"_links":{"self":[{"href":"https:\/\/tavapy.gov.py\/biblioteca\/wp-json\/wp\/v2\/product\/3116","targetHints":{"allow":["GET"]}}],"collection":[{"href":"https:\/\/tavapy.gov.py\/biblioteca\/wp-json\/wp\/v2\/product"}],"about":[{"href":"https:\/\/tavapy.gov.py\/biblioteca\/wp-json\/wp\/v2\/types\/product"}],"replies":[{"embeddable":true,"href":"https:\/\/tavapy.gov.py\/biblioteca\/wp-json\/wp\/v2\/comments?post=3116"}],"wp:featuredmedia":[{"embeddable":true,"href":"https:\/\/tavapy.gov.py\/biblioteca\/wp-json\/wp\/v2\/media\/3117"}],"wp:attachment":[{"href":"https:\/\/tavapy.gov.py\/biblioteca\/wp-json\/wp\/v2\/media?parent=3116"}],"wp:term":[{"taxonomy":"product_cat","embeddable":true,"href":"https:\/\/tavapy.gov.py\/biblioteca\/wp-json\/wp\/v2\/product_cat?post=3116"},{"taxonomy":"product_tag","embeddable":true,"href":"https:\/\/tavapy.gov.py\/biblioteca\/wp-json\/wp\/v2\/product_tag?post=3116"}],"curies":[{"name":"wp","href":"https:\/\/api.w.org\/{rel}","templated":true}]}}