{"id":3121,"date":"2022-03-21T01:55:17","date_gmt":"2022-03-21T01:55:17","guid":{"rendered":"https:\/\/tavapy.gov.py\/biblioteca\/?post_type=product&#038;p=3121"},"modified":"2022-03-25T18:55:37","modified_gmt":"2022-03-25T18:55:37","slug":"veinte-mil-leguas-de-viaje-submarino","status":"publish","type":"product","link":"https:\/\/tavapy.gov.py\/biblioteca\/product\/veinte-mil-leguas-de-viaje-submarino\/","title":{"rendered":"VEINTE MIL LEGUAS DE VIAJE SUBMARINO."},"content":{"rendered":"","protected":false},"excerpt":{"rendered":"<p>Obra escrita en 1.870.<\/p>\n<p>Cuando de forma inesperada varios buques en distintos mares empiezan a sufrir el ataque de una monstruosa criatura marina que los manda a pique, peri\u00f3dicos y cient\u00edficos de todo el mundo debaten alarmados acerca de la naturaleza del misterioso animal y de las causas de su comportamiento.<\/p>\n<p>Finalmente se prepara una fragata para acabar con la amenaza de la bestia, y a la expedici\u00f3n es invitado como cient\u00edfico el profesor Pierre Aronnax. En el barco se halla tambi\u00e9n Ned Land, el \u00bb rey de los arponeros\u00bb.<\/p>\n<p>Sin embargo, ninguno de ellos sospecha que est\u00e1n a punto de encontrarse con una aventura m\u00e1s fant\u00e1stica y llena de emociones de lo que puedan alcanzar a imaginar, as\u00ed como con un personaje peculiar e inolvidable: el Capit\u00e1n Nemo.<\/p>\n<p><a href=\"https:\/\/tavapy.gov.py\/biblioteca\/wp-content\/uploads\/2022\/03\/VerneJ-Veinte-mil-leguas-de-viaje-submarino.pdf\" target=\"_blank\" rel=\"noopener\"><img loading=\"lazy\" decoding=\"async\" class=\"alignnone size-full wp-image-3059\" src=\"https:\/\/tavapy.gov.py\/biblioteca\/wp-content\/uploads\/2022\/03\/icono-PDF-copia.png\" alt=\"\" width=\"121\" height=\"140\" \/><\/a><\/p>\n","protected":false},"featured_media":3123,"comment_status":"open","ping_status":"closed","template":"","meta":{"spay_email":""},"product_cat":[57],"product_tag":[],"class_list":{"0":"post-3121","1":"product","2":"type-product","3":"status-publish","4":"has-post-thumbnail","6":"book_author-julio-verne","7":"product_cat-novela","8":"entry"},"_links":{"self":[{"href":"https:\/\/tavapy.gov.py\/biblioteca\/wp-json\/wp\/v2\/product\/3121","targetHints":{"allow":["GET"]}}],"collection":[{"href":"https:\/\/tavapy.gov.py\/biblioteca\/wp-json\/wp\/v2\/product"}],"about":[{"href":"https:\/\/tavapy.gov.py\/biblioteca\/wp-json\/wp\/v2\/types\/product"}],"replies":[{"embeddable":true,"href":"https:\/\/tavapy.gov.py\/biblioteca\/wp-json\/wp\/v2\/comments?post=3121"}],"wp:featuredmedia":[{"embeddable":true,"href":"https:\/\/tavapy.gov.py\/biblioteca\/wp-json\/wp\/v2\/media\/3123"}],"wp:attachment":[{"href":"https:\/\/tavapy.gov.py\/biblioteca\/wp-json\/wp\/v2\/media?parent=3121"}],"wp:term":[{"taxonomy":"product_cat","embeddable":true,"href":"https:\/\/tavapy.gov.py\/biblioteca\/wp-json\/wp\/v2\/product_cat?post=3121"},{"taxonomy":"product_tag","embeddable":true,"href":"https:\/\/tavapy.gov.py\/biblioteca\/wp-json\/wp\/v2\/product_tag?post=3121"}],"curies":[{"name":"wp","href":"https:\/\/api.w.org\/{rel}","templated":true}]}}