{"id":3124,"date":"2022-03-21T01:58:19","date_gmt":"2022-03-21T01:58:19","guid":{"rendered":"https:\/\/tavapy.gov.py\/biblioteca\/?post_type=product&#038;p=3124"},"modified":"2022-03-25T18:53:50","modified_gmt":"2022-03-25T18:53:50","slug":"el-asesinato-de-roger-ackroyd","status":"publish","type":"product","link":"https:\/\/tavapy.gov.py\/biblioteca\/product\/el-asesinato-de-roger-ackroyd\/","title":{"rendered":"EL ASESINATO DE ROGER ACKROYD."},"content":{"rendered":"","protected":false},"excerpt":{"rendered":"<p>El asesinato de Roger Ackroyd, obra escrita en 1.926 rompi\u00f3 todas las reglas de la novela polic\u00edaca y convirti\u00f3 a Agatha Christie en un nombre reconocible.<\/p>\n<p>Roger Ackroyd sabe demasiado. Sabe que la mujer que ama envenen\u00f3 a su brutal primer marido. Tambi\u00e9n sospecha que alguien la ha estado chantajeando. Ahora, tr\u00e1gicamente, le llega la noticia de que se ha quitado la vida con una sobredosis de drogas.<\/p>\n<p>Pero el correo de la tarde trae a Roger una \u00faltima y fatal informaci\u00f3n, que puede aportar alguna luz sobre la identidad del chantajista. Por desgracia, antes de que pueda terminar de leerla, es apu\u00f1alado por la espalda hasta morir.<\/p>\n<p>Si usted no sabe nada de este libro le damos dos consejos: no comentarlo con nadie, y leerlo a toda velocidad, ya que contiene una de las mayores sorpresas de la historia de la novela negra.<\/p>\n<p><a href=\"https:\/\/tavapy.gov.py\/biblioteca\/wp-content\/uploads\/2022\/03\/ChristieA-El-asesinato-de-Roger-Ackroyd.pdf\" target=\"_blank\" rel=\"noopener\"><img loading=\"lazy\" decoding=\"async\" class=\"size-full wp-image-3059 alignleft\" src=\"https:\/\/tavapy.gov.py\/biblioteca\/wp-content\/uploads\/2022\/03\/icono-PDF-copia.png\" alt=\"\" width=\"121\" height=\"140\" \/><\/a><\/p>\n","protected":false},"featured_media":3126,"comment_status":"open","ping_status":"closed","template":"","meta":{"spay_email":""},"product_cat":[57],"product_tag":[],"class_list":{"0":"post-3124","1":"product","2":"type-product","3":"status-publish","4":"has-post-thumbnail","6":"book_author-agatha-christie","7":"product_cat-novela","8":"entry"},"_links":{"self":[{"href":"https:\/\/tavapy.gov.py\/biblioteca\/wp-json\/wp\/v2\/product\/3124","targetHints":{"allow":["GET"]}}],"collection":[{"href":"https:\/\/tavapy.gov.py\/biblioteca\/wp-json\/wp\/v2\/product"}],"about":[{"href":"https:\/\/tavapy.gov.py\/biblioteca\/wp-json\/wp\/v2\/types\/product"}],"replies":[{"embeddable":true,"href":"https:\/\/tavapy.gov.py\/biblioteca\/wp-json\/wp\/v2\/comments?post=3124"}],"wp:featuredmedia":[{"embeddable":true,"href":"https:\/\/tavapy.gov.py\/biblioteca\/wp-json\/wp\/v2\/media\/3126"}],"wp:attachment":[{"href":"https:\/\/tavapy.gov.py\/biblioteca\/wp-json\/wp\/v2\/media?parent=3124"}],"wp:term":[{"taxonomy":"product_cat","embeddable":true,"href":"https:\/\/tavapy.gov.py\/biblioteca\/wp-json\/wp\/v2\/product_cat?post=3124"},{"taxonomy":"product_tag","embeddable":true,"href":"https:\/\/tavapy.gov.py\/biblioteca\/wp-json\/wp\/v2\/product_tag?post=3124"}],"curies":[{"name":"wp","href":"https:\/\/api.w.org\/{rel}","templated":true}]}}