{"id":3127,"date":"2022-03-21T02:00:28","date_gmt":"2022-03-21T02:00:28","guid":{"rendered":"https:\/\/tavapy.gov.py\/biblioteca\/?post_type=product&#038;p=3127"},"modified":"2022-03-25T18:52:54","modified_gmt":"2022-03-25T18:52:54","slug":"critica-de-la-razon-instrumental","status":"publish","type":"product","link":"https:\/\/tavapy.gov.py\/biblioteca\/product\/critica-de-la-razon-instrumental\/","title":{"rendered":"CR\u00cdTICA DE LA RAZ\u00d3N INSTRUMENTAL."},"content":{"rendered":"","protected":false},"excerpt":{"rendered":"<p>Cr\u00edtica de la Raz\u00f3n Instrumental, obra escrita en 1.947. El libro expresa una mirada cr\u00edtica y sumamente l\u00facida sobre la otra cara de la modernidad, sobre el precio que la humanidad va pagando por el avance imparable, y en absoluto inocente, del proceso moderno de racionalizaci\u00f3n.<\/p>\n<p>La recuperaci\u00f3n de esta obra cumple una tarea llena de sentido. Horkheimer da en ella su propia versi\u00f3n de la paradoja o dial\u00e9ctica del proceso de Ilustraci\u00f3n, que abre serios interrogantes sobre el mismo: \u00abEl progreso amenaza con destruir el objetivo que estaba llamado a realizar: la idea del hombre\u00bb.<\/p>\n<p>Es la dial\u00e9ctica que en nuestros d\u00edas ha conducido a la denominada \u00absociedad del riesgo\u00bb, a un \u00abmundo desbocado\u00bb, tal y como el propio Horkheimer denunciaba ya en esta obra con sorprendente lucidez.<\/p>\n<p>&nbsp;<\/p>\n<p><a href=\"https:\/\/tavapy.gov.py\/biblioteca\/wp-content\/uploads\/2022\/03\/HorkheimerM-Critica-de-la-razon-instrumental-1.pdf\" target=\"_blank\" rel=\"noopener\"><img loading=\"lazy\" decoding=\"async\" class=\"size-full wp-image-3059 alignleft\" src=\"https:\/\/tavapy.gov.py\/biblioteca\/wp-content\/uploads\/2022\/03\/icono-PDF-copia.png\" alt=\"\" width=\"121\" height=\"140\" \/><\/a><\/p>\n","protected":false},"featured_media":3129,"comment_status":"open","ping_status":"closed","template":"","meta":{"spay_email":""},"product_cat":[94],"product_tag":[],"class_list":{"0":"post-3127","1":"product","2":"type-product","3":"status-publish","4":"has-post-thumbnail","6":"book_author-max-horkheimer","7":"product_cat-filosofia-social","8":"entry"},"_links":{"self":[{"href":"https:\/\/tavapy.gov.py\/biblioteca\/wp-json\/wp\/v2\/product\/3127","targetHints":{"allow":["GET"]}}],"collection":[{"href":"https:\/\/tavapy.gov.py\/biblioteca\/wp-json\/wp\/v2\/product"}],"about":[{"href":"https:\/\/tavapy.gov.py\/biblioteca\/wp-json\/wp\/v2\/types\/product"}],"replies":[{"embeddable":true,"href":"https:\/\/tavapy.gov.py\/biblioteca\/wp-json\/wp\/v2\/comments?post=3127"}],"wp:featuredmedia":[{"embeddable":true,"href":"https:\/\/tavapy.gov.py\/biblioteca\/wp-json\/wp\/v2\/media\/3129"}],"wp:attachment":[{"href":"https:\/\/tavapy.gov.py\/biblioteca\/wp-json\/wp\/v2\/media?parent=3127"}],"wp:term":[{"taxonomy":"product_cat","embeddable":true,"href":"https:\/\/tavapy.gov.py\/biblioteca\/wp-json\/wp\/v2\/product_cat?post=3127"},{"taxonomy":"product_tag","embeddable":true,"href":"https:\/\/tavapy.gov.py\/biblioteca\/wp-json\/wp\/v2\/product_tag?post=3127"}],"curies":[{"name":"wp","href":"https:\/\/api.w.org\/{rel}","templated":true}]}}