{"id":3134,"date":"2022-03-21T02:06:24","date_gmt":"2022-03-21T02:06:24","guid":{"rendered":"https:\/\/tavapy.gov.py\/biblioteca\/?post_type=product&#038;p=3134"},"modified":"2022-03-25T18:50:43","modified_gmt":"2022-03-25T18:50:43","slug":"el-miedo-a-la-libertad","status":"publish","type":"product","link":"https:\/\/tavapy.gov.py\/biblioteca\/product\/el-miedo-a-la-libertad\/","title":{"rendered":"EL MIEDO A LA LIBERTAD."},"content":{"rendered":"","protected":false},"excerpt":{"rendered":"<p>Este libro escrito en 1.941, intenta explicar los aspectos de la crisis contempor\u00e1nea de la civilizaci\u00f3n occidental relacionados con la libertad del hombre. Una crisis que ostenta diversas manifestaciones, de las que Fromm destaca dos para sus fines anal\u00edticos: su expresi\u00f3n pol\u00edtica (el fascismo) y su expresi\u00f3n sociocultural (la creciente estandarizaci\u00f3n de los individuos en las sociedades avanzadas).<\/p>\n<p>Ambas manifestaciones de la crisis no son m\u00e1s que formas colectivas de evadir la libertad. Todo ello provoca varias consecuencias en el hombre de la moderna sociedad industrial: una autoconciencia de insignificancia personal, una sensaci\u00f3n de soledad moral y la resignaci\u00f3n a sacrificar su propia vida en virtud de poderes exteriores y superiores.<\/p>\n<p>En este sentido, no importa que el hombre actual haya conseguido liberarse de los v\u00ednculos de la sociedad tradicional y a la vez sentar las bases de una aut\u00e9ntica potenciaci\u00f3n de las cualidades humanas: el an\u00e1lisis de Fromm va dirigido precisamente a esclarecer esta paradoja a trav\u00e9s de un examen del significado de la libertad para el hombre moderno y de sus intentos de rehuirla.<\/p>\n<p><a href=\"https:\/\/tavapy.gov.py\/biblioteca\/wp-content\/uploads\/2022\/03\/FrommE-El-miedo-a-la-libertad.pdf\" target=\"_blank\" rel=\"noopener\"><img loading=\"lazy\" decoding=\"async\" class=\"size-full wp-image-3059 alignleft\" src=\"https:\/\/tavapy.gov.py\/biblioteca\/wp-content\/uploads\/2022\/03\/icono-PDF-copia.png\" alt=\"\" width=\"121\" height=\"140\" \/><\/a><\/p>\n","protected":false},"featured_media":3135,"comment_status":"open","ping_status":"closed","template":"","meta":{"spay_email":""},"product_cat":[93],"product_tag":[],"class_list":{"0":"post-3134","1":"product","2":"type-product","3":"status-publish","4":"has-post-thumbnail","6":"book_author-erich-fromm","7":"product_cat-psicologia-social","8":"entry"},"_links":{"self":[{"href":"https:\/\/tavapy.gov.py\/biblioteca\/wp-json\/wp\/v2\/product\/3134","targetHints":{"allow":["GET"]}}],"collection":[{"href":"https:\/\/tavapy.gov.py\/biblioteca\/wp-json\/wp\/v2\/product"}],"about":[{"href":"https:\/\/tavapy.gov.py\/biblioteca\/wp-json\/wp\/v2\/types\/product"}],"replies":[{"embeddable":true,"href":"https:\/\/tavapy.gov.py\/biblioteca\/wp-json\/wp\/v2\/comments?post=3134"}],"wp:featuredmedia":[{"embeddable":true,"href":"https:\/\/tavapy.gov.py\/biblioteca\/wp-json\/wp\/v2\/media\/3135"}],"wp:attachment":[{"href":"https:\/\/tavapy.gov.py\/biblioteca\/wp-json\/wp\/v2\/media?parent=3134"}],"wp:term":[{"taxonomy":"product_cat","embeddable":true,"href":"https:\/\/tavapy.gov.py\/biblioteca\/wp-json\/wp\/v2\/product_cat?post=3134"},{"taxonomy":"product_tag","embeddable":true,"href":"https:\/\/tavapy.gov.py\/biblioteca\/wp-json\/wp\/v2\/product_tag?post=3134"}],"curies":[{"name":"wp","href":"https:\/\/api.w.org\/{rel}","templated":true}]}}