{"id":3143,"date":"2022-03-23T13:02:12","date_gmt":"2022-03-23T13:02:12","guid":{"rendered":"https:\/\/tavapy.gov.py\/biblioteca\/?post_type=product&#038;p=3143"},"modified":"2024-03-20T22:28:56","modified_gmt":"2024-03-20T22:28:56","slug":"esto-es-marketing","status":"publish","type":"product","link":"https:\/\/tavapy.gov.py\/biblioteca\/product\/esto-es-marketing\/","title":{"rendered":"ESTO ES MARKETING."},"content":{"rendered":"","protected":false},"excerpt":{"rendered":"<p>El marketing lleva tanto tiempo entre nosotros que lo damos por hecho. Como el pez que no entiende el agua en el que vive, no vemos lo que realmente est\u00e1 pasando y no nos damos cuenta de c\u00f3mo nos est\u00e1 cambiando. Ha llegado la hora de hacer algo m\u00e1s. De mejorar las cosas. De provocar el cambio que te gustar\u00eda ver en el mundo.<\/p>\n<p>Gracias a estas p\u00e1ginas de Esto es Marketing, libro escrito en 2.019, aprender\u00e1s a construir lazos de confianza con tu mercado objetivo; a posicionarte \u2013decidir no s\u00f3lo para qui\u00e9n es tu producto, sino para qui\u00e9n no es\u2013; a alcanzar tus metas mientras ayudas a otros; a desterrar los viejos enfoques de publicidad y marca que ya no funcionan; y, entre muchas otras cosas, a dominar e impulsar cualquier decisi\u00f3n de compra.<\/p>\n<p>No importa cu\u00e1l sea el producto o servicio con el que trabajes: este libro te ayudar\u00e1 a replantearte c\u00f3mo presentarlo al mundo, c\u00f3mo conectar realmente con las personas que deseas y c\u00f3mo conseguir no s\u00f3lo que quieran comprarlo, sino que est\u00e9n orgullosas de haberlo hecho.<\/p>\n<p><a href=\"https:\/\/tavapy.gov.py\/biblioteca\/wp-content\/uploads\/2022\/03\/GodinS-Esto-es-marketing.pdf\" target=\"_blank\" rel=\"noopener\"><img loading=\"lazy\" decoding=\"async\" class=\"size-full wp-image-3148 alignleft\" src=\"https:\/\/tavapy.gov.py\/biblioteca\/wp-content\/uploads\/2022\/03\/icono-PDF-copia-1.png\" alt=\"\" width=\"121\" height=\"140\" \/><\/a><\/p>\n","protected":false},"featured_media":3149,"comment_status":"open","ping_status":"closed","template":"","meta":{"spay_email":""},"product_cat":[85],"product_tag":[],"class_list":{"0":"post-3143","1":"product","2":"type-product","3":"status-publish","4":"has-post-thumbnail","6":"book_author-seth-godin","7":"product_cat-marketing","8":"entry"},"_links":{"self":[{"href":"https:\/\/tavapy.gov.py\/biblioteca\/wp-json\/wp\/v2\/product\/3143","targetHints":{"allow":["GET"]}}],"collection":[{"href":"https:\/\/tavapy.gov.py\/biblioteca\/wp-json\/wp\/v2\/product"}],"about":[{"href":"https:\/\/tavapy.gov.py\/biblioteca\/wp-json\/wp\/v2\/types\/product"}],"replies":[{"embeddable":true,"href":"https:\/\/tavapy.gov.py\/biblioteca\/wp-json\/wp\/v2\/comments?post=3143"}],"wp:featuredmedia":[{"embeddable":true,"href":"https:\/\/tavapy.gov.py\/biblioteca\/wp-json\/wp\/v2\/media\/3149"}],"wp:attachment":[{"href":"https:\/\/tavapy.gov.py\/biblioteca\/wp-json\/wp\/v2\/media?parent=3143"}],"wp:term":[{"taxonomy":"product_cat","embeddable":true,"href":"https:\/\/tavapy.gov.py\/biblioteca\/wp-json\/wp\/v2\/product_cat?post=3143"},{"taxonomy":"product_tag","embeddable":true,"href":"https:\/\/tavapy.gov.py\/biblioteca\/wp-json\/wp\/v2\/product_tag?post=3143"}],"curies":[{"name":"wp","href":"https:\/\/api.w.org\/{rel}","templated":true}]}}