{"id":3151,"date":"2022-03-23T13:15:41","date_gmt":"2022-03-23T13:15:41","guid":{"rendered":"https:\/\/tavapy.gov.py\/biblioteca\/?post_type=product&#038;p=3151"},"modified":"2022-03-23T13:15:41","modified_gmt":"2022-03-23T13:15:41","slug":"direccion-de-marketing","status":"publish","type":"product","link":"https:\/\/tavapy.gov.py\/biblioteca\/product\/direccion-de-marketing\/","title":{"rendered":"DIRECCI\u00d3N DE MARKETING."},"content":{"rendered":"","protected":false},"excerpt":{"rendered":"<p>Actualmente, las empresas venden bienes y servicios a trav\u00e9s de una amplia variedad de canales directos e indirectos y los especialistas de marketing est\u00e1n explorando nuevas formas de comunicaci\u00f3n. Los clientes est\u00e1n diciendo a las empresas qu\u00e9 tipo de productos o servicios desean y cu\u00e1ndo, d\u00f3nde y c\u00f3mo quieren comprarlos.<\/p>\n<p>Cada vez m\u00e1s ellos informan a otros consumidores lo que piensan sobre empresas y productos espec\u00edficos, utilizando el correo electr\u00f3nico, los blogs, los podcasts y otros medios digitales para hacerlo.<\/p>\n<p>Direcci\u00f3n de marketing, obra escrita originalmente en 1.967 y con varias reediciones, se basa en las fortalezas fundamentales de las ediciones anteriores, que en conjunto lo distinguen de todos los dem\u00e1s libros de la materia:<\/p>\n<p>&#8211; Orientaci\u00f3n empresarial; Enfoque anal\u00edtico; Perspectiva multidisciplinaria; Aplicaciones universales; Cobertura amplia y equilibrada.<\/p>\n<p><a href=\"https:\/\/tavapy.gov.py\/biblioteca\/wp-content\/uploads\/2022\/03\/KotlerP-Direccion_de_marketing-Edi12.pdf\" target=\"_blank\" rel=\"noopener\"><img loading=\"lazy\" decoding=\"async\" class=\"size-full wp-image-3148 alignleft\" src=\"https:\/\/tavapy.gov.py\/biblioteca\/wp-content\/uploads\/2022\/03\/icono-PDF-copia-1.png\" alt=\"\" width=\"121\" height=\"140\" \/><\/a><\/p>\n","protected":false},"featured_media":3152,"comment_status":"open","ping_status":"closed","template":"","meta":{"spay_email":""},"product_cat":[85],"product_tag":[],"class_list":{"0":"post-3151","1":"product","2":"type-product","3":"status-publish","4":"has-post-thumbnail","6":"book_author-philip-kotler","7":"product_cat-marketing","8":"entry"},"_links":{"self":[{"href":"https:\/\/tavapy.gov.py\/biblioteca\/wp-json\/wp\/v2\/product\/3151","targetHints":{"allow":["GET"]}}],"collection":[{"href":"https:\/\/tavapy.gov.py\/biblioteca\/wp-json\/wp\/v2\/product"}],"about":[{"href":"https:\/\/tavapy.gov.py\/biblioteca\/wp-json\/wp\/v2\/types\/product"}],"replies":[{"embeddable":true,"href":"https:\/\/tavapy.gov.py\/biblioteca\/wp-json\/wp\/v2\/comments?post=3151"}],"wp:featuredmedia":[{"embeddable":true,"href":"https:\/\/tavapy.gov.py\/biblioteca\/wp-json\/wp\/v2\/media\/3152"}],"wp:attachment":[{"href":"https:\/\/tavapy.gov.py\/biblioteca\/wp-json\/wp\/v2\/media?parent=3151"}],"wp:term":[{"taxonomy":"product_cat","embeddable":true,"href":"https:\/\/tavapy.gov.py\/biblioteca\/wp-json\/wp\/v2\/product_cat?post=3151"},{"taxonomy":"product_tag","embeddable":true,"href":"https:\/\/tavapy.gov.py\/biblioteca\/wp-json\/wp\/v2\/product_tag?post=3151"}],"curies":[{"name":"wp","href":"https:\/\/api.w.org\/{rel}","templated":true}]}}