{"id":3153,"date":"2022-03-23T13:23:39","date_gmt":"2022-03-23T13:23:39","guid":{"rendered":"https:\/\/tavapy.gov.py\/biblioteca\/?post_type=product&#038;p=3153"},"modified":"2022-04-01T23:49:14","modified_gmt":"2022-04-01T23:49:14","slug":"el-arte-de-cautivar-como-se-cambian-los-corazones-las-mentes-y-las-acciones","status":"publish","type":"product","link":"https:\/\/tavapy.gov.py\/biblioteca\/product\/el-arte-de-cautivar-como-se-cambian-los-corazones-las-mentes-y-las-acciones\/","title":{"rendered":"EL ARTE DE CAUTIVAR: C\u00d3MO SE CAMBIAN LOS CORAZONES, LAS MENTES Y LAS ACCIONES."},"content":{"rendered":"","protected":false},"excerpt":{"rendered":"<p>Conseguir cautivar, tal como lo define Guy Kawasaki, el gur\u00fa de los negocios, no consiste en manipular a la gente. Se trata, sin embargo, de transformar situaciones y relaciones humanas. Supone convertir la hostilidad en civismo para que al final derive en afinidad. Consiste, en definitiva, en convertir a los esc\u00e9pticos y c\u00ednicos en creyentes, y a los indecisos en fieles.<\/p>\n<p>Una persona puede ser cautivada en una mera transacci\u00f3n comercial, una negociaci\u00f3n de alto nivel o con una simple actualizaci\u00f3n de estado en Facebook. Cautivar de una manera correcta tiene m\u00e1s poder que la persuasi\u00f3n tradicional, la influencia o las diversas t\u00e9cnicas comerciales conocidas hasta ahora.<\/p>\n<p>Este libro escrito en 2.011 le explica todas las t\u00e1cticas que necesita conocer para preparar e iniciar una estrategia que cautive a sus clientes, sus empleados e incluso a su jefe. Adem\u00e1s, le ayudar\u00e1 a superar los malos h\u00e1bitos arraigados en otras personas y a desafiar la supuesta \u00absabidur\u00eda de la multitud\u00bb.<\/p>\n<p><a href=\"https:\/\/tavapy.gov.py\/biblioteca\/wp-content\/uploads\/2022\/03\/KawasakiG-El-arte-de-cautivar.pdf\" target=\"_blank\" rel=\"noopener\"><img loading=\"lazy\" decoding=\"async\" class=\"size-full wp-image-3148 alignleft\" src=\"https:\/\/tavapy.gov.py\/biblioteca\/wp-content\/uploads\/2022\/03\/icono-PDF-copia-1.png\" alt=\"\" width=\"121\" height=\"140\" \/><\/a><\/p>\n","protected":false},"featured_media":3154,"comment_status":"open","ping_status":"closed","template":"","meta":{"spay_email":""},"product_cat":[85],"product_tag":[],"class_list":{"0":"post-3153","1":"product","2":"type-product","3":"status-publish","4":"has-post-thumbnail","6":"book_author-guy-kawasaki","7":"product_cat-marketing","8":"entry"},"_links":{"self":[{"href":"https:\/\/tavapy.gov.py\/biblioteca\/wp-json\/wp\/v2\/product\/3153","targetHints":{"allow":["GET"]}}],"collection":[{"href":"https:\/\/tavapy.gov.py\/biblioteca\/wp-json\/wp\/v2\/product"}],"about":[{"href":"https:\/\/tavapy.gov.py\/biblioteca\/wp-json\/wp\/v2\/types\/product"}],"replies":[{"embeddable":true,"href":"https:\/\/tavapy.gov.py\/biblioteca\/wp-json\/wp\/v2\/comments?post=3153"}],"wp:featuredmedia":[{"embeddable":true,"href":"https:\/\/tavapy.gov.py\/biblioteca\/wp-json\/wp\/v2\/media\/3154"}],"wp:attachment":[{"href":"https:\/\/tavapy.gov.py\/biblioteca\/wp-json\/wp\/v2\/media?parent=3153"}],"wp:term":[{"taxonomy":"product_cat","embeddable":true,"href":"https:\/\/tavapy.gov.py\/biblioteca\/wp-json\/wp\/v2\/product_cat?post=3153"},{"taxonomy":"product_tag","embeddable":true,"href":"https:\/\/tavapy.gov.py\/biblioteca\/wp-json\/wp\/v2\/product_tag?post=3153"}],"curies":[{"name":"wp","href":"https:\/\/api.w.org\/{rel}","templated":true}]}}