{"id":3161,"date":"2022-03-23T14:42:28","date_gmt":"2022-03-23T14:42:28","guid":{"rendered":"https:\/\/tavapy.gov.py\/biblioteca\/?post_type=product&#038;p=3161"},"modified":"2022-04-22T21:15:55","modified_gmt":"2022-04-22T21:15:55","slug":"introduccion-a-la-teoria-general-de-la-administracion","status":"publish","type":"product","link":"https:\/\/tavapy.gov.py\/biblioteca\/product\/introduccion-a-la-teoria-general-de-la-administracion\/","title":{"rendered":"INTRODUCCI\u00d3N A LA TEOR\u00cdA GENERAL DE LA ADMINISTRACI\u00d3N."},"content":{"rendered":"","protected":false},"excerpt":{"rendered":"<p>La presente obra fue creada y dise\u00f1ada con la intenci\u00f3n de ofrecer el mejor texto sobre teor\u00eda general de la administraci\u00f3n y la primera edici\u00f3n fue publicada en 1.979.<\/p>\n<p>Este libro no pretende presentar una nueva teor\u00eda administrativa, sino simplemente entrar en contacto con las diversas y complejas teor\u00edas de la administraci\u00f3n, sus caracter\u00edsticas principales, sus posibilidades de aplicaci\u00f3n, sus aspectos positivos y negativos, y sus principales exponentes.<\/p>\n<p>Esta obra, que es casi un manual introductorio, casi una antolog\u00eda por su propia naturaleza, est\u00e1 dirigido a los estudiantes de administraci\u00f3n y a quienes necesitan una base conceptual, indispensable para la pr\u00e1ctica administrativa.<\/p>\n<p><a href=\"https:\/\/tavapy.gov.py\/biblioteca\/wp-content\/uploads\/2022\/03\/Chiavenato-I-Introduccion-a-la-TGA.pdf\" target=\"_blank\" rel=\"noopener\"><img loading=\"lazy\" decoding=\"async\" class=\"size-full wp-image-3148 alignleft\" src=\"https:\/\/tavapy.gov.py\/biblioteca\/wp-content\/uploads\/2022\/03\/icono-PDF-copia-1.png\" alt=\"\" width=\"121\" height=\"140\" \/><\/a><\/p>\n","protected":false},"featured_media":3160,"comment_status":"open","ping_status":"closed","template":"","meta":{"spay_email":""},"product_cat":[88],"product_tag":[],"class_list":{"0":"post-3161","1":"product","2":"type-product","3":"status-publish","4":"has-post-thumbnail","6":"book_author-idalberto-chiavenato","7":"product_cat-administracion","8":"entry"},"_links":{"self":[{"href":"https:\/\/tavapy.gov.py\/biblioteca\/wp-json\/wp\/v2\/product\/3161","targetHints":{"allow":["GET"]}}],"collection":[{"href":"https:\/\/tavapy.gov.py\/biblioteca\/wp-json\/wp\/v2\/product"}],"about":[{"href":"https:\/\/tavapy.gov.py\/biblioteca\/wp-json\/wp\/v2\/types\/product"}],"replies":[{"embeddable":true,"href":"https:\/\/tavapy.gov.py\/biblioteca\/wp-json\/wp\/v2\/comments?post=3161"}],"wp:featuredmedia":[{"embeddable":true,"href":"https:\/\/tavapy.gov.py\/biblioteca\/wp-json\/wp\/v2\/media\/3160"}],"wp:attachment":[{"href":"https:\/\/tavapy.gov.py\/biblioteca\/wp-json\/wp\/v2\/media?parent=3161"}],"wp:term":[{"taxonomy":"product_cat","embeddable":true,"href":"https:\/\/tavapy.gov.py\/biblioteca\/wp-json\/wp\/v2\/product_cat?post=3161"},{"taxonomy":"product_tag","embeddable":true,"href":"https:\/\/tavapy.gov.py\/biblioteca\/wp-json\/wp\/v2\/product_tag?post=3161"}],"curies":[{"name":"wp","href":"https:\/\/api.w.org\/{rel}","templated":true}]}}