{"id":3275,"date":"2022-03-26T18:58:38","date_gmt":"2022-03-26T18:58:38","guid":{"rendered":"https:\/\/tavapy.gov.py\/biblioteca\/?post_type=product&#038;p=3275"},"modified":"2022-04-01T23:47:08","modified_gmt":"2022-04-01T23:47:08","slug":"antologia-poetica","status":"publish","type":"product","link":"https:\/\/tavapy.gov.py\/biblioteca\/product\/antologia-poetica\/","title":{"rendered":"ANTOLOG\u00cdA PO\u00c9TICA."},"content":{"rendered":"","protected":false},"excerpt":{"rendered":"<p>La presente obra escrita en 1.984, ANTOLOG\u00cdA PO\u00c9TICA, seleccionada por el mismo Benedetti, constituye una muestra panor\u00e1mica y dif\u00edcilmente mejorable de lo m\u00e1s sustancial y conocido de sus versos.<\/p>\n<p>Mario Benedetti ocupa un lugar relevante en el \u00e1mbito de la poes\u00eda, en el que parte de sus creaciones se han convertido en canci\u00f3n popular.<\/p>\n<p>La voluntaria aproximaci\u00f3n a la prosa, la construcci\u00f3n de una \u00ab\u00e9pica de lo cotidiano\u00bb propiciada por la incorporaci\u00f3n de lo social y lo pol\u00edtico, el amor y el humor son algunos de los ejes en torno a los cuales giran los versos del gran escritor uruguayo.<\/p>\n<p><a href=\"https:\/\/tavapy.gov.py\/biblioteca\/wp-content\/uploads\/2022\/03\/BenedettiM-Antologia-Poetica-1.pdf\" target=\"_blank\" rel=\"attachment noopener wp-att-3564\"><img loading=\"lazy\" decoding=\"async\" class=\"size-full wp-image-3564 alignleft\" src=\"https:\/\/tavapy.gov.py\/biblioteca\/wp-content\/uploads\/2022\/03\/icono-PDF-copia-5.png\" alt=\"\" width=\"121\" height=\"140\" \/><\/a><\/p>\n","protected":false},"featured_media":3269,"comment_status":"open","ping_status":"closed","template":"","meta":{"spay_email":""},"product_cat":[97],"product_tag":[],"class_list":{"0":"post-3275","1":"product","2":"type-product","3":"status-publish","4":"has-post-thumbnail","6":"book_author-mario-benedetti","7":"product_cat-poesia","8":"entry"},"_links":{"self":[{"href":"https:\/\/tavapy.gov.py\/biblioteca\/wp-json\/wp\/v2\/product\/3275","targetHints":{"allow":["GET"]}}],"collection":[{"href":"https:\/\/tavapy.gov.py\/biblioteca\/wp-json\/wp\/v2\/product"}],"about":[{"href":"https:\/\/tavapy.gov.py\/biblioteca\/wp-json\/wp\/v2\/types\/product"}],"replies":[{"embeddable":true,"href":"https:\/\/tavapy.gov.py\/biblioteca\/wp-json\/wp\/v2\/comments?post=3275"}],"wp:featuredmedia":[{"embeddable":true,"href":"https:\/\/tavapy.gov.py\/biblioteca\/wp-json\/wp\/v2\/media\/3269"}],"wp:attachment":[{"href":"https:\/\/tavapy.gov.py\/biblioteca\/wp-json\/wp\/v2\/media?parent=3275"}],"wp:term":[{"taxonomy":"product_cat","embeddable":true,"href":"https:\/\/tavapy.gov.py\/biblioteca\/wp-json\/wp\/v2\/product_cat?post=3275"},{"taxonomy":"product_tag","embeddable":true,"href":"https:\/\/tavapy.gov.py\/biblioteca\/wp-json\/wp\/v2\/product_tag?post=3275"}],"curies":[{"name":"wp","href":"https:\/\/api.w.org\/{rel}","templated":true}]}}