{"id":3276,"date":"2022-03-26T19:02:23","date_gmt":"2022-03-26T19:02:23","guid":{"rendered":"https:\/\/tavapy.gov.py\/biblioteca\/?post_type=product&#038;p=3276"},"modified":"2022-04-01T23:44:16","modified_gmt":"2022-04-01T23:44:16","slug":"languidez","status":"publish","type":"product","link":"https:\/\/tavapy.gov.py\/biblioteca\/product\/languidez\/","title":{"rendered":"LANGUIDEZ."},"content":{"rendered":"","protected":false},"excerpt":{"rendered":"<p>Alfonsina Storni, una de las grandes y m\u00edticas poetisas americanas, nos invita desde estas p\u00e1ginas a compartir su palabra viva. Con LANGUIDEZ, obra escrita en 1.920, quiso cerrar un per\u00edodo de creaci\u00f3n: Este libro, dijo, cierra una modalidad m\u00eda y otra ha de ser mi poes\u00eda de ma\u00f1ana. Pero no hay en ella ayer ni ma\u00f1ana: toda su poes\u00eda est\u00e1 en presente porque su emoci\u00f3n tiene el don de lo perpetuo.<\/p>\n<p>LANGUIDEZ encierra diferentes estados de \u00e1nimo de la poetisa; y as\u00ed podemos encontrar su mundo on\u00edrico e imaginativo en contrapunto con la realidad donde la ilusi\u00f3n se desvanece, para pasar luego al de las evocaciones, donde todo recupera la belleza y la fuerza.<\/p>\n<p>Respiremos en este libro el misterio de lo imperecedero, atravesando su frontera de luz, su sed, su llanto y su m\u00edstica sombra.<\/p>\n<p><a href=\"https:\/\/tavapy.gov.py\/biblioteca\/wp-content\/uploads\/2022\/03\/StorniA-Languidez.pdf\" target=\"_blank\" rel=\"attachment noopener wp-att-3564\"><img loading=\"lazy\" decoding=\"async\" class=\"size-full wp-image-3564 alignleft\" src=\"https:\/\/tavapy.gov.py\/biblioteca\/wp-content\/uploads\/2022\/03\/icono-PDF-copia-5.png\" alt=\"\" width=\"121\" height=\"140\" \/><\/a><\/p>\n","protected":false},"featured_media":3264,"comment_status":"open","ping_status":"closed","template":"","meta":{"spay_email":""},"product_cat":[97],"product_tag":[],"class_list":{"0":"post-3276","1":"product","2":"type-product","3":"status-publish","4":"has-post-thumbnail","6":"book_author-alfonsina-storni","7":"product_cat-poesia","8":"entry"},"_links":{"self":[{"href":"https:\/\/tavapy.gov.py\/biblioteca\/wp-json\/wp\/v2\/product\/3276","targetHints":{"allow":["GET"]}}],"collection":[{"href":"https:\/\/tavapy.gov.py\/biblioteca\/wp-json\/wp\/v2\/product"}],"about":[{"href":"https:\/\/tavapy.gov.py\/biblioteca\/wp-json\/wp\/v2\/types\/product"}],"replies":[{"embeddable":true,"href":"https:\/\/tavapy.gov.py\/biblioteca\/wp-json\/wp\/v2\/comments?post=3276"}],"wp:featuredmedia":[{"embeddable":true,"href":"https:\/\/tavapy.gov.py\/biblioteca\/wp-json\/wp\/v2\/media\/3264"}],"wp:attachment":[{"href":"https:\/\/tavapy.gov.py\/biblioteca\/wp-json\/wp\/v2\/media?parent=3276"}],"wp:term":[{"taxonomy":"product_cat","embeddable":true,"href":"https:\/\/tavapy.gov.py\/biblioteca\/wp-json\/wp\/v2\/product_cat?post=3276"},{"taxonomy":"product_tag","embeddable":true,"href":"https:\/\/tavapy.gov.py\/biblioteca\/wp-json\/wp\/v2\/product_tag?post=3276"}],"curies":[{"name":"wp","href":"https:\/\/api.w.org\/{rel}","templated":true}]}}