{"id":3278,"date":"2022-03-26T19:10:51","date_gmt":"2022-03-26T19:10:51","guid":{"rendered":"https:\/\/tavapy.gov.py\/biblioteca\/?post_type=product&#038;p=3278"},"modified":"2022-04-01T23:38:41","modified_gmt":"2022-04-01T23:38:41","slug":"la-tesis-como-orientarse-en-su-elaboracion","status":"publish","type":"product","link":"https:\/\/tavapy.gov.py\/biblioteca\/product\/la-tesis-como-orientarse-en-su-elaboracion\/","title":{"rendered":"LA TESIS. C\u00d3MO ORIENTARSE EN SU ELABORACI\u00d3N."},"content":{"rendered":"","protected":false},"excerpt":{"rendered":"<p>La tesis. C\u00f3mo orientarse en su elaboraci\u00f3n, es un libro pensado y escrito para quienes deben concluir sus estudios universitarios de grado o de posgrado (especializaciones, maestr\u00edas y doctorados) con un trabajo final, tesina o tesis. Refleja el clima de trabajo y la experiencia docente de muchos a\u00f1os del autor ayudando a superar la natural incertidumbre y el desasosiego en esta instancia crucial de los estudios.<\/p>\n<p>La secuencia de contenidos de este libro sigue el orden habitual de elaboraci\u00f3n de estos documentos, respetando con ello las exigencias frecuentes de las instituciones acad\u00e9micas, los usos generales que en el plano internacional tiene sus modelos est\u00e1ndar de estos documentos, y los requerimientos formales por los que deber\u00e1 transcurrir su empe\u00f1o.<\/p>\n<p>Este libro atiende tambi\u00e9n, asumiendo una clara postura epistemol\u00f3gica, a la realidad pr\u00e1ctica que establece diferencias entre las ciencias experimentales y las ciencias sociales, las humanidades y la filosof\u00eda, respecto del empleo de modelos de documentos y maneras de referenciar las fuentes. En este sentido es tambi\u00e9n un aporte novedoso a la bibliograf\u00eda actual sobre esta tem\u00e1tica.<\/p>\n<p><a href=\"https:\/\/tavapy.gov.py\/biblioteca\/wp-content\/uploads\/2022\/03\/DeiDaniel-La-tesis.-Como-orientarse-en-su-elaboracion.pdf\" target=\"_blank\" rel=\"attachment noopener wp-att-3564\"><img loading=\"lazy\" decoding=\"async\" class=\"size-full wp-image-3564 alignleft\" src=\"https:\/\/tavapy.gov.py\/biblioteca\/wp-content\/uploads\/2022\/03\/icono-PDF-copia-5.png\" alt=\"\" width=\"121\" height=\"140\" \/><\/a><\/p>\n","protected":false},"featured_media":3260,"comment_status":"open","ping_status":"closed","template":"","meta":{"spay_email":""},"product_cat":[101],"product_tag":[],"class_list":{"0":"post-3278","1":"product","2":"type-product","3":"status-publish","4":"has-post-thumbnail","6":"book_author-hector-daniel-dei","7":"product_cat-metodologia-de-la-investigacion","8":"entry"},"_links":{"self":[{"href":"https:\/\/tavapy.gov.py\/biblioteca\/wp-json\/wp\/v2\/product\/3278","targetHints":{"allow":["GET"]}}],"collection":[{"href":"https:\/\/tavapy.gov.py\/biblioteca\/wp-json\/wp\/v2\/product"}],"about":[{"href":"https:\/\/tavapy.gov.py\/biblioteca\/wp-json\/wp\/v2\/types\/product"}],"replies":[{"embeddable":true,"href":"https:\/\/tavapy.gov.py\/biblioteca\/wp-json\/wp\/v2\/comments?post=3278"}],"wp:featuredmedia":[{"embeddable":true,"href":"https:\/\/tavapy.gov.py\/biblioteca\/wp-json\/wp\/v2\/media\/3260"}],"wp:attachment":[{"href":"https:\/\/tavapy.gov.py\/biblioteca\/wp-json\/wp\/v2\/media?parent=3278"}],"wp:term":[{"taxonomy":"product_cat","embeddable":true,"href":"https:\/\/tavapy.gov.py\/biblioteca\/wp-json\/wp\/v2\/product_cat?post=3278"},{"taxonomy":"product_tag","embeddable":true,"href":"https:\/\/tavapy.gov.py\/biblioteca\/wp-json\/wp\/v2\/product_tag?post=3278"}],"curies":[{"name":"wp","href":"https:\/\/api.w.org\/{rel}","templated":true}]}}