{"id":3279,"date":"2022-03-26T19:14:03","date_gmt":"2022-03-26T19:14:03","guid":{"rendered":"https:\/\/tavapy.gov.py\/biblioteca\/?post_type=product&#038;p=3279"},"modified":"2022-04-01T23:35:54","modified_gmt":"2022-04-01T23:35:54","slug":"mitos-y-errores-en-la-elaboracion-de-tesis-y-proyectos-de-investigacion","status":"publish","type":"product","link":"https:\/\/tavapy.gov.py\/biblioteca\/product\/mitos-y-errores-en-la-elaboracion-de-tesis-y-proyectos-de-investigacion\/","title":{"rendered":"MITOS Y ERRORES EN LA ELABORACI\u00d3N DE TESIS Y PROYECTOS DE INVESTIGACI\u00d3N."},"content":{"rendered":"","protected":false},"excerpt":{"rendered":"<p>El contenido de este libro es producto de una investigaci\u00f3n realizada desde 1997 hasta el 2016, cuyos objetivos fueron: Detectar mitos o falsas creencias relacionadas con la elaboraci\u00f3n de tesis y proyectos de investigaci\u00f3n, enmarcados en el m\u00e9todo hipot\u00e9tico-deductivo e identificar los errores m\u00e1s comunes que se cometen en la elaboraci\u00f3n de tesis y proyectos.<\/p>\n<p>En cuanto a la metodolog\u00eda empleada para cumplir con dichos objetivos, consisti\u00f3 en un dise\u00f1o de investigaci\u00f3n mixto: de campo y documental. En el trabajo de campo se utiliz\u00f3 la t\u00e9cnica de observaci\u00f3n participante, realizada en eventos tales como Jornadas, Congresos y Seminarios sobre Metodolog\u00eda de la Investigaci\u00f3n.<\/p>\n<p>Tambi\u00e9n se efectuaron observaciones en defensas de trabajos de grado a nivel de pre y postgrado, tanto en instituciones p\u00fablicas como privadas. Mientras que el dise\u00f1o documental se bas\u00f3 en el an\u00e1lisis cr\u00edtico y evaluativo de proyectos y trabajos de grado presentados en los niveles\u00a0mencionados.<\/p>\n<p><a href=\"https:\/\/tavapy.gov.py\/biblioteca\/wp-content\/uploads\/2022\/03\/AriasF-Mitos-y-errores-en-tesis.pdf\" target=\"_blank\" rel=\"attachment noopener wp-att-3564\"><img loading=\"lazy\" decoding=\"async\" class=\"size-full wp-image-3564 alignleft\" src=\"https:\/\/tavapy.gov.py\/biblioteca\/wp-content\/uploads\/2022\/03\/icono-PDF-copia-5.png\" alt=\"\" width=\"121\" height=\"140\" \/><\/a><\/p>\n","protected":false},"featured_media":3258,"comment_status":"open","ping_status":"closed","template":"","meta":{"spay_email":""},"product_cat":[101],"product_tag":[],"class_list":{"0":"post-3279","1":"product","2":"type-product","3":"status-publish","4":"has-post-thumbnail","6":"book_author-fidias-arias","7":"product_cat-metodologia-de-la-investigacion","8":"entry"},"_links":{"self":[{"href":"https:\/\/tavapy.gov.py\/biblioteca\/wp-json\/wp\/v2\/product\/3279","targetHints":{"allow":["GET"]}}],"collection":[{"href":"https:\/\/tavapy.gov.py\/biblioteca\/wp-json\/wp\/v2\/product"}],"about":[{"href":"https:\/\/tavapy.gov.py\/biblioteca\/wp-json\/wp\/v2\/types\/product"}],"replies":[{"embeddable":true,"href":"https:\/\/tavapy.gov.py\/biblioteca\/wp-json\/wp\/v2\/comments?post=3279"}],"wp:featuredmedia":[{"embeddable":true,"href":"https:\/\/tavapy.gov.py\/biblioteca\/wp-json\/wp\/v2\/media\/3258"}],"wp:attachment":[{"href":"https:\/\/tavapy.gov.py\/biblioteca\/wp-json\/wp\/v2\/media?parent=3279"}],"wp:term":[{"taxonomy":"product_cat","embeddable":true,"href":"https:\/\/tavapy.gov.py\/biblioteca\/wp-json\/wp\/v2\/product_cat?post=3279"},{"taxonomy":"product_tag","embeddable":true,"href":"https:\/\/tavapy.gov.py\/biblioteca\/wp-json\/wp\/v2\/product_tag?post=3279"}],"curies":[{"name":"wp","href":"https:\/\/api.w.org\/{rel}","templated":true}]}}