{"id":3280,"date":"2022-03-26T19:17:01","date_gmt":"2022-03-26T19:17:01","guid":{"rendered":"https:\/\/tavapy.gov.py\/biblioteca\/?post_type=product&#038;p=3280"},"modified":"2022-04-01T23:32:35","modified_gmt":"2022-04-01T23:32:35","slug":"metodologia-de-la-investigacion-cientifica","status":"publish","type":"product","link":"https:\/\/tavapy.gov.py\/biblioteca\/product\/metodologia-de-la-investigacion-cientifica\/","title":{"rendered":"METODOLOG\u00cdA DE LA INVESTIGACI\u00d3N CIENT\u00cdFICA."},"content":{"rendered":"","protected":false},"excerpt":{"rendered":"<p>La sexta edici\u00f3n de Metodolog\u00eda de la investigaci\u00f3n fue publicada en 2.018 y es un libro escrito con un prop\u00f3sito definido: guiar paso por paso a maestros y estudiantes sobre c\u00f3mo realizar investigaciones sociales.<\/p>\n<p>Se trata de un libro que puede usarse en cursos b\u00e1sicos, intermedios y avanzados en materias y seminarios de investigaci\u00f3n o metodolog\u00eda. Contiene aplicaciones y ejemplos que lo hacen \u00fatil para cualquier ciencia social.<\/p>\n<p>Adem\u00e1s es un texto completo que trata tanto el enfoque experimental como el no experimental, el cuantitativo y el cualitativo. Abarca desde la concepci\u00f3n de la idea de investigaci\u00f3n y el desarrollo del marco te\u00f3rico hasta la formulaci\u00f3n de hip\u00f3tesis, la elecci\u00f3n del dise\u00f1o de investigaci\u00f3n, la elaboraci\u00f3n del instrumento de recolecci\u00f3n de los datos y del reporte de investigaci\u00f3n. Incluye un cap\u00edtulo sobre el an\u00e1lisis estad\u00edstico y otro sobre muestreo.<\/p>\n<p><a href=\"https:\/\/tavapy.gov.py\/biblioteca\/wp-content\/uploads\/2022\/03\/Hernandez-SampieriR-Metodologia-de-la-Investigacion.pdf\" target=\"_blank\" rel=\"attachment noopener wp-att-3564\"><img loading=\"lazy\" decoding=\"async\" class=\"size-full wp-image-3564 alignleft\" src=\"https:\/\/tavapy.gov.py\/biblioteca\/wp-content\/uploads\/2022\/03\/icono-PDF-copia-5.png\" alt=\"\" width=\"121\" height=\"140\" \/><\/a><\/p>\n","protected":false},"featured_media":3256,"comment_status":"open","ping_status":"closed","template":"","meta":{"spay_email":""},"product_cat":[101],"product_tag":[],"class_list":{"0":"post-3280","1":"product","2":"type-product","3":"status-publish","4":"has-post-thumbnail","6":"book_author-roberto-hernandez-sampieri","7":"product_cat-metodologia-de-la-investigacion","8":"entry"},"_links":{"self":[{"href":"https:\/\/tavapy.gov.py\/biblioteca\/wp-json\/wp\/v2\/product\/3280","targetHints":{"allow":["GET"]}}],"collection":[{"href":"https:\/\/tavapy.gov.py\/biblioteca\/wp-json\/wp\/v2\/product"}],"about":[{"href":"https:\/\/tavapy.gov.py\/biblioteca\/wp-json\/wp\/v2\/types\/product"}],"replies":[{"embeddable":true,"href":"https:\/\/tavapy.gov.py\/biblioteca\/wp-json\/wp\/v2\/comments?post=3280"}],"wp:featuredmedia":[{"embeddable":true,"href":"https:\/\/tavapy.gov.py\/biblioteca\/wp-json\/wp\/v2\/media\/3256"}],"wp:attachment":[{"href":"https:\/\/tavapy.gov.py\/biblioteca\/wp-json\/wp\/v2\/media?parent=3280"}],"wp:term":[{"taxonomy":"product_cat","embeddable":true,"href":"https:\/\/tavapy.gov.py\/biblioteca\/wp-json\/wp\/v2\/product_cat?post=3280"},{"taxonomy":"product_tag","embeddable":true,"href":"https:\/\/tavapy.gov.py\/biblioteca\/wp-json\/wp\/v2\/product_tag?post=3280"}],"curies":[{"name":"wp","href":"https:\/\/api.w.org\/{rel}","templated":true}]}}