{"id":3282,"date":"2022-03-26T19:32:27","date_gmt":"2022-03-26T19:32:27","guid":{"rendered":"https:\/\/tavapy.gov.py\/biblioteca\/?post_type=product&#038;p=3282"},"modified":"2022-04-01T23:27:00","modified_gmt":"2022-04-01T23:27:00","slug":"introduccion-al-pensamiento-complejo","status":"publish","type":"product","link":"https:\/\/tavapy.gov.py\/biblioteca\/product\/introduccion-al-pensamiento-complejo\/","title":{"rendered":"INTRODUCCI\u00d3N AL PENSAMIENTO COMPLEJO."},"content":{"rendered":"","protected":false},"excerpt":{"rendered":"<p>La de Edgar Morin es, qu\u00e9 duda cabe, una aventura intelectual. Extra\u00f1a asociaci\u00f3n la de estos t\u00e9rminos. Lo intelectual evoca a la raz\u00f3n, al orden, a lo cient\u00edfico y bien estructurado, a lo sesudo y alejado del riesgo. Aventura, en cambio, es el nombre de la pasi\u00f3n, del libre juego resistiendo la asfixia impuesta por las reglas, de lo impulsivo y espont\u00e1neo, de lo impredictible.<\/p>\n<p>En este volumen se recogen una serie de ensayos y presentaciones realizadas entre 1976 y 1988, en las que se nos introduce al nuevo concepto de \u00ablo complejo\u00bb, de lo transdisciplinar.<\/p>\n<p>El di\u00e1logo estimulador del pensamiento que Morin propone a todo aquel que se sumerge en su lectura, capturar\u00e1 a todos los que se interesen en desarrollar un modo complejo de pensar la experiencia humana, recuperando el asombro ante el milagro doble del conocimiento y del misterio, que asoma detr\u00e1s de toda filosof\u00eda, de toda ciencia, de toda religi\u00f3n, y que a\u00fana a la empresa humana en su aventura abierta hacia el descubrimiento de nosotros mismos, nuestros l\u00edmites y nuestras posibilidades.<\/p>\n<p><a href=\"https:\/\/tavapy.gov.py\/biblioteca\/wp-content\/uploads\/2022\/03\/Morin-E-Introduccion_al_pensamiento_complejo-5.pdf\" target=\"_blank\" rel=\"attachment noopener wp-att-3564\"><img loading=\"lazy\" decoding=\"async\" class=\"size-full wp-image-3564 alignleft\" src=\"https:\/\/tavapy.gov.py\/biblioteca\/wp-content\/uploads\/2022\/03\/icono-PDF-copia-5.png\" alt=\"\" width=\"121\" height=\"140\" \/><\/a><\/p>\n","protected":false},"featured_media":3246,"comment_status":"open","ping_status":"closed","template":"","meta":{"spay_email":""},"product_cat":[105],"product_tag":[],"class_list":{"0":"post-3282","1":"product","2":"type-product","3":"status-publish","4":"has-post-thumbnail","6":"book_author-edgar-morin","7":"product_cat-nueva-cosmologia","8":"entry"},"_links":{"self":[{"href":"https:\/\/tavapy.gov.py\/biblioteca\/wp-json\/wp\/v2\/product\/3282","targetHints":{"allow":["GET"]}}],"collection":[{"href":"https:\/\/tavapy.gov.py\/biblioteca\/wp-json\/wp\/v2\/product"}],"about":[{"href":"https:\/\/tavapy.gov.py\/biblioteca\/wp-json\/wp\/v2\/types\/product"}],"replies":[{"embeddable":true,"href":"https:\/\/tavapy.gov.py\/biblioteca\/wp-json\/wp\/v2\/comments?post=3282"}],"wp:featuredmedia":[{"embeddable":true,"href":"https:\/\/tavapy.gov.py\/biblioteca\/wp-json\/wp\/v2\/media\/3246"}],"wp:attachment":[{"href":"https:\/\/tavapy.gov.py\/biblioteca\/wp-json\/wp\/v2\/media?parent=3282"}],"wp:term":[{"taxonomy":"product_cat","embeddable":true,"href":"https:\/\/tavapy.gov.py\/biblioteca\/wp-json\/wp\/v2\/product_cat?post=3282"},{"taxonomy":"product_tag","embeddable":true,"href":"https:\/\/tavapy.gov.py\/biblioteca\/wp-json\/wp\/v2\/product_tag?post=3282"}],"curies":[{"name":"wp","href":"https:\/\/api.w.org\/{rel}","templated":true}]}}