{"id":3283,"date":"2022-03-26T19:39:45","date_gmt":"2022-03-26T19:39:45","guid":{"rendered":"https:\/\/tavapy.gov.py\/biblioteca\/?post_type=product&#038;p=3283"},"modified":"2022-04-01T23:24:11","modified_gmt":"2022-04-01T23:24:11","slug":"la-trama-de-la-vida","status":"publish","type":"product","link":"https:\/\/tavapy.gov.py\/biblioteca\/product\/la-trama-de-la-vida\/","title":{"rendered":"LA TRAMA DE LA VIDA."},"content":{"rendered":"","protected":false},"excerpt":{"rendered":"<p>Los bi\u00f3logos moleculares han descubierto los elementos fundamentales para la construcci\u00f3n de la vida, pero ello no les ha ayudado en su comprensi\u00f3n de las acciones integradoras vitales de los organismos vivos.<\/p>\n<p>Recientemente, ha ido emergiendo un nuevo lenguaje para la comprensi\u00f3n de los complejos sistemas vivos. Diversos cient\u00edficos le otorgan distintos nombres: teor\u00eda de los sistemas din\u00e1micos, teor\u00eda de la complejidad, din\u00e1mica no-lineal, din\u00e1mica de redes, etc.<\/p>\n<p>\u00c9ste es el reto y la promesa de La trama de la vida, obra escrita por Fritjof Capra en el a\u00f1o 1.996.<\/p>\n<p><a href=\"https:\/\/tavapy.gov.py\/biblioteca\/wp-content\/uploads\/2022\/03\/CapraF-La_trama_de_la_vida-1.pdf\" target=\"_blank\" rel=\"attachment noopener wp-att-3564\"><img loading=\"lazy\" decoding=\"async\" class=\"size-full wp-image-3564 alignleft\" src=\"https:\/\/tavapy.gov.py\/biblioteca\/wp-content\/uploads\/2022\/03\/icono-PDF-copia-5.png\" alt=\"\" width=\"121\" height=\"140\" \/><\/a><\/p>\n","protected":false},"featured_media":3244,"comment_status":"open","ping_status":"closed","template":"","meta":{"spay_email":""},"product_cat":[105],"product_tag":[],"class_list":{"0":"post-3283","1":"product","2":"type-product","3":"status-publish","4":"has-post-thumbnail","6":"book_author-fritjof-capra","7":"product_cat-nueva-cosmologia","8":"entry"},"_links":{"self":[{"href":"https:\/\/tavapy.gov.py\/biblioteca\/wp-json\/wp\/v2\/product\/3283","targetHints":{"allow":["GET"]}}],"collection":[{"href":"https:\/\/tavapy.gov.py\/biblioteca\/wp-json\/wp\/v2\/product"}],"about":[{"href":"https:\/\/tavapy.gov.py\/biblioteca\/wp-json\/wp\/v2\/types\/product"}],"replies":[{"embeddable":true,"href":"https:\/\/tavapy.gov.py\/biblioteca\/wp-json\/wp\/v2\/comments?post=3283"}],"wp:featuredmedia":[{"embeddable":true,"href":"https:\/\/tavapy.gov.py\/biblioteca\/wp-json\/wp\/v2\/media\/3244"}],"wp:attachment":[{"href":"https:\/\/tavapy.gov.py\/biblioteca\/wp-json\/wp\/v2\/media?parent=3283"}],"wp:term":[{"taxonomy":"product_cat","embeddable":true,"href":"https:\/\/tavapy.gov.py\/biblioteca\/wp-json\/wp\/v2\/product_cat?post=3283"},{"taxonomy":"product_tag","embeddable":true,"href":"https:\/\/tavapy.gov.py\/biblioteca\/wp-json\/wp\/v2\/product_tag?post=3283"}],"curies":[{"name":"wp","href":"https:\/\/api.w.org\/{rel}","templated":true}]}}