{"id":3284,"date":"2022-03-26T19:47:09","date_gmt":"2022-03-26T19:47:09","guid":{"rendered":"https:\/\/tavapy.gov.py\/biblioteca\/?post_type=product&#038;p=3284"},"modified":"2022-04-01T23:21:39","modified_gmt":"2022-04-01T23:21:39","slug":"la-naturaleza-y-los-griegos","status":"publish","type":"product","link":"https:\/\/tavapy.gov.py\/biblioteca\/product\/la-naturaleza-y-los-griegos\/","title":{"rendered":"LA NATURALEZA Y LOS GRIEGOS."},"content":{"rendered":"","protected":false},"excerpt":{"rendered":"<p>El siglo XX pasar\u00e1 sin duda como uno de los periodos en que la humanidad habr\u00e1 presenciado los cambios cient\u00edficos m\u00e1s revolucionarios de su historia.<\/p>\n<p>Su inter\u00e9s por los or\u00edgenes del pensamiento cient\u00edfico parte de la preocupaci\u00f3n por conocer las causas intr\u00ednsecas del conflicto entre religi\u00f3n y ciencia, entre filosof\u00eda y f\u00edsica, conflicto que se ha ido agravando desde el renacer de la ciencia en el siglo XVII hasta nuestros d\u00edas y que surge de una pregunta primordial, a\u00fan no resuelta: \u00bfde d\u00f3nde vengo y ad\u00f3nde voy?<\/p>\n<p>En esta obra escrita en el a\u00f1o 1.956, Schrodinger, sumergido por su propia actividad en la investigaci\u00f3n de la naturaleza profunda de la realidad f\u00edsica, se propuso intentar descubrir cu\u00e1l es el lugar de la humanidad en relaci\u00f3n con esta \u00abrealidad\u00bb y averiguar c\u00f3mo los grandes pensadores del pasado examinaron esta cuesti\u00f3n.<\/p>\n<p><a href=\"https:\/\/tavapy.gov.py\/biblioteca\/wp-content\/uploads\/2022\/03\/SchrodingerE_La_naturaleza_y_los_griegos.pdf\" target=\"_blank\" rel=\"attachment noopener wp-att-3564\"><img loading=\"lazy\" decoding=\"async\" class=\"size-full wp-image-3564 alignleft\" src=\"https:\/\/tavapy.gov.py\/biblioteca\/wp-content\/uploads\/2022\/03\/icono-PDF-copia-5.png\" alt=\"\" width=\"121\" height=\"140\" \/><\/a><\/p>\n","protected":false},"featured_media":3242,"comment_status":"open","ping_status":"closed","template":"","meta":{"spay_email":""},"product_cat":[109],"product_tag":[],"class_list":{"0":"post-3284","1":"product","2":"type-product","3":"status-publish","4":"has-post-thumbnail","6":"book_author-erwin-schrodinger","7":"product_cat-fisica-moderna","8":"entry"},"_links":{"self":[{"href":"https:\/\/tavapy.gov.py\/biblioteca\/wp-json\/wp\/v2\/product\/3284","targetHints":{"allow":["GET"]}}],"collection":[{"href":"https:\/\/tavapy.gov.py\/biblioteca\/wp-json\/wp\/v2\/product"}],"about":[{"href":"https:\/\/tavapy.gov.py\/biblioteca\/wp-json\/wp\/v2\/types\/product"}],"replies":[{"embeddable":true,"href":"https:\/\/tavapy.gov.py\/biblioteca\/wp-json\/wp\/v2\/comments?post=3284"}],"wp:featuredmedia":[{"embeddable":true,"href":"https:\/\/tavapy.gov.py\/biblioteca\/wp-json\/wp\/v2\/media\/3242"}],"wp:attachment":[{"href":"https:\/\/tavapy.gov.py\/biblioteca\/wp-json\/wp\/v2\/media?parent=3284"}],"wp:term":[{"taxonomy":"product_cat","embeddable":true,"href":"https:\/\/tavapy.gov.py\/biblioteca\/wp-json\/wp\/v2\/product_cat?post=3284"},{"taxonomy":"product_tag","embeddable":true,"href":"https:\/\/tavapy.gov.py\/biblioteca\/wp-json\/wp\/v2\/product_tag?post=3284"}],"curies":[{"name":"wp","href":"https:\/\/api.w.org\/{rel}","templated":true}]}}