{"id":3285,"date":"2022-03-26T19:51:37","date_gmt":"2022-03-26T19:51:37","guid":{"rendered":"https:\/\/tavapy.gov.py\/biblioteca\/?post_type=product&#038;p=3285"},"modified":"2022-04-01T23:18:57","modified_gmt":"2022-04-01T23:18:57","slug":"la-imagen-de-la-naturaleza-en-la-fisica-actual","status":"publish","type":"product","link":"https:\/\/tavapy.gov.py\/biblioteca\/product\/la-imagen-de-la-naturaleza-en-la-fisica-actual\/","title":{"rendered":"LA IMAGEN DE LA NATURALEZA EN LA F\u00cdSICA ACTUAL."},"content":{"rendered":"","protected":false},"excerpt":{"rendered":"<p>\u201cLa imagen de la naturaleza en la f\u00edsica actual\u201d (1955) obra escrita en 1.955, analiza la percepci\u00f3n de la naturaleza surgida tras el cambio de paradigma en la f\u00edsica que supuso, a principios del XX, el descubrimiento de la teor\u00eda de la relatividad y la f\u00edsica cu\u00e1ntica.<\/p>\n<p>El primer punto que trata el autor en su trabajo es \u201cEl problema de la naturaleza\u201d. En este apartado muestra Heisenberg como el concepto que el hombre ha tenido de la Naturaleza ha cambiado desde la concepci\u00f3n medieval hasta la de nuestros d\u00edas.<\/p>\n<p>La imagen medieval entend\u00eda la Naturaleza como criatura de Dios y por lo tanto la investigaci\u00f3n sobre ella no pod\u00eda prescindir de \u00c9l. Sin embargo, en el cristianismo de la Modernidad Dios se fue trascendiendo hasta llegar a estar \u201cm\u00e1s all\u00e1\u201d de la Naturaleza, este proceso de separaci\u00f3n entre Dios y el Universo (impensable en el pante\u00edsmo o inmanentismo de la Antig\u00fcedad) permiti\u00f3 que se desarrollara una ciencia de la Naturaleza en donde la idea de Dios fuera desplazada paulatinamente.<\/p>\n<p><a href=\"https:\/\/tavapy.gov.py\/biblioteca\/wp-content\/uploads\/2022\/03\/Heisenberg-La_imagen_de_la_naturaleza.pdf\" target=\"_blank\" rel=\"attachment noopener wp-att-3564\"><img loading=\"lazy\" decoding=\"async\" class=\"size-full wp-image-3564 alignleft\" src=\"https:\/\/tavapy.gov.py\/biblioteca\/wp-content\/uploads\/2022\/03\/icono-PDF-copia-5.png\" alt=\"\" width=\"121\" height=\"140\" \/><\/a><\/p>\n","protected":false},"featured_media":3240,"comment_status":"open","ping_status":"closed","template":"","meta":{"spay_email":""},"product_cat":[109],"product_tag":[],"class_list":{"0":"post-3285","1":"product","2":"type-product","3":"status-publish","4":"has-post-thumbnail","6":"book_author-werner-heisenberg","7":"product_cat-fisica-moderna","8":"entry"},"_links":{"self":[{"href":"https:\/\/tavapy.gov.py\/biblioteca\/wp-json\/wp\/v2\/product\/3285","targetHints":{"allow":["GET"]}}],"collection":[{"href":"https:\/\/tavapy.gov.py\/biblioteca\/wp-json\/wp\/v2\/product"}],"about":[{"href":"https:\/\/tavapy.gov.py\/biblioteca\/wp-json\/wp\/v2\/types\/product"}],"replies":[{"embeddable":true,"href":"https:\/\/tavapy.gov.py\/biblioteca\/wp-json\/wp\/v2\/comments?post=3285"}],"wp:featuredmedia":[{"embeddable":true,"href":"https:\/\/tavapy.gov.py\/biblioteca\/wp-json\/wp\/v2\/media\/3240"}],"wp:attachment":[{"href":"https:\/\/tavapy.gov.py\/biblioteca\/wp-json\/wp\/v2\/media?parent=3285"}],"wp:term":[{"taxonomy":"product_cat","embeddable":true,"href":"https:\/\/tavapy.gov.py\/biblioteca\/wp-json\/wp\/v2\/product_cat?post=3285"},{"taxonomy":"product_tag","embeddable":true,"href":"https:\/\/tavapy.gov.py\/biblioteca\/wp-json\/wp\/v2\/product_tag?post=3285"}],"curies":[{"name":"wp","href":"https:\/\/api.w.org\/{rel}","templated":true}]}}