{"id":3286,"date":"2022-03-26T19:55:47","date_gmt":"2022-03-26T19:55:47","guid":{"rendered":"https:\/\/tavapy.gov.py\/biblioteca\/?post_type=product&#038;p=3286"},"modified":"2022-04-01T23:16:18","modified_gmt":"2022-04-01T23:16:18","slug":"la-evolucion-de-la-fisica","status":"publish","type":"product","link":"https:\/\/tavapy.gov.py\/biblioteca\/product\/la-evolucion-de-la-fisica\/","title":{"rendered":"LA EVOLUCI\u00d3N DE LA F\u00cdSICA."},"content":{"rendered":"","protected":false},"excerpt":{"rendered":"<p>La mayor\u00eda de la gente est\u00e1 convencida de que las nuevas teor\u00edas f\u00edsicas son indescifrables para los no especialistas. Muchos se mostrar\u00edan esc\u00e9pticos si alguien les dijera que, en esencia, dichas teor\u00edas son tan comprensibles como los conceptos cl\u00e1sicos de esta ciencia que aprendimos en la escuela.<\/p>\n<p>Y su escepticismo aumentar\u00eda si se les indicara que podr\u00edan entenderlas leyendo un libro de Albert Einstein. Pues bien, este libro es La Evoluci\u00f3n de la F\u00edsica, obra escrita en el a\u00f1o 1.938, el \u00fanico que Einstein escribi\u00f3 para el gran p\u00fablico.<\/p>\n<p>Einstein redact\u00f3 esta obra en colaboraci\u00f3n con Leopold Infeld, otro f\u00edsico inminente, de nacionalidad polaca, autor de importantes trabajos sobre la relatividad y la teor\u00eda de los cuantos.<\/p>\n<p>En un estilo claro y directo, se describen en el libro los conceptos b\u00e1sicos de la f\u00edsica, dando un repaso a las etapas cubiertas por esta rama de la ciencia desde su primera edad de oro, la de Galileo y Newton.<\/p>\n<p>&nbsp;<\/p>\n<p><a href=\"https:\/\/tavapy.gov.py\/biblioteca\/wp-content\/uploads\/2022\/03\/EinsteinA-La-evolucion-de-la-fisica.pdf\" target=\"_blank\" rel=\"attachment noopener wp-att-3564\"><img loading=\"lazy\" decoding=\"async\" class=\"size-full wp-image-3564 alignleft\" src=\"https:\/\/tavapy.gov.py\/biblioteca\/wp-content\/uploads\/2022\/03\/icono-PDF-copia-5.png\" alt=\"\" width=\"121\" height=\"140\" \/><\/a><\/p>\n","protected":false},"featured_media":3238,"comment_status":"open","ping_status":"closed","template":"","meta":{"spay_email":""},"product_cat":[109],"product_tag":[],"class_list":{"0":"post-3286","1":"product","2":"type-product","3":"status-publish","4":"has-post-thumbnail","6":"book_author-albert-einstein","7":"product_cat-fisica-moderna","8":"entry"},"_links":{"self":[{"href":"https:\/\/tavapy.gov.py\/biblioteca\/wp-json\/wp\/v2\/product\/3286","targetHints":{"allow":["GET"]}}],"collection":[{"href":"https:\/\/tavapy.gov.py\/biblioteca\/wp-json\/wp\/v2\/product"}],"about":[{"href":"https:\/\/tavapy.gov.py\/biblioteca\/wp-json\/wp\/v2\/types\/product"}],"replies":[{"embeddable":true,"href":"https:\/\/tavapy.gov.py\/biblioteca\/wp-json\/wp\/v2\/comments?post=3286"}],"wp:featuredmedia":[{"embeddable":true,"href":"https:\/\/tavapy.gov.py\/biblioteca\/wp-json\/wp\/v2\/media\/3238"}],"wp:attachment":[{"href":"https:\/\/tavapy.gov.py\/biblioteca\/wp-json\/wp\/v2\/media?parent=3286"}],"wp:term":[{"taxonomy":"product_cat","embeddable":true,"href":"https:\/\/tavapy.gov.py\/biblioteca\/wp-json\/wp\/v2\/product_cat?post=3286"},{"taxonomy":"product_tag","embeddable":true,"href":"https:\/\/tavapy.gov.py\/biblioteca\/wp-json\/wp\/v2\/product_tag?post=3286"}],"curies":[{"name":"wp","href":"https:\/\/api.w.org\/{rel}","templated":true}]}}