{"id":3288,"date":"2022-03-26T20:08:19","date_gmt":"2022-03-26T20:08:19","guid":{"rendered":"https:\/\/tavapy.gov.py\/biblioteca\/?post_type=product&#038;p=3288"},"modified":"2022-04-01T23:08:44","modified_gmt":"2022-04-01T23:08:44","slug":"etica-para-amador","status":"publish","type":"product","link":"https:\/\/tavapy.gov.py\/biblioteca\/product\/etica-para-amador\/","title":{"rendered":"\u00c9TICA PARA AMADOR."},"content":{"rendered":"","protected":false},"excerpt":{"rendered":"<p>\u00c9tica para Amador es el libro que Savater escribi\u00f3 en 1991 para su hijo Amador, entonces un adolescente, con la voluntad de expresar, de una manera amena e inteligible, el significado y las coordenadas de la \u00e9tica. Advert\u00eda Savater en lo que denominaba \u00abAviso antipedag\u00f3gico\u00bb que \u00abeste libro no es un manual de \u00e9tica para alumnos de bachillerato \u2026 tampoco se trata de un recetario de respuestas moralizantes a los problemas cotidianos que puede uno encontrarse en el peri\u00f3dico y en la calle\u00bb.<\/p>\n<p>Es, sencillamente, un \u00ablibro personal y subjetivo\u00bb y \u00absu objetivo no es fabricar ciudadanos bienpensantes (ni mucho menos malpensados) sino estimular el desarrollo de librepensadores\u00bb. Sentadas estas bases, a lo largo de nueve cap\u00edtulos y con el soporte de la historia, la literatura o la mitolog\u00eda \u2013desde episodios de la Il\u00edada hasta el Antiguo Testamento\u2013, Savater pasa revista a una disciplina necesaria para la condici\u00f3n de hombre y de ciudadano.<\/p>\n<p>En el primero, \u00abDe qu\u00e9 va la \u00e9tica\u00bb desvela que, \u00aba diferencia de otros seres, vivos o inanimados, los hombres podemos inventar y elegir en parte nuestra forma de vida\u00bb lo que comporta la posibilidad de equivocarse, y la necesidad de elegir: en esas coordenadas se sit\u00faa la \u00e9tica, entendida como \u00abarte de vivir\u00bb.<\/p>\n<p><a href=\"https:\/\/tavapy.gov.py\/biblioteca\/wp-content\/uploads\/2022\/03\/SavaterF-Etica-Para-Amador.pdf\" target=\"_blank\" rel=\"attachment noopener wp-att-3564\"><img loading=\"lazy\" decoding=\"async\" class=\"size-full wp-image-3564 alignleft\" src=\"https:\/\/tavapy.gov.py\/biblioteca\/wp-content\/uploads\/2022\/03\/icono-PDF-copia-5.png\" alt=\"\" width=\"121\" height=\"140\" \/><\/a><\/p>\n","protected":false},"featured_media":3234,"comment_status":"open","ping_status":"closed","template":"","meta":{"spay_email":""},"product_cat":[113],"product_tag":[],"class_list":{"0":"post-3288","1":"product","2":"type-product","3":"status-publish","4":"has-post-thumbnail","6":"book_author-fernando-savater","7":"product_cat-etica","8":"entry"},"_links":{"self":[{"href":"https:\/\/tavapy.gov.py\/biblioteca\/wp-json\/wp\/v2\/product\/3288","targetHints":{"allow":["GET"]}}],"collection":[{"href":"https:\/\/tavapy.gov.py\/biblioteca\/wp-json\/wp\/v2\/product"}],"about":[{"href":"https:\/\/tavapy.gov.py\/biblioteca\/wp-json\/wp\/v2\/types\/product"}],"replies":[{"embeddable":true,"href":"https:\/\/tavapy.gov.py\/biblioteca\/wp-json\/wp\/v2\/comments?post=3288"}],"wp:featuredmedia":[{"embeddable":true,"href":"https:\/\/tavapy.gov.py\/biblioteca\/wp-json\/wp\/v2\/media\/3234"}],"wp:attachment":[{"href":"https:\/\/tavapy.gov.py\/biblioteca\/wp-json\/wp\/v2\/media?parent=3288"}],"wp:term":[{"taxonomy":"product_cat","embeddable":true,"href":"https:\/\/tavapy.gov.py\/biblioteca\/wp-json\/wp\/v2\/product_cat?post=3288"},{"taxonomy":"product_tag","embeddable":true,"href":"https:\/\/tavapy.gov.py\/biblioteca\/wp-json\/wp\/v2\/product_tag?post=3288"}],"curies":[{"name":"wp","href":"https:\/\/api.w.org\/{rel}","templated":true}]}}