{"id":3289,"date":"2022-03-26T20:11:40","date_gmt":"2022-03-26T20:11:40","guid":{"rendered":"https:\/\/tavapy.gov.py\/biblioteca\/?post_type=product&#038;p=3289"},"modified":"2022-04-01T23:05:20","modified_gmt":"2022-04-01T23:05:20","slug":"etica-a-nicomano","status":"publish","type":"product","link":"https:\/\/tavapy.gov.py\/biblioteca\/product\/etica-a-nicomano\/","title":{"rendered":"\u00c9TICA A NIC\u00d3MANO."},"content":{"rendered":"","protected":false},"excerpt":{"rendered":"<p>La Historia del Pensamiento muestra que los hombres de todos los tiempos han vuelto la mirada una y otra vez hacia la \u00c9tica a Nic\u00f3maco, obra escrita en el a\u00f1o 349 a.C., donde encontraron respuestas a sus acuciantes preguntas sobre qu\u00e9 vida merece la pena ser vivida, qu\u00e9 es la amistad, la justicia, la bondad, la verdad y qu\u00e9 virtudes son necesarias para vivir con otros en sociedad.<\/p>\n<p>El hombre es un ser que vive y convive. Su existencia no se agota en un vivir, sino que se realiza plenamente en el convivir, en el ser con otros. En esa convivencia el hombre despliega su actuaci\u00f3n, y es ah\u00ed donde aparece la \u00e9tica que juzga y que estudia, los actos humanos. Acciones que permiten una relaci\u00f3n din\u00e1mica con otros en la convivencia plena que lo humaniza, y lo faculta para realizar el ideal de bien vivir en sociedad.<\/p>\n<p>Arist\u00f3teles propuso una \u00e9tica que abarcara todo el amplio espectro del actuar del hombre, aunque escribiera tres tratados de \u00e9tica, la \u00e9tica no fue para \u00e9l un recetario al estilo de los sofistas, sino una investigaci\u00f3n de c\u00f3mo surge el sentido moral en el hombre y c\u00f3mo se manifiesta.<\/p>\n<p>El nacimiento tiene que ver con el mismo hombre, es intr\u00ednseco a \u00e9l, y su manifestaci\u00f3n es la forma de vida del ser humano que es totalidad y est\u00e1 relacionada con la \u00e9tica, porque el hombre es un animal racional y comunicativo, un ser que trabaja y con su esfuerzo adquiere, fabrica, los medios necesarios para su subsistencia. Esta capacidad configura al hombre como un ser que lleva una existencia activa, pero libre porque es due\u00f1o de sus actos.<\/p>\n<p><a href=\"https:\/\/tavapy.gov.py\/biblioteca\/wp-content\/uploads\/2022\/03\/Aristoteles-Etica-a-Nicomaco-1.pdf\" target=\"_blank\" rel=\"attachment noopener wp-att-3564\"><img loading=\"lazy\" decoding=\"async\" class=\"size-full wp-image-3564 alignleft\" src=\"https:\/\/tavapy.gov.py\/biblioteca\/wp-content\/uploads\/2022\/03\/icono-PDF-copia-5.png\" alt=\"\" width=\"121\" height=\"140\" \/><\/a><\/p>\n<p>&nbsp;<\/p>\n","protected":false},"featured_media":3232,"comment_status":"open","ping_status":"closed","template":"","meta":{"spay_email":""},"product_cat":[113],"product_tag":[],"class_list":{"0":"post-3289","1":"product","2":"type-product","3":"status-publish","4":"has-post-thumbnail","6":"book_author-aristoteles","7":"product_cat-etica","8":"entry"},"_links":{"self":[{"href":"https:\/\/tavapy.gov.py\/biblioteca\/wp-json\/wp\/v2\/product\/3289","targetHints":{"allow":["GET"]}}],"collection":[{"href":"https:\/\/tavapy.gov.py\/biblioteca\/wp-json\/wp\/v2\/product"}],"about":[{"href":"https:\/\/tavapy.gov.py\/biblioteca\/wp-json\/wp\/v2\/types\/product"}],"replies":[{"embeddable":true,"href":"https:\/\/tavapy.gov.py\/biblioteca\/wp-json\/wp\/v2\/comments?post=3289"}],"wp:featuredmedia":[{"embeddable":true,"href":"https:\/\/tavapy.gov.py\/biblioteca\/wp-json\/wp\/v2\/media\/3232"}],"wp:attachment":[{"href":"https:\/\/tavapy.gov.py\/biblioteca\/wp-json\/wp\/v2\/media?parent=3289"}],"wp:term":[{"taxonomy":"product_cat","embeddable":true,"href":"https:\/\/tavapy.gov.py\/biblioteca\/wp-json\/wp\/v2\/product_cat?post=3289"},{"taxonomy":"product_tag","embeddable":true,"href":"https:\/\/tavapy.gov.py\/biblioteca\/wp-json\/wp\/v2\/product_tag?post=3289"}],"curies":[{"name":"wp","href":"https:\/\/api.w.org\/{rel}","templated":true}]}}