{"id":3290,"date":"2022-03-26T20:21:19","date_gmt":"2022-03-26T20:21:19","guid":{"rendered":"https:\/\/tavapy.gov.py\/biblioteca\/?post_type=product&#038;p=3290"},"modified":"2022-04-01T23:02:10","modified_gmt":"2022-04-01T23:02:10","slug":"conocimiento-local-ensayos-sobre-la-interpretacion-de-las-culturas","status":"publish","type":"product","link":"https:\/\/tavapy.gov.py\/biblioteca\/product\/conocimiento-local-ensayos-sobre-la-interpretacion-de-las-culturas\/","title":{"rendered":"CONOCIMIENTO LOCAL. ENSAYOS SOBRE LA INTERPRETACI\u00d3N DE LAS CULTURAS."},"content":{"rendered":"","protected":false},"excerpt":{"rendered":"<p>Esta obra fue escrita en 1.994. Ella es una colecci\u00f3n de textos que aborda los fen\u00f3menos culturales como sistemas significativos, como grandes texturas de causas y efectos. Y lo hace situ\u00e1ndolos en \u00abmarcos locales del conocimiento\u00bb, en forma de ensayos variados.<\/p>\n<p>Geertz se enfrenta a cuestiones como la relaci\u00f3n entre las humanidades y las ciencias sociales, o la influencia de la semi\u00f3tica en la antropolog\u00eda, para llegar a la conclusi\u00f3n de que la sociolog\u00eda no es una disciplina que a\u00fan no ha empezado su andadura, sino materia que se halla dispersa en varios sistemas.<\/p>\n<p><a href=\"https:\/\/tavapy.gov.py\/biblioteca\/wp-content\/uploads\/2022\/03\/GeertzC-Conocimiento-local-1.pdf\" target=\"_blank\" rel=\"attachment noopener wp-att-3564\"><img loading=\"lazy\" decoding=\"async\" class=\"alignnone size-full wp-image-3564\" src=\"https:\/\/tavapy.gov.py\/biblioteca\/wp-content\/uploads\/2022\/03\/icono-PDF-copia-5.png\" alt=\"\" width=\"121\" height=\"140\" \/><\/a><\/p>\n","protected":false},"featured_media":3254,"comment_status":"open","ping_status":"closed","template":"","meta":{"spay_email":""},"product_cat":[116],"product_tag":[],"class_list":{"0":"post-3290","1":"product","2":"type-product","3":"status-publish","4":"has-post-thumbnail","6":"book_author-clifford-geertz","7":"product_cat-antropologia-socio-cultural","8":"entry"},"_links":{"self":[{"href":"https:\/\/tavapy.gov.py\/biblioteca\/wp-json\/wp\/v2\/product\/3290","targetHints":{"allow":["GET"]}}],"collection":[{"href":"https:\/\/tavapy.gov.py\/biblioteca\/wp-json\/wp\/v2\/product"}],"about":[{"href":"https:\/\/tavapy.gov.py\/biblioteca\/wp-json\/wp\/v2\/types\/product"}],"replies":[{"embeddable":true,"href":"https:\/\/tavapy.gov.py\/biblioteca\/wp-json\/wp\/v2\/comments?post=3290"}],"wp:featuredmedia":[{"embeddable":true,"href":"https:\/\/tavapy.gov.py\/biblioteca\/wp-json\/wp\/v2\/media\/3254"}],"wp:attachment":[{"href":"https:\/\/tavapy.gov.py\/biblioteca\/wp-json\/wp\/v2\/media?parent=3290"}],"wp:term":[{"taxonomy":"product_cat","embeddable":true,"href":"https:\/\/tavapy.gov.py\/biblioteca\/wp-json\/wp\/v2\/product_cat?post=3290"},{"taxonomy":"product_tag","embeddable":true,"href":"https:\/\/tavapy.gov.py\/biblioteca\/wp-json\/wp\/v2\/product_tag?post=3290"}],"curies":[{"name":"wp","href":"https:\/\/api.w.org\/{rel}","templated":true}]}}