{"id":3291,"date":"2022-03-26T20:24:04","date_gmt":"2022-03-26T20:24:04","guid":{"rendered":"https:\/\/tavapy.gov.py\/biblioteca\/?post_type=product&#038;p=3291"},"modified":"2022-04-01T22:58:57","modified_gmt":"2022-04-01T22:58:57","slug":"antropologia-la-ciencia-del-hombre","status":"publish","type":"product","link":"https:\/\/tavapy.gov.py\/biblioteca\/product\/antropologia-la-ciencia-del-hombre\/","title":{"rendered":"ANTROPOLOG\u00cdA, LA CIENCIA DEL HOMBRE."},"content":{"rendered":"","protected":false},"excerpt":{"rendered":"<p>Obra escrita por Margaret Mead en 1.964, postula en este libro las profundas relaciones existentes entre la antropolog\u00eda y otras ciencias tales como la historia o la psicolog\u00eda; y considera en segundo t\u00e9rmino la posibilidad de proporcionar pautas para una utilizaci\u00f3n correcta de los instrumentos de investigaci\u00f3n.<\/p>\n<p>De esta manera el antrop\u00f3logo exclusivamente dedicado al estudio de las culturas primitivas ingresa en la historia para dejar lugar a un cient\u00edfico que maneja un campo de acci\u00f3n mucho mayor, solidario con la din\u00e1mica del tiempo en que vive y ansioso de brindar su aporte para una comprensi\u00f3n de civilizaci\u00f3n tan problem\u00e1tica como la que constituye nuestro escenario hist\u00f3rico.<\/p>\n<p>As\u00ed, la antropolog\u00eda queda planteada como una ciencia \u00e1gil, dispuesta a la b\u00fasqueda \u00fatil y activa, y a la adecuaci\u00f3n a requerimientos diversos cuya negaci\u00f3n ser\u00eda la negaci\u00f3n de la actividad cient\u00edfica, tal como debe ser interpretada.<\/p>\n<p><a href=\"https:\/\/tavapy.gov.py\/biblioteca\/wp-content\/uploads\/2022\/03\/MeadM-Antropologia_la_ciencia_del_hombre-1.pdf\" target=\"_blank\" rel=\"attachment noopener wp-att-3564\"><img loading=\"lazy\" decoding=\"async\" class=\"size-full wp-image-3564 alignleft\" src=\"https:\/\/tavapy.gov.py\/biblioteca\/wp-content\/uploads\/2022\/03\/icono-PDF-copia-5.png\" alt=\"\" width=\"121\" height=\"140\" \/><\/a><\/p>\n","protected":false},"featured_media":3252,"comment_status":"open","ping_status":"closed","template":"","meta":{"spay_email":""},"product_cat":[116],"product_tag":[],"class_list":{"0":"post-3291","1":"product","2":"type-product","3":"status-publish","4":"has-post-thumbnail","6":"book_author-margaret-mead","7":"product_cat-antropologia-socio-cultural","8":"entry"},"_links":{"self":[{"href":"https:\/\/tavapy.gov.py\/biblioteca\/wp-json\/wp\/v2\/product\/3291","targetHints":{"allow":["GET"]}}],"collection":[{"href":"https:\/\/tavapy.gov.py\/biblioteca\/wp-json\/wp\/v2\/product"}],"about":[{"href":"https:\/\/tavapy.gov.py\/biblioteca\/wp-json\/wp\/v2\/types\/product"}],"replies":[{"embeddable":true,"href":"https:\/\/tavapy.gov.py\/biblioteca\/wp-json\/wp\/v2\/comments?post=3291"}],"wp:featuredmedia":[{"embeddable":true,"href":"https:\/\/tavapy.gov.py\/biblioteca\/wp-json\/wp\/v2\/media\/3252"}],"wp:attachment":[{"href":"https:\/\/tavapy.gov.py\/biblioteca\/wp-json\/wp\/v2\/media?parent=3291"}],"wp:term":[{"taxonomy":"product_cat","embeddable":true,"href":"https:\/\/tavapy.gov.py\/biblioteca\/wp-json\/wp\/v2\/product_cat?post=3291"},{"taxonomy":"product_tag","embeddable":true,"href":"https:\/\/tavapy.gov.py\/biblioteca\/wp-json\/wp\/v2\/product_tag?post=3291"}],"curies":[{"name":"wp","href":"https:\/\/api.w.org\/{rel}","templated":true}]}}