{"id":3292,"date":"2022-03-26T20:29:45","date_gmt":"2022-03-26T20:29:45","guid":{"rendered":"https:\/\/tavapy.gov.py\/biblioteca\/?post_type=product&#038;p=3292"},"modified":"2022-04-01T22:49:47","modified_gmt":"2022-04-01T22:49:47","slug":"antropologia-estructural","status":"publish","type":"product","link":"https:\/\/tavapy.gov.py\/biblioteca\/product\/antropologia-estructural\/","title":{"rendered":"ANTROPOLOG\u00cdA ESTRUCTURAL."},"content":{"rendered":"","protected":false},"excerpt":{"rendered":"<p>Obra escrita en 1.958 por Claude L\u00e9vi-Strauss en la que aborda la pr\u00e1ctica del m\u00e9todo estructural a cuyo desarrollo va \u00edntimamente unido su nombre. Al estudiar los grandes problemas de la antropolog\u00eda social -de las reglas del parentesco y del matrimonio a la prohibici\u00f3n del incesto y la exogamia, pasando por los ritos y pr\u00e1cticas de la magia-, el texto analiza los problemas metodol\u00f3gicos que plantea el estructuralismo, y define e ilustra la ambici\u00f3n del autor respecto a plantear un verdadero an\u00e1lisis cient\u00edfico de los fen\u00f3menos humanos sin traicionarlos, es decir, sin hacerles perder nada de su riqueza ni de los sutiles matices derivados de su diversidad.<\/p>\n<p>De ah\u00ed que, junto a aspectos de la realidad social -tan complejos que el observador debe contentarse con describirlos-, haya otros que el an\u00e1lisis estructural logra alcanzar y cuya regularidad pone de manifiesto. De este modo, la etnograf\u00eda -ayudada por la historia, la ling\u00fc\u00edstica, la sociolog\u00eda, la psicolog\u00eda y el psicoan\u00e1lisis-contribuye a introducir m\u00e9todos rigurosos al amparo de los cuales quiz\u00e1s un d\u00eda las ciencias humanas logren la categor\u00eda de ciencias de pleno derecho.<\/p>\n<p><a href=\"https:\/\/tavapy.gov.py\/biblioteca\/wp-content\/uploads\/2022\/03\/Levi-Strauss_Antropologia_estructural-1.pdf\" target=\"_blank\" rel=\"attachment noopener wp-att-3564\"><img loading=\"lazy\" decoding=\"async\" class=\"size-full wp-image-3564 alignleft\" src=\"https:\/\/tavapy.gov.py\/biblioteca\/wp-content\/uploads\/2022\/03\/icono-PDF-copia-5.png\" alt=\"\" width=\"121\" height=\"140\" \/><\/a><\/p>\n","protected":false},"featured_media":3250,"comment_status":"open","ping_status":"closed","template":"","meta":{"spay_email":""},"product_cat":[116],"product_tag":[],"class_list":{"0":"post-3292","1":"product","2":"type-product","3":"status-publish","4":"has-post-thumbnail","6":"book_author-claude-levi-strauss","7":"product_cat-antropologia-socio-cultural","8":"entry"},"_links":{"self":[{"href":"https:\/\/tavapy.gov.py\/biblioteca\/wp-json\/wp\/v2\/product\/3292","targetHints":{"allow":["GET"]}}],"collection":[{"href":"https:\/\/tavapy.gov.py\/biblioteca\/wp-json\/wp\/v2\/product"}],"about":[{"href":"https:\/\/tavapy.gov.py\/biblioteca\/wp-json\/wp\/v2\/types\/product"}],"replies":[{"embeddable":true,"href":"https:\/\/tavapy.gov.py\/biblioteca\/wp-json\/wp\/v2\/comments?post=3292"}],"wp:featuredmedia":[{"embeddable":true,"href":"https:\/\/tavapy.gov.py\/biblioteca\/wp-json\/wp\/v2\/media\/3250"}],"wp:attachment":[{"href":"https:\/\/tavapy.gov.py\/biblioteca\/wp-json\/wp\/v2\/media?parent=3292"}],"wp:term":[{"taxonomy":"product_cat","embeddable":true,"href":"https:\/\/tavapy.gov.py\/biblioteca\/wp-json\/wp\/v2\/product_cat?post=3292"},{"taxonomy":"product_tag","embeddable":true,"href":"https:\/\/tavapy.gov.py\/biblioteca\/wp-json\/wp\/v2\/product_tag?post=3292"}],"curies":[{"name":"wp","href":"https:\/\/api.w.org\/{rel}","templated":true}]}}