{"id":3296,"date":"2022-03-26T20:50:39","date_gmt":"2022-03-26T20:50:39","guid":{"rendered":"https:\/\/tavapy.gov.py\/biblioteca\/?post_type=product&#038;p=3296"},"modified":"2022-04-01T21:42:53","modified_gmt":"2022-04-01T21:42:53","slug":"el-malestar-en-la-globalizacion","status":"publish","type":"product","link":"https:\/\/tavapy.gov.py\/biblioteca\/product\/el-malestar-en-la-globalizacion\/","title":{"rendered":"EL MALESTAR EN LA GLOBALIZACI\u00d3N."},"content":{"rendered":"","protected":false},"excerpt":{"rendered":"<p>Joseph E. Stiglitz, premio Nobel de Econom\u00eda, ha sido testigo del efecto devastador que la globalizaci\u00f3n puede tener sobre los pa\u00edses m\u00e1s pobres del planeta gracias a su puesto como vicepresidente del Banco Mundial.<\/p>\n<p>En esta obra escrita en el 2.002, el autor sostiene que la globalizaci\u00f3n puede ser una fuerza ben\u00e9fica siempre que nos replanteemos el modo en el que ha sido gestionada. El dolor padecido por los pa\u00edses en desarrollo en el proceso orientado por el FMI y las organizaciones econ\u00f3micas internacionales ha sido muy superior al necesario.<\/p>\n<p>La econom\u00eda puede parecer una disciplina \u00e1rida, pero las buenas pol\u00edticas econ\u00f3micas contribuyen a mejorar la vida de la gente m\u00e1s pobre. Los gobiernos deben y pueden adoptar medidas pol\u00edticas que orienten a los pa\u00edses en un crecimiento equitativo. Constituimos una comunidad global y debemos cumplir unas reglas para convivir.<\/p>\n<p>Estas reglas deben ser justas, deben atender a los pobres y a los poderosos, y reflejar un sentimiento b\u00e1sico de decencia y justicia social.<\/p>\n<p><a href=\"https:\/\/tavapy.gov.py\/biblioteca\/wp-content\/uploads\/2022\/03\/StiglitzJ-El-malestar-de-la-globalizacion-2.pdf\" target=\"_blank\" rel=\"attachment noopener wp-att-3564\"><img loading=\"lazy\" decoding=\"async\" class=\"size-full wp-image-3564 alignleft\" src=\"https:\/\/tavapy.gov.py\/biblioteca\/wp-content\/uploads\/2022\/03\/icono-PDF-copia-5.png\" alt=\"\" width=\"121\" height=\"140\" \/><\/a><\/p>\n","protected":false},"featured_media":3200,"comment_status":"open","ping_status":"closed","template":"","meta":{"spay_email":""},"product_cat":[72],"product_tag":[],"class_list":{"0":"post-3296","1":"product","2":"type-product","3":"status-publish","4":"has-post-thumbnail","6":"book_author-joseph-stiglitz","7":"product_cat-economia","8":"entry"},"_links":{"self":[{"href":"https:\/\/tavapy.gov.py\/biblioteca\/wp-json\/wp\/v2\/product\/3296","targetHints":{"allow":["GET"]}}],"collection":[{"href":"https:\/\/tavapy.gov.py\/biblioteca\/wp-json\/wp\/v2\/product"}],"about":[{"href":"https:\/\/tavapy.gov.py\/biblioteca\/wp-json\/wp\/v2\/types\/product"}],"replies":[{"embeddable":true,"href":"https:\/\/tavapy.gov.py\/biblioteca\/wp-json\/wp\/v2\/comments?post=3296"}],"wp:featuredmedia":[{"embeddable":true,"href":"https:\/\/tavapy.gov.py\/biblioteca\/wp-json\/wp\/v2\/media\/3200"}],"wp:attachment":[{"href":"https:\/\/tavapy.gov.py\/biblioteca\/wp-json\/wp\/v2\/media?parent=3296"}],"wp:term":[{"taxonomy":"product_cat","embeddable":true,"href":"https:\/\/tavapy.gov.py\/biblioteca\/wp-json\/wp\/v2\/product_cat?post=3296"},{"taxonomy":"product_tag","embeddable":true,"href":"https:\/\/tavapy.gov.py\/biblioteca\/wp-json\/wp\/v2\/product_tag?post=3296"}],"curies":[{"name":"wp","href":"https:\/\/api.w.org\/{rel}","templated":true}]}}