{"id":3297,"date":"2022-03-26T20:54:47","date_gmt":"2022-03-26T20:54:47","guid":{"rendered":"https:\/\/tavapy.gov.py\/biblioteca\/?post_type=product&#038;p=3297"},"modified":"2022-04-01T21:37:57","modified_gmt":"2022-04-01T21:37:57","slug":"el-capital-en-el-siglo-xxi","status":"publish","type":"product","link":"https:\/\/tavapy.gov.py\/biblioteca\/product\/el-capital-en-el-siglo-xxi\/","title":{"rendered":"EL CAPITAL EN EL SIGLO XXI."},"content":{"rendered":"","protected":false},"excerpt":{"rendered":"<p>El lector encontrar\u00e1 en estas p\u00e1ginas de la obra de Piketty escrita en el 2.013, un muy detallado an\u00e1lisis de c\u00f3mo se han distribuido el ingreso y la riqueza en el mundo, desde el siglo XVIII y hasta nuestros d\u00edas. A partir de una rica base de datos econ\u00f3micos de una veintena de pa\u00edses disponible en l\u00ednea para quien quiera profundizar en tal o cual asunto y con certeras pinceladas sirven para dar ejemplos de c\u00f3mo las sociedades han entendido su relaci\u00f3n con el dinero.<\/p>\n<p>Piketty hace un minucioso recorrido hist\u00f3rico y estad\u00edstico para identificar ciertos patrones en el proceso de acumulaci\u00f3n del patrimonio en las principales econom\u00edas.<\/p>\n<p>Para el autor cada naci\u00f3n ha respondido de manera diferente a una ley b\u00e1sica del capitalismo, seg\u00fan la cual el rendimiento del capital suele ser superior, a veces por mucho, a la tasa de crecimiento de la econom\u00eda, lo que puede estimular la concentraci\u00f3n de la riqueza y agravar la inequidad; queda a los Estados decidir, individual o colectivamente, c\u00f3mo influir en esa fuerza polarizante.<\/p>\n<p>El capital en el siglo XXI ha despertado animadas pol\u00e9micas en pr\u00e1cticamente todo el orbe, en parte por reintroducir entre acad\u00e9micos, pol\u00edticos, comentaristas y p\u00fablico en general la preocupaci\u00f3n sobre las desigualdades sociales; en parte por su propuesta de establecer pol\u00edticas fiscales de alcance global que moderen la disparidad de impuestos a la riqueza y a la herencia;<\/p>\n<p>En parte por su visi\u00f3n amplia de lo que deben ser hoy las ciencias sociales, y en parte porque ofrece argumentos s\u00f3lidos, frescos, para que gobiernos y sociedades combatan de manera frontal el flagelo de la desigualdad. Por todo ello, la de Piketty es hoy una voz imprescindible en los tiempos que corren.<\/p>\n<p><a href=\"https:\/\/tavapy.gov.py\/biblioteca\/wp-content\/uploads\/2022\/03\/Piketty-T-El_capital_en_el_siglo_xxi-2.pdf\" target=\"_blank\" rel=\"attachment noopener wp-att-3564\"><img loading=\"lazy\" decoding=\"async\" class=\"size-full wp-image-3564 alignleft\" src=\"https:\/\/tavapy.gov.py\/biblioteca\/wp-content\/uploads\/2022\/03\/icono-PDF-copia-5.png\" alt=\"\" width=\"121\" height=\"140\" \/><\/a><\/p>\n<p>&nbsp;<\/p>\n","protected":false},"featured_media":3198,"comment_status":"open","ping_status":"closed","template":"","meta":{"spay_email":""},"product_cat":[72],"product_tag":[],"class_list":{"0":"post-3297","1":"product","2":"type-product","3":"status-publish","4":"has-post-thumbnail","6":"book_author-thomas-piketty","7":"product_cat-economia","8":"entry"},"_links":{"self":[{"href":"https:\/\/tavapy.gov.py\/biblioteca\/wp-json\/wp\/v2\/product\/3297","targetHints":{"allow":["GET"]}}],"collection":[{"href":"https:\/\/tavapy.gov.py\/biblioteca\/wp-json\/wp\/v2\/product"}],"about":[{"href":"https:\/\/tavapy.gov.py\/biblioteca\/wp-json\/wp\/v2\/types\/product"}],"replies":[{"embeddable":true,"href":"https:\/\/tavapy.gov.py\/biblioteca\/wp-json\/wp\/v2\/comments?post=3297"}],"wp:featuredmedia":[{"embeddable":true,"href":"https:\/\/tavapy.gov.py\/biblioteca\/wp-json\/wp\/v2\/media\/3198"}],"wp:attachment":[{"href":"https:\/\/tavapy.gov.py\/biblioteca\/wp-json\/wp\/v2\/media?parent=3297"}],"wp:term":[{"taxonomy":"product_cat","embeddable":true,"href":"https:\/\/tavapy.gov.py\/biblioteca\/wp-json\/wp\/v2\/product_cat?post=3297"},{"taxonomy":"product_tag","embeddable":true,"href":"https:\/\/tavapy.gov.py\/biblioteca\/wp-json\/wp\/v2\/product_tag?post=3297"}],"curies":[{"name":"wp","href":"https:\/\/api.w.org\/{rel}","templated":true}]}}