{"id":3298,"date":"2022-03-26T21:01:59","date_gmt":"2022-03-26T21:01:59","guid":{"rendered":"https:\/\/tavapy.gov.py\/biblioteca\/?post_type=product&#038;p=3298"},"modified":"2022-04-01T21:34:38","modified_gmt":"2022-04-01T21:34:38","slug":"el-discurso-filosofico-de-la-modernidad","status":"publish","type":"product","link":"https:\/\/tavapy.gov.py\/biblioteca\/product\/el-discurso-filosofico-de-la-modernidad\/","title":{"rendered":"EL DISCURSO FILOS\u00d3FICO DE LA MODERNIDAD."},"content":{"rendered":"","protected":false},"excerpt":{"rendered":"<p>La modernidad como \u00abproyecto inacabado\u00bb ha estado presente en la reflexi\u00f3n de J\u00fcrgen Habermas desde el discurso que, bajo el mismo t\u00edtulo, ofreci\u00f3 al recibir el premio Adorno en 1980.<\/p>\n<p>Los aspectos filos\u00f3ficos del problema se pusieron en evidencia gracias a la difusi\u00f3n de las obras de los neoestructuralistas franceses y a la generalizaci\u00f3n del t\u00e9rmino \u00abposmodernidad\u00bb.<\/p>\n<p>En esta obra fundamental, J\u00fcrgen Habermas asume el desaf\u00edo representado por la cr\u00edtica neoestructuralista de la raz\u00f3n y, para ello, reconstruye paso por paso el discurso filos\u00f3fico de la modernidad.<\/p>\n<p>Al analizar los giros hist\u00f3ricos que condujeron a nuestra situaci\u00f3n actual, Habermas pone a prueba sus ideas por medio de di\u00e1logos con un amplio espectro de cr\u00edticos y te\u00f3ricos del pasado y del presente: Bataille, Foucault, Derrida y Castoriadis, cuya lectura se articula con las de Schiller, Hegel, Nietzsche y los pensadores de la Escuela de Frankfurt: Horkheimer y Adorno.<\/p>\n<p><a href=\"https:\/\/tavapy.gov.py\/biblioteca\/wp-content\/uploads\/2022\/03\/HabermasJ-Discurso-de-la-modernidad-1.pdf\" target=\"_blank\" rel=\"attachment noopener wp-att-3564\"><img loading=\"lazy\" decoding=\"async\" class=\"size-full wp-image-3564 alignleft\" src=\"https:\/\/tavapy.gov.py\/biblioteca\/wp-content\/uploads\/2022\/03\/icono-PDF-copia-5.png\" alt=\"\" width=\"121\" height=\"140\" \/><\/a><\/p>\n","protected":false},"featured_media":3196,"comment_status":"open","ping_status":"closed","template":"","meta":{"spay_email":""},"product_cat":[59],"product_tag":[],"class_list":{"0":"post-3298","1":"product","2":"type-product","3":"status-publish","4":"has-post-thumbnail","6":"book_author-jurgen-habermas","7":"product_cat-filosofia","8":"entry"},"_links":{"self":[{"href":"https:\/\/tavapy.gov.py\/biblioteca\/wp-json\/wp\/v2\/product\/3298","targetHints":{"allow":["GET"]}}],"collection":[{"href":"https:\/\/tavapy.gov.py\/biblioteca\/wp-json\/wp\/v2\/product"}],"about":[{"href":"https:\/\/tavapy.gov.py\/biblioteca\/wp-json\/wp\/v2\/types\/product"}],"replies":[{"embeddable":true,"href":"https:\/\/tavapy.gov.py\/biblioteca\/wp-json\/wp\/v2\/comments?post=3298"}],"wp:featuredmedia":[{"embeddable":true,"href":"https:\/\/tavapy.gov.py\/biblioteca\/wp-json\/wp\/v2\/media\/3196"}],"wp:attachment":[{"href":"https:\/\/tavapy.gov.py\/biblioteca\/wp-json\/wp\/v2\/media?parent=3298"}],"wp:term":[{"taxonomy":"product_cat","embeddable":true,"href":"https:\/\/tavapy.gov.py\/biblioteca\/wp-json\/wp\/v2\/product_cat?post=3298"},{"taxonomy":"product_tag","embeddable":true,"href":"https:\/\/tavapy.gov.py\/biblioteca\/wp-json\/wp\/v2\/product_tag?post=3298"}],"curies":[{"name":"wp","href":"https:\/\/api.w.org\/{rel}","templated":true}]}}