{"id":3299,"date":"2022-03-26T21:06:47","date_gmt":"2022-03-26T21:06:47","guid":{"rendered":"https:\/\/tavapy.gov.py\/biblioteca\/?post_type=product&#038;p=3299"},"modified":"2022-04-01T21:28:06","modified_gmt":"2022-04-01T21:28:06","slug":"las-crisis-de-las-ciencias-europeas-y-la-fenomenologia-transcendental","status":"publish","type":"product","link":"https:\/\/tavapy.gov.py\/biblioteca\/product\/las-crisis-de-las-ciencias-europeas-y-la-fenomenologia-transcendental\/","title":{"rendered":"LAS CRISIS DE LAS CIENCIAS EUROPEAS Y LA FENOMENOLOG\u00cdA TRANSCENDENTAL."},"content":{"rendered":"","protected":false},"excerpt":{"rendered":"<p>Este libro es el \u00faltimo, relevante trabajo sistem\u00e1tico de Edmund Husserl; su meditaci\u00f3n sobre el tema hab\u00eda comenzado en 1934 como preparaci\u00f3n de una conferencia a dictar en Viena, invitado por la Sociedad de la Cultura Vienesa.<\/p>\n<p>A partir de entonces esa meditaci\u00f3n no cesa hasta 1937, a\u00f1o en que se le manifest\u00f3 la enfermedad que lo llevar\u00eda a la muerte en 1938.<\/p>\n<p>Para Husserl, el desarrollo de la metaf\u00edsica moderna s\u00f3lo se comprende cabalmente como un desarrollo hacia la fenomenolog\u00eda, por eso esta obra, cuya intenci\u00f3n originaria apunta a se\u00f1alar las razones de la crisis vital europea, ha sido pensada al mismo tiempo como una introducci\u00f3n a la fenomenolog\u00eda trascendental.<\/p>\n<p><a href=\"https:\/\/tavapy.gov.py\/biblioteca\/wp-content\/uploads\/2022\/03\/HusserlE-La-crisis-de-las-ciencias-europeas..-1.pdf\" target=\"_blank\" rel=\"attachment noopener wp-att-3564\"><img loading=\"lazy\" decoding=\"async\" class=\"size-full wp-image-3564 alignleft\" src=\"https:\/\/tavapy.gov.py\/biblioteca\/wp-content\/uploads\/2022\/03\/icono-PDF-copia-5.png\" alt=\"\" width=\"121\" height=\"140\" \/><\/a><\/p>\n<p>&nbsp;<\/p>\n","protected":false},"featured_media":3194,"comment_status":"open","ping_status":"closed","template":"","meta":{"spay_email":""},"product_cat":[59],"product_tag":[],"class_list":{"0":"post-3299","1":"product","2":"type-product","3":"status-publish","4":"has-post-thumbnail","6":"book_author-edmund-husserl","7":"product_cat-filosofia","8":"entry"},"_links":{"self":[{"href":"https:\/\/tavapy.gov.py\/biblioteca\/wp-json\/wp\/v2\/product\/3299","targetHints":{"allow":["GET"]}}],"collection":[{"href":"https:\/\/tavapy.gov.py\/biblioteca\/wp-json\/wp\/v2\/product"}],"about":[{"href":"https:\/\/tavapy.gov.py\/biblioteca\/wp-json\/wp\/v2\/types\/product"}],"replies":[{"embeddable":true,"href":"https:\/\/tavapy.gov.py\/biblioteca\/wp-json\/wp\/v2\/comments?post=3299"}],"wp:featuredmedia":[{"embeddable":true,"href":"https:\/\/tavapy.gov.py\/biblioteca\/wp-json\/wp\/v2\/media\/3194"}],"wp:attachment":[{"href":"https:\/\/tavapy.gov.py\/biblioteca\/wp-json\/wp\/v2\/media?parent=3299"}],"wp:term":[{"taxonomy":"product_cat","embeddable":true,"href":"https:\/\/tavapy.gov.py\/biblioteca\/wp-json\/wp\/v2\/product_cat?post=3299"},{"taxonomy":"product_tag","embeddable":true,"href":"https:\/\/tavapy.gov.py\/biblioteca\/wp-json\/wp\/v2\/product_tag?post=3299"}],"curies":[{"name":"wp","href":"https:\/\/api.w.org\/{rel}","templated":true}]}}