{"id":3300,"date":"2022-03-26T21:11:55","date_gmt":"2022-03-26T21:11:55","guid":{"rendered":"https:\/\/tavapy.gov.py\/biblioteca\/?post_type=product&#038;p=3300"},"modified":"2022-04-01T21:25:19","modified_gmt":"2022-04-01T21:25:19","slug":"ser-y-tiempo","status":"publish","type":"product","link":"https:\/\/tavapy.gov.py\/biblioteca\/product\/ser-y-tiempo\/","title":{"rendered":"SER Y TIEMPO."},"content":{"rendered":"","protected":false},"excerpt":{"rendered":"<p>Ser y tiempo de Martin Heidegger, obra escrita en 1.927 es una de las tres o cuatro obras m\u00e1s importantes del siglo XX, cuyas huellas se reconocen por doquier en el pensamiento contempor\u00e1neo.<\/p>\n<p>Le\u00edda con apasionamiento por casi todos los grandes pensadores del siglo ha sido objeto, desde el momento mismo de su publicaci\u00f3n, de numerosos comentarios, ensayos, cr\u00edticas y discusiones, que han rebasado, con mucho, el \u00e1mbito de la filosof\u00eda.<\/p>\n<p>Y es que Ser y tiempo, m\u00e1s que un libro de filosof\u00eda acad\u00e9mica, es hoy una clave para la comprensi\u00f3n de su \u00e9poca, dada su presencia en campos tan dispares como el arte, la literatura, la psicolog\u00eda, la antropolog\u00eda, la sociolog\u00eda y la teolog\u00eda.<\/p>\n<p>Ser y tiempo se propone dar una respuesta a la pregunta por el sentido del ser. \u00bfPor qu\u00e9 hay algo en vez de nada? \u00bfQu\u00e9 es eso que llamamos existencia?<\/p>\n<p>La pregunta por el ser solo puede plantearla el \u00fanico ente capaz de interrogarse sobre esta cuesti\u00f3n. Heidegger declar\u00f3: \u201cEl pensamiento fundamental de mi pensar es precisamente que el ser o, lo que es lo mismo, la apertura del ser necesita al ser humano y, al contrario, que el ser humano es solo ser humano en tanto que est\u00e1 en la apertura del ser\u201d.<\/p>\n<p>Esa apertura se produce en el tiempo, que es \u201cel horizonte de la comprensi\u00f3n del ser\u201d. El hombre es el \u00fanico ente que busca y pregunta, pero solo tenemos una pre-comprensi\u00f3n del ser. No somos capaces de explicar qu\u00e9 es. Solo sabemos que no podemos reducirlo a lo ente, a la presencia objetiva que estudian las ciencias.<\/p>\n<p><a href=\"https:\/\/tavapy.gov.py\/biblioteca\/wp-content\/uploads\/2022\/03\/HeideggerM-Ser-y-tiempo-1.pdf\" target=\"_blank\" rel=\"attachment noopener wp-att-3564\"><img loading=\"lazy\" decoding=\"async\" class=\"size-full wp-image-3564 alignleft\" src=\"https:\/\/tavapy.gov.py\/biblioteca\/wp-content\/uploads\/2022\/03\/icono-PDF-copia-5.png\" alt=\"\" width=\"121\" height=\"140\" \/><\/a><\/p>\n","protected":false},"featured_media":3192,"comment_status":"open","ping_status":"closed","template":"","meta":{"spay_email":""},"product_cat":[59],"product_tag":[],"class_list":{"0":"post-3300","1":"product","2":"type-product","3":"status-publish","4":"has-post-thumbnail","6":"book_author-martin-heidegger","7":"product_cat-filosofia","8":"entry"},"_links":{"self":[{"href":"https:\/\/tavapy.gov.py\/biblioteca\/wp-json\/wp\/v2\/product\/3300","targetHints":{"allow":["GET"]}}],"collection":[{"href":"https:\/\/tavapy.gov.py\/biblioteca\/wp-json\/wp\/v2\/product"}],"about":[{"href":"https:\/\/tavapy.gov.py\/biblioteca\/wp-json\/wp\/v2\/types\/product"}],"replies":[{"embeddable":true,"href":"https:\/\/tavapy.gov.py\/biblioteca\/wp-json\/wp\/v2\/comments?post=3300"}],"wp:featuredmedia":[{"embeddable":true,"href":"https:\/\/tavapy.gov.py\/biblioteca\/wp-json\/wp\/v2\/media\/3192"}],"wp:attachment":[{"href":"https:\/\/tavapy.gov.py\/biblioteca\/wp-json\/wp\/v2\/media?parent=3300"}],"wp:term":[{"taxonomy":"product_cat","embeddable":true,"href":"https:\/\/tavapy.gov.py\/biblioteca\/wp-json\/wp\/v2\/product_cat?post=3300"},{"taxonomy":"product_tag","embeddable":true,"href":"https:\/\/tavapy.gov.py\/biblioteca\/wp-json\/wp\/v2\/product_tag?post=3300"}],"curies":[{"name":"wp","href":"https:\/\/api.w.org\/{rel}","templated":true}]}}