{"id":3302,"date":"2022-03-26T21:25:53","date_gmt":"2022-03-26T21:25:53","guid":{"rendered":"https:\/\/tavapy.gov.py\/biblioteca\/?post_type=product&#038;p=3302"},"modified":"2022-04-01T21:19:42","modified_gmt":"2022-04-01T21:19:42","slug":"la-rebelion-de-las-masas","status":"publish","type":"product","link":"https:\/\/tavapy.gov.py\/biblioteca\/product\/la-rebelion-de-las-masas\/","title":{"rendered":"LA REBELI\u00d3N DE LAS MASAS."},"content":{"rendered":"","protected":false},"excerpt":{"rendered":"<p>La rebeli\u00f3n de las masas, publicado por primera vez en 1930, es la obra m\u00e1s difundida y famosa de Ortega. El libro va pareciendo m\u00e1s verdadero, m\u00e1s fiel a la realidad a medida que pasa el tiempo. La raz\u00f3n de su renovada actualidad confirma el car\u00e1cter filos\u00f3fico de esa obra frente el significado pol\u00edtico que con frecuencia se le ha atribuido err\u00f3neamente.<\/p>\n<p>\u00abPienso que toda vida\u2013dice Ortega- &#8230; se compone de puros instantes, cada uno de los cuales est\u00e1 relativamente indeterminado respecto al anterior, de suerte que en \u00e9l la realidad vacila&#8230;, y no sabe bien si decidirse por una u otra entre varias posibilidades.<\/p>\n<p>Este titubeo metaf\u00edsico proporciona a todo lo vital esa inconfundible cualidad de vibraci\u00f3n y estremecimiento\u00bb.<\/p>\n<p><a href=\"https:\/\/tavapy.gov.py\/biblioteca\/wp-content\/uploads\/2022\/03\/Ortega-y-Gasset-La-rebelion-de-las-masas.pdf\" target=\"_blank\" rel=\"attachment noopener wp-att-3564\"><img loading=\"lazy\" decoding=\"async\" class=\"size-full wp-image-3564 alignleft\" src=\"https:\/\/tavapy.gov.py\/biblioteca\/wp-content\/uploads\/2022\/03\/icono-PDF-copia-5.png\" alt=\"\" width=\"121\" height=\"140\" \/><\/a><\/p>\n<p>&nbsp;<\/p>\n","protected":false},"featured_media":3180,"comment_status":"open","ping_status":"closed","template":"","meta":{"spay_email":""},"product_cat":[59],"product_tag":[],"class_list":{"0":"post-3302","1":"product","2":"type-product","3":"status-publish","4":"has-post-thumbnail","6":"book_author-jose-ortega-y-gasset","7":"product_cat-filosofia","8":"entry"},"_links":{"self":[{"href":"https:\/\/tavapy.gov.py\/biblioteca\/wp-json\/wp\/v2\/product\/3302","targetHints":{"allow":["GET"]}}],"collection":[{"href":"https:\/\/tavapy.gov.py\/biblioteca\/wp-json\/wp\/v2\/product"}],"about":[{"href":"https:\/\/tavapy.gov.py\/biblioteca\/wp-json\/wp\/v2\/types\/product"}],"replies":[{"embeddable":true,"href":"https:\/\/tavapy.gov.py\/biblioteca\/wp-json\/wp\/v2\/comments?post=3302"}],"wp:featuredmedia":[{"embeddable":true,"href":"https:\/\/tavapy.gov.py\/biblioteca\/wp-json\/wp\/v2\/media\/3180"}],"wp:attachment":[{"href":"https:\/\/tavapy.gov.py\/biblioteca\/wp-json\/wp\/v2\/media?parent=3302"}],"wp:term":[{"taxonomy":"product_cat","embeddable":true,"href":"https:\/\/tavapy.gov.py\/biblioteca\/wp-json\/wp\/v2\/product_cat?post=3302"},{"taxonomy":"product_tag","embeddable":true,"href":"https:\/\/tavapy.gov.py\/biblioteca\/wp-json\/wp\/v2\/product_tag?post=3302"}],"curies":[{"name":"wp","href":"https:\/\/api.w.org\/{rel}","templated":true}]}}