{"id":3306,"date":"2022-03-26T21:38:33","date_gmt":"2022-03-26T21:38:33","guid":{"rendered":"https:\/\/tavapy.gov.py\/biblioteca\/?post_type=product&#038;p=3306"},"modified":"2022-04-01T21:16:18","modified_gmt":"2022-04-01T21:16:18","slug":"tener-o-no-tener","status":"publish","type":"product","link":"https:\/\/tavapy.gov.py\/biblioteca\/product\/tener-o-no-tener\/","title":{"rendered":"TENER O NO TENER."},"content":{"rendered":"","protected":false},"excerpt":{"rendered":"<p>Tener y no tener escrita en 1.937 narra las aventuras de un contrabandista entre Cuba y la costa de Estados Unidos, el tosco y valiente Henry Morgan, quien sin embargo no se ha dejado embrutecer m\u00e1s de lo indispensable por su profesi\u00f3n, mantiene un estricto c\u00f3digo de honor y no est\u00e1 dispuesto a todo por dinero.<\/p>\n<p>A trav\u00e9s de las vicisitudes de este hombre singular, Hemingway presenta una espl\u00e9ndida imagen de la vida en Key West, protagonizada por adinerados veraneantes con muy pocos escr\u00fapulos, y traza una demoledora imagen de las relaciones entre los hombres, dominadas a menudo por la cobard\u00eda, la hipocres\u00eda y la insolidaridad.<\/p>\n<p><a href=\"https:\/\/tavapy.gov.py\/biblioteca\/wp-content\/uploads\/2022\/03\/FrommE-Tener-y-Ser.pdf\" target=\"_blank\" rel=\"attachment noopener wp-att-3564\"><img loading=\"lazy\" decoding=\"async\" class=\"size-full wp-image-3564 alignleft\" src=\"https:\/\/tavapy.gov.py\/biblioteca\/wp-content\/uploads\/2022\/03\/icono-PDF-copia-5.png\" alt=\"\" width=\"121\" height=\"140\" \/><\/a><\/p>\n","protected":false},"featured_media":3305,"comment_status":"open","ping_status":"closed","template":"","meta":{"spay_email":""},"product_cat":[57],"product_tag":[],"class_list":{"0":"post-3306","1":"product","2":"type-product","3":"status-publish","4":"has-post-thumbnail","6":"book_author-ernest-hemingway","7":"product_cat-novela","8":"entry"},"_links":{"self":[{"href":"https:\/\/tavapy.gov.py\/biblioteca\/wp-json\/wp\/v2\/product\/3306","targetHints":{"allow":["GET"]}}],"collection":[{"href":"https:\/\/tavapy.gov.py\/biblioteca\/wp-json\/wp\/v2\/product"}],"about":[{"href":"https:\/\/tavapy.gov.py\/biblioteca\/wp-json\/wp\/v2\/types\/product"}],"replies":[{"embeddable":true,"href":"https:\/\/tavapy.gov.py\/biblioteca\/wp-json\/wp\/v2\/comments?post=3306"}],"wp:featuredmedia":[{"embeddable":true,"href":"https:\/\/tavapy.gov.py\/biblioteca\/wp-json\/wp\/v2\/media\/3305"}],"wp:attachment":[{"href":"https:\/\/tavapy.gov.py\/biblioteca\/wp-json\/wp\/v2\/media?parent=3306"}],"wp:term":[{"taxonomy":"product_cat","embeddable":true,"href":"https:\/\/tavapy.gov.py\/biblioteca\/wp-json\/wp\/v2\/product_cat?post=3306"},{"taxonomy":"product_tag","embeddable":true,"href":"https:\/\/tavapy.gov.py\/biblioteca\/wp-json\/wp\/v2\/product_tag?post=3306"}],"curies":[{"name":"wp","href":"https:\/\/api.w.org\/{rel}","templated":true}]}}