{"id":3310,"date":"2022-03-26T21:53:10","date_gmt":"2022-03-26T21:53:10","guid":{"rendered":"https:\/\/tavapy.gov.py\/biblioteca\/?post_type=product&#038;p=3310"},"modified":"2022-04-01T21:06:56","modified_gmt":"2022-04-01T21:06:56","slug":"conceptos-de-administracion-estrategica","status":"publish","type":"product","link":"https:\/\/tavapy.gov.py\/biblioteca\/product\/conceptos-de-administracion-estrategica\/","title":{"rendered":"CONCEPTOS DE ADMINISTRACI\u00d3N ESTRAT\u00c9GICA."},"content":{"rendered":"","protected":false},"excerpt":{"rendered":"<p>Conceptos de administraci\u00f3n estrat\u00e9gica, obra escrita en 1.997 capta la complejidad del entorno de los negocios y presenta las t\u00e9cnicas y los conceptos m\u00e1s eficaces y modernos sobre el tema.<\/p>\n<p>Esta obra ofrece un enfoque efectivo para desarrollar un plan estrat\u00e9gico claro e ilustrar el efecto de las t\u00e9cnicas de negocio en la pr\u00e1ctica real de la administraci\u00f3n estrat\u00e9gica.<\/p>\n<p><a href=\"https:\/\/tavapy.gov.py\/biblioteca\/wp-content\/uploads\/2022\/03\/FredD-Conceptos-de-Adm-Estrategica.pdf\" target=\"_blank\" rel=\"attachment noopener wp-att-3564\"><img loading=\"lazy\" decoding=\"async\" class=\"size-full wp-image-3564 alignleft\" src=\"https:\/\/tavapy.gov.py\/biblioteca\/wp-content\/uploads\/2022\/03\/icono-PDF-copia-5.png\" alt=\"\" width=\"121\" height=\"140\" \/><\/a><\/p>\n","protected":false},"featured_media":3167,"comment_status":"open","ping_status":"closed","template":"","meta":{"spay_email":""},"product_cat":[88],"product_tag":[],"class_list":{"0":"post-3310","1":"product","2":"type-product","3":"status-publish","4":"has-post-thumbnail","6":"book_author-david-fred","7":"product_cat-administracion","8":"entry"},"_links":{"self":[{"href":"https:\/\/tavapy.gov.py\/biblioteca\/wp-json\/wp\/v2\/product\/3310","targetHints":{"allow":["GET"]}}],"collection":[{"href":"https:\/\/tavapy.gov.py\/biblioteca\/wp-json\/wp\/v2\/product"}],"about":[{"href":"https:\/\/tavapy.gov.py\/biblioteca\/wp-json\/wp\/v2\/types\/product"}],"replies":[{"embeddable":true,"href":"https:\/\/tavapy.gov.py\/biblioteca\/wp-json\/wp\/v2\/comments?post=3310"}],"wp:featuredmedia":[{"embeddable":true,"href":"https:\/\/tavapy.gov.py\/biblioteca\/wp-json\/wp\/v2\/media\/3167"}],"wp:attachment":[{"href":"https:\/\/tavapy.gov.py\/biblioteca\/wp-json\/wp\/v2\/media?parent=3310"}],"wp:term":[{"taxonomy":"product_cat","embeddable":true,"href":"https:\/\/tavapy.gov.py\/biblioteca\/wp-json\/wp\/v2\/product_cat?post=3310"},{"taxonomy":"product_tag","embeddable":true,"href":"https:\/\/tavapy.gov.py\/biblioteca\/wp-json\/wp\/v2\/product_tag?post=3310"}],"curies":[{"name":"wp","href":"https:\/\/api.w.org\/{rel}","templated":true}]}}