{"id":3311,"date":"2022-03-26T21:56:51","date_gmt":"2022-03-26T21:56:51","guid":{"rendered":"https:\/\/tavapy.gov.py\/biblioteca\/?post_type=product&#038;p=3311"},"modified":"2022-04-01T21:03:19","modified_gmt":"2022-04-01T21:03:19","slug":"administracion-moderna","status":"publish","type":"product","link":"https:\/\/tavapy.gov.py\/biblioteca\/product\/administracion-moderna\/","title":{"rendered":"ADMINISTRACI\u00d3N MODERNA."},"content":{"rendered":"","protected":false},"excerpt":{"rendered":"<p>Este libro, obra p\u00f3stuma de Agust\u00edn Reyes Ponce, publicada en 1.992 presenta la teor\u00eda general m\u00e1s amplia de la administraci\u00f3n que se ha desarrollado en nuestro pa\u00eds; la materializaci\u00f3n precisa y anal\u00edtica de los fundamentos de la disciplina administrativa.<\/p>\n<p>Expone las teor\u00edas contempor\u00e1neas de la administraci\u00f3n y eval\u00faa las principales aportaciones que se han hecho en esta disciplina, en sus campos afines y sus aplicaciones.<\/p>\n<p><a href=\"https:\/\/tavapy.gov.py\/biblioteca\/wp-content\/uploads\/2022\/03\/Reyes-PonceA-administracion-moderna.pdf\" target=\"_blank\" rel=\"attachment noopener wp-att-3564\"><img loading=\"lazy\" decoding=\"async\" class=\"size-full wp-image-3564 alignleft\" src=\"https:\/\/tavapy.gov.py\/biblioteca\/wp-content\/uploads\/2022\/03\/icono-PDF-copia-5.png\" alt=\"\" width=\"121\" height=\"140\" \/><\/a><\/p>\n","protected":false},"featured_media":3163,"comment_status":"open","ping_status":"closed","template":"","meta":{"spay_email":""},"product_cat":[88],"product_tag":[],"class_list":{"0":"post-3311","1":"product","2":"type-product","3":"status-publish","4":"has-post-thumbnail","6":"book_author-agustin-reyes-ponce","7":"product_cat-administracion","8":"entry"},"_links":{"self":[{"href":"https:\/\/tavapy.gov.py\/biblioteca\/wp-json\/wp\/v2\/product\/3311","targetHints":{"allow":["GET"]}}],"collection":[{"href":"https:\/\/tavapy.gov.py\/biblioteca\/wp-json\/wp\/v2\/product"}],"about":[{"href":"https:\/\/tavapy.gov.py\/biblioteca\/wp-json\/wp\/v2\/types\/product"}],"replies":[{"embeddable":true,"href":"https:\/\/tavapy.gov.py\/biblioteca\/wp-json\/wp\/v2\/comments?post=3311"}],"wp:featuredmedia":[{"embeddable":true,"href":"https:\/\/tavapy.gov.py\/biblioteca\/wp-json\/wp\/v2\/media\/3163"}],"wp:attachment":[{"href":"https:\/\/tavapy.gov.py\/biblioteca\/wp-json\/wp\/v2\/media?parent=3311"}],"wp:term":[{"taxonomy":"product_cat","embeddable":true,"href":"https:\/\/tavapy.gov.py\/biblioteca\/wp-json\/wp\/v2\/product_cat?post=3311"},{"taxonomy":"product_tag","embeddable":true,"href":"https:\/\/tavapy.gov.py\/biblioteca\/wp-json\/wp\/v2\/product_tag?post=3311"}],"curies":[{"name":"wp","href":"https:\/\/api.w.org\/{rel}","templated":true}]}}