{"id":3312,"date":"2022-03-26T22:02:56","date_gmt":"2022-03-26T22:02:56","guid":{"rendered":"https:\/\/tavapy.gov.py\/biblioteca\/?post_type=product&#038;p=3312"},"modified":"2022-04-01T21:00:00","modified_gmt":"2022-04-01T21:00:00","slug":"el-cerebro-ejecutivo-lobulos-frontales-y-mente-civilizada","status":"publish","type":"product","link":"https:\/\/tavapy.gov.py\/biblioteca\/product\/el-cerebro-ejecutivo-lobulos-frontales-y-mente-civilizada\/","title":{"rendered":"EL CEREBRO EJECUTIVO: L\u00d3BULOS FRONTALES Y MENTE CIVILIZADA."},"content":{"rendered":"","protected":false},"excerpt":{"rendered":"<p>El cerebro ejecutivo escrito en 2.001, es el primer libro, riguroso a la vez que divulgativo, que explora la regi\u00f3n m\u00e1s humana del cerebro, el l\u00f3bulo frontal.<\/p>\n<p>Escribiendo con un estilo vivo y accesible, el autor nos muestra c\u00f3mo el l\u00f3bulo frontal nos permite ocuparnos de procesos mentales complejos, c\u00f3mo controlan nuestro juicio y nuestro comportamiento social y \u00e9tico, lo vulnerable que es a las lesiones y lo devastadores que son los efectos de una lesi\u00f3n cerebral, conduciendo a un comportamiento ca\u00f3tico, desorganizado, asocial e incluso criminal.<\/p>\n<p>Repleto de an\u00e9cdotas e historias fascinantes, la obra de Goldberg ofrece un vanguardista panorama de ideas y avances en neurociencia cognitiva.<\/p>\n<p><a href=\"https:\/\/tavapy.gov.py\/biblioteca\/wp-content\/uploads\/2022\/03\/GoldbergE-El_cerebro_ejecutivo.pdf\" target=\"_blank\" rel=\"attachment noopener wp-att-3564\"><img loading=\"lazy\" decoding=\"async\" class=\"size-full wp-image-3564 alignleft\" src=\"https:\/\/tavapy.gov.py\/biblioteca\/wp-content\/uploads\/2022\/03\/icono-PDF-copia-5.png\" alt=\"\" width=\"121\" height=\"140\" \/><\/a><\/p>\n","protected":false},"featured_media":3174,"comment_status":"open","ping_status":"closed","template":"","meta":{"spay_email":""},"product_cat":[129],"product_tag":[],"class_list":{"0":"post-3312","1":"product","2":"type-product","3":"status-publish","4":"has-post-thumbnail","6":"book_author-elkhonon-goldberg","7":"product_cat-neurociencia","8":"entry"},"_links":{"self":[{"href":"https:\/\/tavapy.gov.py\/biblioteca\/wp-json\/wp\/v2\/product\/3312","targetHints":{"allow":["GET"]}}],"collection":[{"href":"https:\/\/tavapy.gov.py\/biblioteca\/wp-json\/wp\/v2\/product"}],"about":[{"href":"https:\/\/tavapy.gov.py\/biblioteca\/wp-json\/wp\/v2\/types\/product"}],"replies":[{"embeddable":true,"href":"https:\/\/tavapy.gov.py\/biblioteca\/wp-json\/wp\/v2\/comments?post=3312"}],"wp:featuredmedia":[{"embeddable":true,"href":"https:\/\/tavapy.gov.py\/biblioteca\/wp-json\/wp\/v2\/media\/3174"}],"wp:attachment":[{"href":"https:\/\/tavapy.gov.py\/biblioteca\/wp-json\/wp\/v2\/media?parent=3312"}],"wp:term":[{"taxonomy":"product_cat","embeddable":true,"href":"https:\/\/tavapy.gov.py\/biblioteca\/wp-json\/wp\/v2\/product_cat?post=3312"},{"taxonomy":"product_tag","embeddable":true,"href":"https:\/\/tavapy.gov.py\/biblioteca\/wp-json\/wp\/v2\/product_tag?post=3312"}],"curies":[{"name":"wp","href":"https:\/\/api.w.org\/{rel}","templated":true}]}}