{"id":3319,"date":"2022-03-26T22:23:58","date_gmt":"2022-03-26T22:23:58","guid":{"rendered":"https:\/\/tavapy.gov.py\/biblioteca\/?post_type=product&#038;p=3319"},"modified":"2022-04-01T20:50:07","modified_gmt":"2022-04-01T20:50:07","slug":"el-conde-de-montecristo","status":"publish","type":"product","link":"https:\/\/tavapy.gov.py\/biblioteca\/product\/el-conde-de-montecristo\/","title":{"rendered":"EL CONDE DE MONTECRISTO."},"content":{"rendered":"","protected":false},"excerpt":{"rendered":"<p>&nbsp;<\/p>\n<p>El conde de Montecristo es uno de los cl\u00e1sicos m\u00e1s populares de todos los tiempos. Desde su publicaci\u00f3n, en 1844, no ha dejado de seducir al gran p\u00fablico con la inolvidable historia de su protagonista.Edmond Dant\u00e9s es un joven marinero, honrado y c\u00e1ndido, que lleva una existencia tranquila. Quiere casarse con la hermosa Mercedes, pero su vida se ver\u00e1 arruinada cuando su mejor amigo, Ferdinand, deseoso de conquistar a su prometida, le traicione vilmente.<\/p>\n<p>Condenado a cumplir una condena que no merece en la siniestra prisi\u00f3n de castillo de If, Edmond vivir\u00e1 una larga pesadilla de trece a\u00f1os. Obsesionado por su inesperado destino, dejar\u00e1 de lado sus convicciones en torno al bien y el mal, y se dedicar\u00e1 a tramar la venganza perfecta.<\/p>\n<p>Historia transida de densidad moral, El conde de Montecristo es, hoy como ayer, una novela amena, iluminadora y fascinante en sus m\u00faltiples dimensiones.<\/p>\n<p>&nbsp;<\/p>\n<p><a href=\"https:\/\/tavapy.gov.py\/biblioteca\/wp-content\/uploads\/2022\/03\/Dumas-El-conde-de-Montecristo.pdf\" target=\"_blank\" rel=\"attachment noopener wp-att-3564\"><img loading=\"lazy\" decoding=\"async\" class=\"size-full wp-image-3564 alignleft\" src=\"https:\/\/tavapy.gov.py\/biblioteca\/wp-content\/uploads\/2022\/03\/icono-PDF-copia-5.png\" alt=\"\" width=\"121\" height=\"140\" \/><\/a><\/p>\n","protected":false},"featured_media":3317,"comment_status":"open","ping_status":"closed","template":"","meta":{"spay_email":""},"product_cat":[57],"product_tag":[],"class_list":{"0":"post-3319","1":"product","2":"type-product","3":"status-publish","4":"has-post-thumbnail","6":"book_author-alejandro-dumas","7":"product_cat-novela","8":"entry"},"_links":{"self":[{"href":"https:\/\/tavapy.gov.py\/biblioteca\/wp-json\/wp\/v2\/product\/3319","targetHints":{"allow":["GET"]}}],"collection":[{"href":"https:\/\/tavapy.gov.py\/biblioteca\/wp-json\/wp\/v2\/product"}],"about":[{"href":"https:\/\/tavapy.gov.py\/biblioteca\/wp-json\/wp\/v2\/types\/product"}],"replies":[{"embeddable":true,"href":"https:\/\/tavapy.gov.py\/biblioteca\/wp-json\/wp\/v2\/comments?post=3319"}],"wp:featuredmedia":[{"embeddable":true,"href":"https:\/\/tavapy.gov.py\/biblioteca\/wp-json\/wp\/v2\/media\/3317"}],"wp:attachment":[{"href":"https:\/\/tavapy.gov.py\/biblioteca\/wp-json\/wp\/v2\/media?parent=3319"}],"wp:term":[{"taxonomy":"product_cat","embeddable":true,"href":"https:\/\/tavapy.gov.py\/biblioteca\/wp-json\/wp\/v2\/product_cat?post=3319"},{"taxonomy":"product_tag","embeddable":true,"href":"https:\/\/tavapy.gov.py\/biblioteca\/wp-json\/wp\/v2\/product_tag?post=3319"}],"curies":[{"name":"wp","href":"https:\/\/api.w.org\/{rel}","templated":true}]}}