{"id":3355,"date":"2022-03-27T15:15:08","date_gmt":"2022-03-27T15:15:08","guid":{"rendered":"https:\/\/tavapy.gov.py\/biblioteca\/?post_type=product&#038;p=3355"},"modified":"2022-04-01T20:36:11","modified_gmt":"2022-04-01T20:36:11","slug":"los-sacramentos-de-la-vida-y-la-vida-de-los-sacramentos","status":"publish","type":"product","link":"https:\/\/tavapy.gov.py\/biblioteca\/product\/los-sacramentos-de-la-vida-y-la-vida-de-los-sacramentos\/","title":{"rendered":"LOS SACRAMENTOS DE LA VIDA Y LA VIDA DE LOS SACRAMENTOS."},"content":{"rendered":"","protected":false},"excerpt":{"rendered":"<p>&nbsp;<\/p>\n<p>S\u00f3lo podr\u00e1n entender este libro aquellos esp\u00edritus que, dentro del mundo cient\u00edfico-t\u00e9cnico de la modernidad, viven de otro esp\u00edritu, que les permite ver m\u00e1s all\u00e1 de cualquier paisaje y llegar m\u00e1s all\u00e1 de cualquier horizonte. Este esp\u00edritu vive hoy en el subsuelo de nuestra experiencia cultural. Es como un r\u00edo subterr\u00e1neo que alimenta las fuentes y, mediante \u00e9stas, los r\u00edos de superficie. No lo vemos; pero es lo m\u00e1s importante, porque humaniza las relaciones con ellas y detecta su significado oculto en ellas inscrito.El ser humano es capaz de leer el mensaje que el mundo lleva en s\u00ed mismo. Ese mensaje est\u00e1 escrito en todas las cosas que forman el mundo. Los antiguos y modernos semi\u00f3logos nos han hecho ver que las cosas, adem\u00e1s de ser tales, constituyen un sistema de signos. Son s\u00edlabas de un gran alfabeto. Y el alfabeto est\u00e1 al servicio de un mensaje inscrito en las cosas, mensaje que puede ser descrito y descifrado por quien tenga los ojos abiertos.<\/p>\n<p>Con este libro escrito en 1.975, el autor intenta despertar la dimensi\u00f3n sacramental de nuestra vida adormecida y profanada. Despiertos, podemos celebrar la presencia misteriosa y concreta de la gracia que habita en nuestro mundo. Dios ha estado all\u00ed siempre, antes que hubi\u00e9semos despertado. Ahora que estamos despiertos podemos ver c\u00f3mo el mundo es sacramento de Dios.<\/p>\n<p><a href=\"https:\/\/tavapy.gov.py\/biblioteca\/wp-content\/uploads\/2022\/03\/BoffL-Sacramentos-de-la-vida.pdf\" target=\"_blank\" rel=\"attachment noopener wp-att-3564\"><img loading=\"lazy\" decoding=\"async\" class=\"size-full wp-image-3564 alignleft\" src=\"https:\/\/tavapy.gov.py\/biblioteca\/wp-content\/uploads\/2022\/03\/icono-PDF-copia-5.png\" alt=\"\" width=\"121\" height=\"140\" \/><\/a><\/p>\n","protected":false},"featured_media":3356,"comment_status":"open","ping_status":"closed","template":"","meta":{"spay_email":""},"product_cat":[135],"product_tag":[],"class_list":{"0":"post-3355","1":"product","2":"type-product","3":"status-publish","4":"has-post-thumbnail","6":"book_author-leonardo-boff","7":"product_cat-teologia","8":"entry"},"_links":{"self":[{"href":"https:\/\/tavapy.gov.py\/biblioteca\/wp-json\/wp\/v2\/product\/3355","targetHints":{"allow":["GET"]}}],"collection":[{"href":"https:\/\/tavapy.gov.py\/biblioteca\/wp-json\/wp\/v2\/product"}],"about":[{"href":"https:\/\/tavapy.gov.py\/biblioteca\/wp-json\/wp\/v2\/types\/product"}],"replies":[{"embeddable":true,"href":"https:\/\/tavapy.gov.py\/biblioteca\/wp-json\/wp\/v2\/comments?post=3355"}],"wp:featuredmedia":[{"embeddable":true,"href":"https:\/\/tavapy.gov.py\/biblioteca\/wp-json\/wp\/v2\/media\/3356"}],"wp:attachment":[{"href":"https:\/\/tavapy.gov.py\/biblioteca\/wp-json\/wp\/v2\/media?parent=3355"}],"wp:term":[{"taxonomy":"product_cat","embeddable":true,"href":"https:\/\/tavapy.gov.py\/biblioteca\/wp-json\/wp\/v2\/product_cat?post=3355"},{"taxonomy":"product_tag","embeddable":true,"href":"https:\/\/tavapy.gov.py\/biblioteca\/wp-json\/wp\/v2\/product_tag?post=3355"}],"curies":[{"name":"wp","href":"https:\/\/api.w.org\/{rel}","templated":true}]}}