{"id":3360,"date":"2022-03-27T15:26:33","date_gmt":"2022-03-27T15:26:33","guid":{"rendered":"https:\/\/tavapy.gov.py\/biblioteca\/?post_type=product&#038;p=3360"},"modified":"2022-04-07T00:48:31","modified_gmt":"2022-04-07T00:48:31","slug":"yo-el-supremo","status":"publish","type":"product","link":"https:\/\/tavapy.gov.py\/biblioteca\/product\/yo-el-supremo\/","title":{"rendered":"YO EL SUPREMO."},"content":{"rendered":"","protected":false},"excerpt":{"rendered":"<p>En Yo el Supremo obra escrita en 1.974, Augusto Roa Bastos retrat\u00f3 con suma complejidad hist\u00f3rica y simb\u00f3lica el mundo irreal de Jos\u00e9 Gaspar Rodr\u00edguez de Francia, quien gobern\u00f3 con mano de hierro el Paraguay entre 1814 y 1840.<\/p>\n<p>\u00c9l es la figura tot\u00e9mica de la novela, un hombre dedicado a la redacci\u00f3n de un interminable documento p\u00fablico, la Circular Perpetua, y cuyo contrapunto encontramos en Pati\u00f1o, su no siempre fidedigno secretario.<\/p>\n<p>La relaci\u00f3n del Doctor Francia con aduladores, intrigantes, s\u00fabditos y gobiernos vecinos fructifica en un torrente oral y textual que aspira a instituirse como poder absoluto encarnado en el verbo \u00fanico. Con esta obra, publicada originalmente en 1974, quedaron superadas \u00adhasta la fecha\u00ad todas las convenciones del g\u00e9nero de la novela de dictador:<\/p>\n<p>Yo el Supremo es un cervantino monumento narrativo que versa sobre el poder y el individuo, la supremac\u00eda del discurso sobre la realidad, la historia americana, la psicolog\u00eda del tirano y, lo que es m\u00e1s, los l\u00edmites del lenguaje y la novela misma.<\/p>\n<p><a href=\"https:\/\/tavapy.gov.py\/biblioteca\/wp-content\/uploads\/2022\/03\/Roa-BastosA-Yo_el_Supremo.pdf\" target=\"_blank\" rel=\"attachment noopener wp-att-3564\"><img loading=\"lazy\" decoding=\"async\" class=\"size-full wp-image-3564 alignleft\" src=\"https:\/\/tavapy.gov.py\/biblioteca\/wp-content\/uploads\/2022\/03\/icono-PDF-copia-5.png\" alt=\"\" width=\"121\" height=\"140\" \/><\/a><\/p>\n","protected":false},"featured_media":3358,"comment_status":"open","ping_status":"closed","template":"","meta":{"spay_email":""},"product_cat":[296],"product_tag":[],"class_list":{"0":"post-3360","1":"product","2":"type-product","3":"status-publish","4":"has-post-thumbnail","6":"book_author-augusto-roa-bastos","7":"product_cat-novela-historica","8":"entry"},"_links":{"self":[{"href":"https:\/\/tavapy.gov.py\/biblioteca\/wp-json\/wp\/v2\/product\/3360","targetHints":{"allow":["GET"]}}],"collection":[{"href":"https:\/\/tavapy.gov.py\/biblioteca\/wp-json\/wp\/v2\/product"}],"about":[{"href":"https:\/\/tavapy.gov.py\/biblioteca\/wp-json\/wp\/v2\/types\/product"}],"replies":[{"embeddable":true,"href":"https:\/\/tavapy.gov.py\/biblioteca\/wp-json\/wp\/v2\/comments?post=3360"}],"wp:featuredmedia":[{"embeddable":true,"href":"https:\/\/tavapy.gov.py\/biblioteca\/wp-json\/wp\/v2\/media\/3358"}],"wp:attachment":[{"href":"https:\/\/tavapy.gov.py\/biblioteca\/wp-json\/wp\/v2\/media?parent=3360"}],"wp:term":[{"taxonomy":"product_cat","embeddable":true,"href":"https:\/\/tavapy.gov.py\/biblioteca\/wp-json\/wp\/v2\/product_cat?post=3360"},{"taxonomy":"product_tag","embeddable":true,"href":"https:\/\/tavapy.gov.py\/biblioteca\/wp-json\/wp\/v2\/product_tag?post=3360"}],"curies":[{"name":"wp","href":"https:\/\/api.w.org\/{rel}","templated":true}]}}