{"id":3366,"date":"2022-03-27T16:25:13","date_gmt":"2022-03-27T16:25:13","guid":{"rendered":"https:\/\/tavapy.gov.py\/biblioteca\/?post_type=product&#038;p=3366"},"modified":"2024-03-15T14:02:21","modified_gmt":"2024-03-15T14:02:21","slug":"en-busca-del-hueso-perdido-tratado-de-paraguayologia","status":"publish","type":"product","link":"https:\/\/tavapy.gov.py\/biblioteca\/product\/en-busca-del-hueso-perdido-tratado-de-paraguayologia\/","title":{"rendered":"EN BUSCA DEL HUESO PERDIDO (TRATADO DE PARAGUAYOLOG\u00cdA)."},"content":{"rendered":"","protected":false},"excerpt":{"rendered":"<p>Helio Vera fue uno de los mejores escritores que vio el Paraguay. Y conoc\u00eda como nadie a sus habitantes, al punto de escribir un ensayo simpatiqu\u00edsimo y acertado sobre nosotros, nuestras costumbres y malas costumbres, como nos vemos y nos tratamos.<\/p>\n<p>\u201cEn busca del hueso perdido\u201d, obra escrita en el a\u00f1o 2.003, \u00a0es el libro paraguayo m\u00e1s vendido de la historia en nuestro pa\u00eds, y eso obviamente es mucho viniendo de un pa\u00eds donde el h\u00e1bito de la lectura es muy escasa.<\/p>\n<p>Este tratado de paraguayolog\u00eda como lo subtitulaba Helio Vera es lectura obligada, no solo para conocernos mejor, para que los extranjeros nos conozcan sin pisar nuestro pa\u00eds, para disfrutar de una lectura liviana y amena y aprender a redactar, no solo un ensayo, cualquier cosa, porque Helio siempre se destac\u00f3 como escritor y periodista.<\/p>\n<p>El manejo brillante que tiene sobre el humor, la iron\u00eda y el sarcasmo es tan sutil y elegante que es imposible no desternillarse de la risa y reflexionar (al mismo tiempo).<\/p>\n<p><a href=\"https:\/\/tavapy.gov.py\/biblioteca\/wp-content\/uploads\/2022\/03\/Vera-H.-En-busca-del-hueso-perdido.pdf\" target=\"_blank\" rel=\"attachment noopener wp-att-3564\"><img loading=\"lazy\" decoding=\"async\" class=\"size-full wp-image-3564 alignleft\" src=\"https:\/\/tavapy.gov.py\/biblioteca\/wp-content\/uploads\/2022\/03\/icono-PDF-copia-5.png\" alt=\"\" width=\"121\" height=\"140\" \/><\/a><\/p>\n","protected":false},"featured_media":3364,"comment_status":"open","ping_status":"closed","template":"","meta":{"spay_email":""},"product_cat":[139],"product_tag":[],"class_list":{"0":"post-3366","1":"product","2":"type-product","3":"status-publish","4":"has-post-thumbnail","6":"book_author-helio-vera","7":"product_cat-sociedad-y-cultura","8":"entry"},"_links":{"self":[{"href":"https:\/\/tavapy.gov.py\/biblioteca\/wp-json\/wp\/v2\/product\/3366","targetHints":{"allow":["GET"]}}],"collection":[{"href":"https:\/\/tavapy.gov.py\/biblioteca\/wp-json\/wp\/v2\/product"}],"about":[{"href":"https:\/\/tavapy.gov.py\/biblioteca\/wp-json\/wp\/v2\/types\/product"}],"replies":[{"embeddable":true,"href":"https:\/\/tavapy.gov.py\/biblioteca\/wp-json\/wp\/v2\/comments?post=3366"}],"wp:featuredmedia":[{"embeddable":true,"href":"https:\/\/tavapy.gov.py\/biblioteca\/wp-json\/wp\/v2\/media\/3364"}],"wp:attachment":[{"href":"https:\/\/tavapy.gov.py\/biblioteca\/wp-json\/wp\/v2\/media?parent=3366"}],"wp:term":[{"taxonomy":"product_cat","embeddable":true,"href":"https:\/\/tavapy.gov.py\/biblioteca\/wp-json\/wp\/v2\/product_cat?post=3366"},{"taxonomy":"product_tag","embeddable":true,"href":"https:\/\/tavapy.gov.py\/biblioteca\/wp-json\/wp\/v2\/product_tag?post=3366"}],"curies":[{"name":"wp","href":"https:\/\/api.w.org\/{rel}","templated":true}]}}