{"id":3376,"date":"2022-03-27T17:41:58","date_gmt":"2022-03-27T17:41:58","guid":{"rendered":"https:\/\/tavapy.gov.py\/biblioteca\/?post_type=product&#038;p=3376"},"modified":"2022-04-01T20:18:09","modified_gmt":"2022-04-01T20:18:09","slug":"rayuela","status":"publish","type":"product","link":"https:\/\/tavapy.gov.py\/biblioteca\/product\/rayuela\/","title":{"rendered":"RAYUELA."},"content":{"rendered":"","protected":false},"excerpt":{"rendered":"<p>Rayuela, del escritor argentino Julio Cort\u00e1zar, es sin duda una de las obras maestras de la literatura hispanoamericana contempor\u00e1nea. No en vano su publicaci\u00f3n, en 1963, marc\u00f3 el punto de partida de lo que se conoce como el llamado boom latinoamericano.<\/p>\n<p>Calificada como antinovela, por su original estructura y su planteamiento surrealista, conviene tener presentes sus rasgos caracter\u00edsticos.<\/p>\n<p>Su protagonista es Horacio Oliveira, un intelectual nacido en la Argentina que trabaja como traductor. La trama de los distintos cap\u00edtulos gira en torno a la relaci\u00f3n que tiene con su amante Luc\u00eda, tambi\u00e9n conocida como \u201cLa Maga\u201d, que es de origen uruguayo y tiene un hijo que se llama Rocamadour.<\/p>\n<p>De igual modo, Oliveira participa en un grupo de intelectuales que fund\u00f3 bajo el nombre del Club de la Serpiente, donde se re\u00fanen a hablar del arte, la m\u00fasica jazz y el mundo cultural en general. Llama la atenci\u00f3n que el grupo admira a un escritor ficticio llamado Morelli.<\/p>\n<p><a href=\"https:\/\/tavapy.gov.py\/biblioteca\/wp-content\/uploads\/2022\/03\/CortazarJ-Rayuela.pdf\" target=\"_blank\" rel=\"attachment noopener wp-att-3564\"><img loading=\"lazy\" decoding=\"async\" class=\"size-full wp-image-3564 alignleft\" src=\"https:\/\/tavapy.gov.py\/biblioteca\/wp-content\/uploads\/2022\/03\/icono-PDF-copia-5.png\" alt=\"\" width=\"121\" height=\"140\" \/><\/a><\/p>\n","protected":false},"featured_media":3372,"comment_status":"open","ping_status":"closed","template":"","meta":{"spay_email":""},"product_cat":[57],"product_tag":[],"class_list":{"0":"post-3376","1":"product","2":"type-product","3":"status-publish","4":"has-post-thumbnail","6":"book_author-julio-cortazar","7":"product_cat-novela","8":"entry"},"_links":{"self":[{"href":"https:\/\/tavapy.gov.py\/biblioteca\/wp-json\/wp\/v2\/product\/3376","targetHints":{"allow":["GET"]}}],"collection":[{"href":"https:\/\/tavapy.gov.py\/biblioteca\/wp-json\/wp\/v2\/product"}],"about":[{"href":"https:\/\/tavapy.gov.py\/biblioteca\/wp-json\/wp\/v2\/types\/product"}],"replies":[{"embeddable":true,"href":"https:\/\/tavapy.gov.py\/biblioteca\/wp-json\/wp\/v2\/comments?post=3376"}],"wp:featuredmedia":[{"embeddable":true,"href":"https:\/\/tavapy.gov.py\/biblioteca\/wp-json\/wp\/v2\/media\/3372"}],"wp:attachment":[{"href":"https:\/\/tavapy.gov.py\/biblioteca\/wp-json\/wp\/v2\/media?parent=3376"}],"wp:term":[{"taxonomy":"product_cat","embeddable":true,"href":"https:\/\/tavapy.gov.py\/biblioteca\/wp-json\/wp\/v2\/product_cat?post=3376"},{"taxonomy":"product_tag","embeddable":true,"href":"https:\/\/tavapy.gov.py\/biblioteca\/wp-json\/wp\/v2\/product_tag?post=3376"}],"curies":[{"name":"wp","href":"https:\/\/api.w.org\/{rel}","templated":true}]}}